{"id":58881,"date":"2022-04-20T11:20:18","date_gmt":"2022-04-20T09:20:18","guid":{"rendered":"https:\/\/en.renad.sk\/?page_id=58881"},"modified":"2022-06-27T07:18:49","modified_gmt":"2022-06-27T05:18:49","slug":"manufacturing-of-bearings","status":"publish","type":"page","link":"https:\/\/www.zvlslovakia.com\/de\/technische-daten\/lagerproduktion\/","title":{"rendered":"Lagerproduktion"},"content":{"rendered":"<section class=\"wpb-content-wrapper\"><p>[vc_row][vc_column][vc_column_text]<\/p>\n<h3>Lagerproduktion<\/h3>\n<p><strong>Die Lagerproduktion wird im Einklang mit den zust\u00e4ndigen Staats- und internationalen Abmessung- und Materialnormen, internen Vorschriften der Gesellschaft und Normen durchgef\u00fchrt und gesichert, die das Qualit\u00e4tsmanagementsystem nach STN ISO 9001 sichern. Das Erh\u00f6hen der dynamischen Tragf\u00e4higkeit der Lager durch die Verbesserung der Eigenschaften der Halberzeugnisse ist der entscheidende Faktor f\u00fcr die Lebensdauer des zuk\u00fcnftigen Lagers.<\/strong>[\/vc_column_text][\/vc_column][\/vc_row][vc_row][vc_column][vc_empty_space height=&#8220;25px&#8220;][\/vc_column][\/vc_row][vc_row][vc_column width=&#8220;1\/2&#8243;][vc_single_image image=&#8220;58891&#8243; img_size=&#8220;full&#8220; alignment=&#8220;center&#8220; style=&#8220;vc_box_border&#8220;][\/vc_column][vc_column width=&#8220;1\/2&#8243;][vc_single_image image=&#8220;58893&#8243; img_size=&#8220;full&#8220; alignment=&#8220;center&#8220; style=&#8220;vc_box_border&#8220;][\/vc_column][\/vc_row][vc_row][vc_column][vc_empty_space height=&#8220;25px&#8220;][\/vc_column][\/vc_row][vc_row][vc_column][vc_column_text]<strong>ZVL SLOVAKIA, a.s.<\/strong> verf\u00fcgt \u00fcber dem breiten Produktions- und technischen Know-How und sichert und gew\u00e4hrleistet im Produktionsprozess die Benutzung der modernen Technologien f\u00fcr die Wirtschaftlichkeit und Genauigkeit der Produktion. Im Zusammenhang mit der Lagerproduktion werden die technologischen Prozesse durchgef\u00fchrt, die wesentlich die Lebensdauer und Tragf\u00e4higkeit der W\u00e4lzlager beeinflussen \u2013 Verformung, Zerspanung, Warmbehandlung, Waschen, Montage und Fertigung.[\/vc_column_text][\/vc_column][\/vc_row][vc_row][vc_column][vc_empty_space height=&#8220;25px&#8220;][\/vc_column][\/vc_row][vc_row][vc_column width=&#8220;1\/2&#8243;][vc_column_text]\n<table id=\"tablepress-7\" class=\"tablepress tablepress-id-7\">\n<thead>\n<tr class=\"row-1\">\n\t<th class=\"column-1\">Material der Lagerringe<\/th>\n<\/tr>\n<\/thead>\n<tbody class=\"row-striping\">\n<tr class=\"row-2\">\n\t<td class=\"column-1\">Durchh\u00e4rtbarer Chromstahl (100Cr6)<\/td>\n<\/tr>\n<tr class=\"row-3\">\n\t<td class=\"column-1\">Durchh\u00e4rtbarer Chrom-Manganstahl (100CrMnSi6-4)<\/td>\n<\/tr>\n<tr class=\"row-4\">\n\t<td class=\"column-1\">Zementierte, induktionsgeh\u00e4rtete St\u00e4hle<br \/>\n(gem\u00e4\u00df Kundenanforderungen)<\/td>\n<\/tr>\n<\/tbody>\n<\/table>\n<!-- #tablepress-7 from cache -->[\/vc_column_text][\/vc_column][vc_column width=&#8220;1\/2&#8243;][vc_column_text]\n<table id=\"tablepress-8\" class=\"tablepress tablepress-id-8\">\n<thead>\n<tr class=\"row-1\">\n\t<th class=\"column-1\">Material der W\u00e4lzk\u00f6rper<\/th>\n<\/tr>\n<\/thead>\n<tbody class=\"row-striping\">\n<tr class=\"row-2\">\n\t<td class=\"column-1\">Durchh\u00e4rtbarer Chromstahl (100Cr6)<\/td>\n<\/tr>\n<tr class=\"row-3\">\n\t<td class=\"column-1\">Durchh\u00e4rtbarer Chrom-Manganstahl (100CrMnSi6-4)<\/td>\n<\/tr>\n<\/tbody>\n<\/table>\n<!-- #tablepress-8 from cache -->[\/vc_column_text][\/vc_column][\/vc_row][vc_row][vc_column][vc_empty_space height=&#8220;25px&#8220;][\/vc_column][\/vc_row][vc_row][vc_column][vc_column_text]\n<table id=\"tablepress-9\" class=\"tablepress tablepress-id-9\">\n<thead>\n<tr class=\"row-1\">\n\t<th colspan=\"2\" class=\"column-1\">Material der Lagerk\u00e4fige<\/th>\n<\/tr>\n<\/thead>\n<tbody class=\"row-striping\">\n<tr class=\"row-2\">\n\t<td class=\"column-1\">Blech<\/td><td class=\"column-2\">Tiefziehblech (St4) \u2013 ohne Markierung, Suffix J<\/td>\n<\/tr>\n<tr class=\"row-3\">\n\t<td class=\"column-1\">Messing<\/td><td class=\"column-2\">Markierung M<\/td>\n<\/tr>\n<tr class=\"row-4\">\n\t<td class=\"column-1\">Kunststoff<\/td><td class=\"column-2\">Polyamid PA6.6, mit Glasfasergehalt \u2013 Markierung TNG, TNGH<\/td>\n<\/tr>\n<tr class=\"row-5\">\n\t<td class=\"column-1\">Textit<\/td><td class=\"column-2\">Hartgewebe \u2013 Markierung T<\/td>\n<\/tr>\n<\/tbody>\n<\/table>\n<!-- #tablepress-9 from cache -->[\/vc_column_text][\/vc_column][\/vc_row][vc_row][vc_column][vc_empty_space height=&#8220;25px&#8220;][\/vc_column][\/vc_row][vc_row][vc_column width=&#8220;1\/2&#8243;][vc_single_image image=&#8220;58890&#8243; img_size=&#8220;full&#8220; alignment=&#8220;center&#8220; style=&#8220;vc_box_border&#8220;][\/vc_column][vc_column width=&#8220;1\/2&#8243;][vc_single_image image=&#8220;58894&#8243; img_size=&#8220;full&#8220; alignment=&#8220;center&#8220; style=&#8220;vc_box_border&#8220;][\/vc_column][\/vc_row][vc_row][vc_column][vc_empty_space height=&#8220;25px&#8220;][\/vc_column][\/vc_row][vc_row][vc_column][vc_column_text]<strong>Die Stabilit\u00e4t und Zuverl\u00e4ssigkeit beweisen wir durch die Anwesenheit der ZVL-Produkte auf dem Weltmarkt mittels eines aufgebauten starken Distributionsnetzes und damit sichern wir eine st\u00e4ndige Verbindung mit unseren Gesch\u00e4ftspartnern. Unser Hauptziel ist, mittels des breiten Produktportfolios der Standard- und Speziallager die anspruchsvollsten Anforderungen unserer Kunden in verschieden Industriebereichen zu erf\u00fcllen.<\/strong>[\/vc_column_text][\/vc_column][\/vc_row][vc_row][vc_column][vc_empty_space height=&#8220;25px&#8220;][\/vc_column][\/vc_row][vc_row][vc_column width=&#8220;1\/2&#8243;][vc_single_image image=&#8220;58895&#8243; img_size=&#8220;full&#8220; alignment=&#8220;center&#8220; style=&#8220;vc_box_border&#8220;][\/vc_column][vc_column width=&#8220;1\/2&#8243;][vc_single_image image=&#8220;58892&#8243; img_size=&#8220;full&#8220; alignment=&#8220;center&#8220; style=&#8220;vc_box_border&#8220;][\/vc_column][\/vc_row]<\/p>\n<\/section>","protected":false},"excerpt":{"rendered":"<p>[vc_row][vc_column][vc_column_text] Lagerproduktion Die Lagerproduktion wird im Einklang mit den zust\u00e4ndigen Staats- und internationalen Abmessung- und Materialnormen, internen Vorschriften der Gesellschaft und Normen durchgef\u00fchrt und gesichert, die das Qualit\u00e4tsmanagementsystem nach STN ISO 9001 sichern. Das Erh\u00f6hen der dynamischen Tragf\u00e4higkeit der Lager durch die Verbesserung der Eigenschaften der Halberzeugnisse ist der entscheidende Faktor f\u00fcr die Lebensdauer des&hellip;<\/p>\n","protected":false},"author":1,"featured_media":0,"parent":57491,"menu_order":0,"comment_status":"closed","ping_status":"closed","template":"","meta":{"om_disable_all_campaigns":false,"_uf_show_specific_survey":0,"_uf_disable_surveys":false,"footnotes":"","_links_to":"","_links_to_target":""},"class_list":["post-58881","page","type-page","status-publish","hentry","description-off"],"aioseo_notices":[],"yoast_head":"<!-- This site is optimized with the Yoast SEO Premium plugin v18.3 (Yoast SEO v27.4) - https:\/\/yoast.com\/product\/yoast-seo-premium-wordpress\/ -->\n<title>Lagerproduktion | ZVL SLOVAKIA<\/title>\n<meta name=\"description\" content=\"Manufacturing of bearings Manufacturing of bearings is assured and ensured according to the related national and international dimensional and material\" \/>\n<meta name=\"robots\" content=\"index, follow, max-snippet:-1, max-image-preview:large, max-video-preview:-1\" \/>\n<link rel=\"canonical\" href=\"https:\/\/www.zvlslovakia.com\/de\/technical-specifications\/manufacturing-of-bearings\/\" \/>\n<meta property=\"og:locale\" content=\"de_DE\" \/>\n<meta property=\"og:type\" content=\"article\" \/>\n<meta property=\"og:title\" content=\"Lagerproduktion\" \/>\n<meta property=\"og:description\" content=\"Manufacturing of bearings Manufacturing of bearings is assured and ensured according to the related national and international dimensional and material\" \/>\n<meta property=\"og:url\" content=\"https:\/\/www.zvlslovakia.com\/de\/technical-specifications\/manufacturing-of-bearings\/\" \/>\n<meta property=\"og:site_name\" content=\"ZVL SLOVAKIA\" \/>\n<meta property=\"article:modified_time\" content=\"2022-06-27T05:18:49+00:00\" \/>\n<meta name=\"twitter:card\" content=\"summary_large_image\" \/>\n<meta name=\"twitter:label1\" content=\"Gesch\u00e4tzte Lesezeit\" \/>\n\t<meta name=\"twitter:data1\" content=\"2\u00a0Minuten\" \/>\n<script type=\"application\/ld+json\" class=\"yoast-schema-graph\">{\"@context\":\"https:\\\/\\\/schema.org\",\"@graph\":[{\"@type\":\"WebPage\",\"@id\":\"https:\\\/\\\/www.zvlslovakia.com\\\/de\\\/technical-specifications\\\/manufacturing-of-bearings\\\/\",\"url\":\"https:\\\/\\\/www.zvlslovakia.com\\\/de\\\/technical-specifications\\\/manufacturing-of-bearings\\\/\",\"name\":\"Lagerproduktion | ZVL SLOVAKIA\",\"isPartOf\":{\"@id\":\"https:\\\/\\\/www.zvlslovakia.com\\\/de\\\/#website\"},\"datePublished\":\"2022-04-20T09:20:18+00:00\",\"dateModified\":\"2022-06-27T05:18:49+00:00\",\"description\":\"Manufacturing of bearings Manufacturing of bearings is assured and ensured according to the related national and international dimensional and material\",\"breadcrumb\":{\"@id\":\"https:\\\/\\\/www.zvlslovakia.com\\\/de\\\/technical-specifications\\\/manufacturing-of-bearings\\\/#breadcrumb\"},\"inLanguage\":\"de\",\"potentialAction\":[{\"@type\":\"ReadAction\",\"target\":[[\"https:\\\/\\\/www.zvlslovakia.com\\\/de\\\/technical-specifications\\\/manufacturing-of-bearings\\\/\"]]}]},{\"@type\":\"BreadcrumbList\",\"@id\":\"https:\\\/\\\/www.zvlslovakia.com\\\/de\\\/technical-specifications\\\/manufacturing-of-bearings\\\/#breadcrumb\",\"itemListElement\":[{\"@type\":\"ListItem\",\"position\":1,\"name\":\"Home\",\"item\":\"https:\\\/\\\/www.zvlslovakia.com\\\/de\\\/\"},{\"@type\":\"ListItem\",\"position\":2,\"name\":\"Technical specifications\",\"item\":\"https:\\\/\\\/www.zvlslovakia.com\\\/de\\\/technical-specifications\\\/\"},{\"@type\":\"ListItem\",\"position\":3,\"name\":\"Manufacturing of bearings\"}]},{\"@type\":\"WebSite\",\"@id\":\"https:\\\/\\\/www.zvlslovakia.com\\\/de\\\/#website\",\"url\":\"https:\\\/\\\/www.zvlslovakia.com\\\/de\\\/\",\"name\":\"ZVL SLOVAKIA\",\"description\":\"Manufacturing and sale of bearings\",\"publisher\":{\"@id\":\"https:\\\/\\\/www.zvlslovakia.com\\\/de\\\/#organization\"},\"potentialAction\":[{\"@type\":\"SearchAction\",\"target\":{\"@type\":\"EntryPoint\",\"urlTemplate\":\"https:\\\/\\\/www.zvlslovakia.com\\\/de\\\/?s={search_term_string}\"},\"query-input\":{\"@type\":\"PropertyValueSpecification\",\"valueRequired\":true,\"valueName\":\"search_term_string\"}}],\"inLanguage\":\"de\"},{\"@type\":\"Organization\",\"@id\":\"https:\\\/\\\/www.zvlslovakia.com\\\/de\\\/#organization\",\"name\":\"ZVLSLOVAKIA, a.s.\",\"url\":\"https:\\\/\\\/www.zvlslovakia.com\\\/de\\\/\",\"logo\":{\"@type\":\"ImageObject\",\"inLanguage\":\"de\",\"@id\":\"https:\\\/\\\/www.zvlslovakia.com\\\/de\\\/#\\\/schema\\\/logo\\\/image\\\/\",\"url\":\"https:\\\/\\\/www.zvlslovakia.com\\\/wp-content\\\/uploads\\\/2021\\\/10\\\/ZVL-logo-2021-normal.png\",\"contentUrl\":\"https:\\\/\\\/www.zvlslovakia.com\\\/wp-content\\\/uploads\\\/2021\\\/10\\\/ZVL-logo-2021-normal.png\",\"width\":250,\"height\":70,\"caption\":\"ZVLSLOVAKIA, a.s.\"},\"image\":{\"@id\":\"https:\\\/\\\/www.zvlslovakia.com\\\/de\\\/#\\\/schema\\\/logo\\\/image\\\/\"}}]}<\/script>\n<!-- \/ Yoast SEO Premium plugin. -->","yoast_head_json":{"title":"Lagerproduktion | ZVL SLOVAKIA","description":"Manufacturing of bearings Manufacturing of bearings is assured and ensured according to the related national and international dimensional and material","robots":{"index":"index","follow":"follow","max-snippet":"max-snippet:-1","max-image-preview":"max-image-preview:large","max-video-preview":"max-video-preview:-1"},"canonical":"https:\/\/www.zvlslovakia.com\/de\/technical-specifications\/manufacturing-of-bearings\/","og_locale":"de_DE","og_type":"article","og_title":"Lagerproduktion","og_description":"Manufacturing of bearings Manufacturing of bearings is assured and ensured according to the related national and international dimensional and material","og_url":"https:\/\/www.zvlslovakia.com\/de\/technical-specifications\/manufacturing-of-bearings\/","og_site_name":"ZVL SLOVAKIA","article_modified_time":"2022-06-27T05:18:49+00:00","twitter_card":"summary_large_image","twitter_misc":{"Gesch\u00e4tzte Lesezeit":"2\u00a0Minuten"},"schema":{"@context":"https:\/\/schema.org","@graph":[{"@type":"WebPage","@id":"https:\/\/www.zvlslovakia.com\/de\/technical-specifications\/manufacturing-of-bearings\/","url":"https:\/\/www.zvlslovakia.com\/de\/technical-specifications\/manufacturing-of-bearings\/","name":"Lagerproduktion | ZVL SLOVAKIA","isPartOf":{"@id":"https:\/\/www.zvlslovakia.com\/de\/#website"},"datePublished":"2022-04-20T09:20:18+00:00","dateModified":"2022-06-27T05:18:49+00:00","description":"Manufacturing of bearings Manufacturing of bearings is assured and ensured according to the related national and international dimensional and material","breadcrumb":{"@id":"https:\/\/www.zvlslovakia.com\/de\/technical-specifications\/manufacturing-of-bearings\/#breadcrumb"},"inLanguage":"de","potentialAction":[{"@type":"ReadAction","target":[["https:\/\/www.zvlslovakia.com\/de\/technical-specifications\/manufacturing-of-bearings\/"]]}]},{"@type":"BreadcrumbList","@id":"https:\/\/www.zvlslovakia.com\/de\/technical-specifications\/manufacturing-of-bearings\/#breadcrumb","itemListElement":[{"@type":"ListItem","position":1,"name":"Home","item":"https:\/\/www.zvlslovakia.com\/de\/"},{"@type":"ListItem","position":2,"name":"Technical specifications","item":"https:\/\/www.zvlslovakia.com\/de\/technical-specifications\/"},{"@type":"ListItem","position":3,"name":"Manufacturing of bearings"}]},{"@type":"WebSite","@id":"https:\/\/www.zvlslovakia.com\/de\/#website","url":"https:\/\/www.zvlslovakia.com\/de\/","name":"ZVL SLOVAKIA","description":"Manufacturing and sale of bearings","publisher":{"@id":"https:\/\/www.zvlslovakia.com\/de\/#organization"},"potentialAction":[{"@type":"SearchAction","target":{"@type":"EntryPoint","urlTemplate":"https:\/\/www.zvlslovakia.com\/de\/?s={search_term_string}"},"query-input":{"@type":"PropertyValueSpecification","valueRequired":true,"valueName":"search_term_string"}}],"inLanguage":"de"},{"@type":"Organization","@id":"https:\/\/www.zvlslovakia.com\/de\/#organization","name":"ZVLSLOVAKIA, a.s.","url":"https:\/\/www.zvlslovakia.com\/de\/","logo":{"@type":"ImageObject","inLanguage":"de","@id":"https:\/\/www.zvlslovakia.com\/de\/#\/schema\/logo\/image\/","url":"https:\/\/www.zvlslovakia.com\/wp-content\/uploads\/2021\/10\/ZVL-logo-2021-normal.png","contentUrl":"https:\/\/www.zvlslovakia.com\/wp-content\/uploads\/2021\/10\/ZVL-logo-2021-normal.png","width":250,"height":70,"caption":"ZVLSLOVAKIA, a.s."},"image":{"@id":"https:\/\/www.zvlslovakia.com\/de\/#\/schema\/logo\/image\/"}}]}},"_links":{"self":[{"href":"https:\/\/www.zvlslovakia.com\/de\/wp-json\/wp\/v2\/pages\/58881","targetHints":{"allow":["GET"]}}],"collection":[{"href":"https:\/\/www.zvlslovakia.com\/de\/wp-json\/wp\/v2\/pages"}],"about":[{"href":"https:\/\/www.zvlslovakia.com\/de\/wp-json\/wp\/v2\/types\/page"}],"author":[{"embeddable":true,"href":"https:\/\/www.zvlslovakia.com\/de\/wp-json\/wp\/v2\/users\/1"}],"replies":[{"embeddable":true,"href":"https:\/\/www.zvlslovakia.com\/de\/wp-json\/wp\/v2\/comments?post=58881"}],"version-history":[{"count":14,"href":"https:\/\/www.zvlslovakia.com\/de\/wp-json\/wp\/v2\/pages\/58881\/revisions"}],"predecessor-version":[{"id":59374,"href":"https:\/\/www.zvlslovakia.com\/de\/wp-json\/wp\/v2\/pages\/58881\/revisions\/59374"}],"up":[{"embeddable":true,"href":"https:\/\/www.zvlslovakia.com\/de\/wp-json\/wp\/v2\/pages\/57491"}],"wp:attachment":[{"href":"https:\/\/www.zvlslovakia.com\/de\/wp-json\/wp\/v2\/media?parent=58881"}],"curies":[{"name":"wp","href":"https:\/\/api.w.org\/{rel}","templated":true}]}}