{"id":58570,"date":"2022-03-31T10:36:59","date_gmt":"2022-03-31T08:36:59","guid":{"rendered":"https:\/\/en.renad.sk\/?page_id=58570"},"modified":"2022-06-24T15:24:05","modified_gmt":"2022-06-24T13:24:05","slug":"history","status":"publish","type":"page","link":"https:\/\/www.zvlslovakia.com\/es\/compania\/historia\/","title":{"rendered":"Historia"},"content":{"rendered":"<section class=\"wpb-content-wrapper\"><p>[vc_row][vc_column width=\u00bb1\/2&#8243;][vc_single_image image=\u00bb59147&#8243; img_size=\u00bbfull\u00bb alignment=\u00bbcenter\u00bb style=\u00bbvc_box_border\u00bb][\/vc_column][vc_column width=\u00bb1\/2&#8243;][vc_single_image image=\u00bb59146&#8243; img_size=\u00bbfull\u00bb alignment=\u00bbcenter\u00bb style=\u00bbvc_box_border\u00bb][\/vc_column][\/vc_row][vc_row][vc_column][vc_empty_space height=\u00bb20px\u00bb][\/vc_column][\/vc_row][vc_row][vc_column][vc_column_text]<\/p>\n<h3>50 a\u00f1os de tradici\u00f3n en la producci\u00f3n de rodamientos<\/h3>\n<p><strong>La historia de nuestra empresa est\u00e1 relacionada con fundaci\u00f3n del grupo ZVL en el a\u00f1o 1965. El hito m\u00e1s importante en la historia de la empresa fue el a\u00f1o 1968.<\/strong> En ese a\u00f1o fue iniciada la fabricaci\u00f3n de los rodamientos de bolas y la empresa fue integrada en el grupo ZVL con la sede en Pova\u017esk\u00e1 Bystrica. El principal objetivo del grupo ZVL era unificar las f\u00e1bricas que produc\u00edan rodamientos en un solo grupo con m\u00e1s de 30.000 empleados, que hab\u00eda tenido construida una amplia base R&amp;D, conectada con la producci\u00f3n. Desde el momento de su establecimiento, la empresa pas\u00f3 por un desarrollo hist\u00f3rico complejo y una serie de cambios din\u00e1micos conectados con el proceso de producci\u00f3n y propiedad. Desde el a\u00f1o 2007 act\u00faa bajo el nombre comercial ZVL SLOVAKIA, a.s. y contin\u00faa con su orientaci\u00f3n interna y su pro-exportaci\u00f3n con el fin de desarrollar con \u00e9xito las tendencias actuales en el \u00e1mbito de las actividades comerciales. Actualmente, la empresa no es s\u00f3lo el portador de la tradici\u00f3n larga en la industria mec\u00e1nica eslovaca, sino tambi\u00e9n es un importante proveedor mundial de un amplio surtido de rodamientos.[\/vc_column_text][\/vc_column][\/vc_row][vc_row][vc_column][vc_empty_space height=\u00bb20px\u00bb][\/vc_column][\/vc_row][vc_row][vc_column width=\u00bb1\/2&#8243;][vc_single_image image=\u00bb59145&#8243; img_size=\u00bbfull\u00bb alignment=\u00bbcenter\u00bb style=\u00bbvc_box_border\u00bb][\/vc_column][vc_column width=\u00bb1\/2&#8243;][vc_single_image image=\u00bb59148&#8243; img_size=\u00bbfull\u00bb alignment=\u00bbcenter\u00bb style=\u00bbvc_box_border\u00bb][\/vc_column][\/vc_row][vc_row][vc_column][vc_empty_space height=\u00bb30px\u00bb][\/vc_column][\/vc_row][vc_row][vc_column width=\u00bb1\/2&#8243;][vc_column_text]<\/p>\n<h4>Hitos hist\u00f3ricos de la empresa ZVL SLOVAKIA<\/h4>\n<p>[\/vc_column_text][vc_empty_space height=\u00bb15px\u00bb]<div class=\"standard-arrow bullet-top\"><ul>\n<li><strong>1965<\/strong> \u2013 Fundaci\u00f3n del grupo ZVL en Pova\u017esk\u00e1 Bystrica<\/li>\n<li><strong>1968<\/strong> \u2013 Integraci\u00f3n de la empresa ZVL \u017dilina en el grupo ZVL \/ Registro de la marca comercial ZVL<\/li>\n<li><strong>A\u00f1os \u00b490<\/strong>\u00a0\u2013 La desintegraci\u00f3n del grupo\n<ul>\n<li>Las marcas ZVL, ZKL llegaron a ser marcas rivales independientes con diferentes propietarios<\/li>\n<li>Divisi\u00f3n de Checoslovaquia<\/li>\n<li>Cambio de propiedad \u2013 la transmici\u00f3n de la propiedad de estado a la privada<\/li>\n<\/ul>\n<\/li>\n<li><strong>2001 \u2013 2008<\/strong>\u00a0\u2013 Impacto de OMNIA Group<\/li>\n<li><strong>2008<\/strong>\u00a0\u2013 Cambio del propietario de la empresa<\/li>\n<\/ul>\n<\/div>[\/vc_column][vc_column width=\u00bb1\/2&#8243;][vc_column_text]<\/p>\n<h4>Hitos hist\u00f3ricos de la producci\u00f3n de rodamientos ZVL<\/h4>\n<p>[\/vc_column_text][vc_empty_space height=\u00bb15px\u00bb]<div class=\"standard-arrow bullet-top\"><ul>\n<li><strong>1966<\/strong> \u2013 Establecimiento de la planta ZVL<\/li>\n<li><strong>1968<\/strong>\u00a0\u2013 Inicio de la producci\u00f3n de rodamientos de bolas<\/li>\n<li><strong>1974<\/strong> \u2013 Inicio de la producci\u00f3n de rodamientos de rodillos de forma de tonel<\/li>\n<li><strong>1976<\/strong> \u2013 Inicio de la producci\u00f3n de rodamientos de embrague<\/li>\n<li><strong>1994<\/strong> \u2013 Inicio de la producci\u00f3n de rodamientos de r\u00f3tulas<\/li>\n<li><strong>2004<\/strong> \u2013 Ampliaci\u00f3n del surtido: rodamientos de rodillos y rodamientos axiales<\/li>\n<li><strong>2005<\/strong>\u00a0\u2013 Ampliaci\u00f3n del surtido: rodamientos de aguja y pedestales de rodamientos<\/li>\n<\/ul>\n<\/div>[\/vc_column][\/vc_row][vc_row][vc_column][vc_empty_space height=\u00bb20px\u00bb][\/vc_column][\/vc_row][vc_row][vc_column width=\u00bb1\/2&#8243;][vc_single_image image=\u00bb58574&#8243; img_size=\u00bbfull\u00bb alignment=\u00bbcenter\u00bb style=\u00bbvc_box_border\u00bb][\/vc_column][vc_column width=\u00bb1\/2&#8243;][vc_single_image image=\u00bb58575&#8243; img_size=\u00bbfull\u00bb alignment=\u00bbcenter\u00bb style=\u00bbvc_box_border\u00bb][\/vc_column][\/vc_row][vc_row][vc_column][vc_empty_space height=\u00bb20px\u00bb][\/vc_column][\/vc_row][vc_row][vc_column width=\u00bb1\/2&#8243;][vc_single_image image=\u00bb58572&#8243; img_size=\u00bbfull\u00bb alignment=\u00bbcenter\u00bb style=\u00bbvc_box_border\u00bb][\/vc_column][vc_column width=\u00bb1\/2&#8243;][vc_single_image image=\u00bb58573&#8243; img_size=\u00bbfull\u00bb alignment=\u00bbcenter\u00bb style=\u00bbvc_box_border\u00bb][\/vc_column][\/vc_row]<\/p>\n<\/section>","protected":false},"excerpt":{"rendered":"<p>[vc_row][vc_column width=\u00bb1\/2&#8243;][vc_single_image image=\u00bb59147&#8243; img_size=\u00bbfull\u00bb alignment=\u00bbcenter\u00bb style=\u00bbvc_box_border\u00bb][\/vc_column][vc_column width=\u00bb1\/2&#8243;][vc_single_image image=\u00bb59146&#8243; img_size=\u00bbfull\u00bb alignment=\u00bbcenter\u00bb style=\u00bbvc_box_border\u00bb][\/vc_column][\/vc_row][vc_row][vc_column][vc_empty_space height=\u00bb20px\u00bb][\/vc_column][\/vc_row][vc_row][vc_column][vc_column_text] 50 a\u00f1os de tradici\u00f3n en la producci\u00f3n de rodamientos La historia de nuestra empresa est\u00e1 relacionada con fundaci\u00f3n del grupo ZVL en el a\u00f1o 1965. El hito m\u00e1s importante en la historia de la empresa fue el a\u00f1o 1968. En ese a\u00f1o fue&hellip;<\/p>\n","protected":false},"author":1,"featured_media":0,"parent":58654,"menu_order":0,"comment_status":"closed","ping_status":"closed","template":"","meta":{"om_disable_all_campaigns":false,"_uf_show_specific_survey":0,"_uf_disable_surveys":false,"footnotes":"","_links_to":"","_links_to_target":""},"class_list":["post-58570","page","type-page","status-publish","hentry","description-off"],"aioseo_notices":[],"yoast_head":"<!-- This site is optimized with the Yoast SEO Premium plugin v18.3 (Yoast SEO v27.4) - https:\/\/yoast.com\/product\/yoast-seo-premium-wordpress\/ -->\n<title>Historia | ZVL SLOVAKIA<\/title>\n<meta name=\"description\" content=\"50 year tradition in bearing manufacturing History of our company is linked with the establishment of ZVL Concern in 1923. The most important milestone in\" \/>\n<meta name=\"robots\" content=\"index, follow, max-snippet:-1, max-image-preview:large, max-video-preview:-1\" \/>\n<link rel=\"canonical\" href=\"https:\/\/www.zvlslovakia.com\/es\/company\/history\/\" \/>\n<meta property=\"og:locale\" content=\"es_ES\" \/>\n<meta property=\"og:type\" content=\"article\" \/>\n<meta property=\"og:title\" content=\"Historia\" \/>\n<meta property=\"og:description\" content=\"50 year tradition in bearing manufacturing History of our company is linked with the establishment of ZVL Concern in 1923. The most important milestone in\" \/>\n<meta property=\"og:url\" content=\"https:\/\/www.zvlslovakia.com\/es\/company\/history\/\" \/>\n<meta property=\"og:site_name\" content=\"ZVL SLOVAKIA\" \/>\n<meta property=\"article:modified_time\" content=\"2022-06-24T13:24:05+00:00\" \/>\n<meta name=\"twitter:card\" content=\"summary_large_image\" \/>\n<meta name=\"twitter:label1\" content=\"Tiempo de lectura\" \/>\n\t<meta name=\"twitter:data1\" content=\"2 minutos\" \/>\n<script type=\"application\/ld+json\" class=\"yoast-schema-graph\">{\"@context\":\"https:\\\/\\\/schema.org\",\"@graph\":[{\"@type\":\"WebPage\",\"@id\":\"https:\\\/\\\/www.zvlslovakia.com\\\/es\\\/company\\\/history\\\/\",\"url\":\"https:\\\/\\\/www.zvlslovakia.com\\\/es\\\/company\\\/history\\\/\",\"name\":\"Historia | ZVL SLOVAKIA\",\"isPartOf\":{\"@id\":\"https:\\\/\\\/www.zvlslovakia.com\\\/es\\\/#website\"},\"datePublished\":\"2022-03-31T08:36:59+00:00\",\"dateModified\":\"2022-06-24T13:24:05+00:00\",\"description\":\"50 year tradition in bearing manufacturing History of our company is linked with the establishment of ZVL Concern in 1923. The most important milestone in\",\"breadcrumb\":{\"@id\":\"https:\\\/\\\/www.zvlslovakia.com\\\/es\\\/company\\\/history\\\/#breadcrumb\"},\"inLanguage\":\"es\",\"potentialAction\":[{\"@type\":\"ReadAction\",\"target\":[[\"https:\\\/\\\/www.zvlslovakia.com\\\/es\\\/company\\\/history\\\/\"]]}]},{\"@type\":\"BreadcrumbList\",\"@id\":\"https:\\\/\\\/www.zvlslovakia.com\\\/es\\\/company\\\/history\\\/#breadcrumb\",\"itemListElement\":[{\"@type\":\"ListItem\",\"position\":1,\"name\":\"Home\",\"item\":\"https:\\\/\\\/www.zvlslovakia.com\\\/es\\\/\"},{\"@type\":\"ListItem\",\"position\":2,\"name\":\"Company\",\"item\":\"https:\\\/\\\/www.zvlslovakia.com\\\/es\\\/company\\\/\"},{\"@type\":\"ListItem\",\"position\":3,\"name\":\"History\"}]},{\"@type\":\"WebSite\",\"@id\":\"https:\\\/\\\/www.zvlslovakia.com\\\/es\\\/#website\",\"url\":\"https:\\\/\\\/www.zvlslovakia.com\\\/es\\\/\",\"name\":\"ZVL SLOVAKIA\",\"description\":\"Manufacturing and sale of bearings\",\"publisher\":{\"@id\":\"https:\\\/\\\/www.zvlslovakia.com\\\/es\\\/#organization\"},\"potentialAction\":[{\"@type\":\"SearchAction\",\"target\":{\"@type\":\"EntryPoint\",\"urlTemplate\":\"https:\\\/\\\/www.zvlslovakia.com\\\/es\\\/?s={search_term_string}\"},\"query-input\":{\"@type\":\"PropertyValueSpecification\",\"valueRequired\":true,\"valueName\":\"search_term_string\"}}],\"inLanguage\":\"es\"},{\"@type\":\"Organization\",\"@id\":\"https:\\\/\\\/www.zvlslovakia.com\\\/es\\\/#organization\",\"name\":\"ZVLSLOVAKIA, a.s.\",\"url\":\"https:\\\/\\\/www.zvlslovakia.com\\\/es\\\/\",\"logo\":{\"@type\":\"ImageObject\",\"inLanguage\":\"es\",\"@id\":\"https:\\\/\\\/www.zvlslovakia.com\\\/es\\\/#\\\/schema\\\/logo\\\/image\\\/\",\"url\":\"https:\\\/\\\/www.zvlslovakia.com\\\/wp-content\\\/uploads\\\/2021\\\/10\\\/ZVL-logo-2021-normal.png\",\"contentUrl\":\"https:\\\/\\\/www.zvlslovakia.com\\\/wp-content\\\/uploads\\\/2021\\\/10\\\/ZVL-logo-2021-normal.png\",\"width\":250,\"height\":70,\"caption\":\"ZVLSLOVAKIA, a.s.\"},\"image\":{\"@id\":\"https:\\\/\\\/www.zvlslovakia.com\\\/es\\\/#\\\/schema\\\/logo\\\/image\\\/\"}}]}<\/script>\n<!-- \/ Yoast SEO Premium plugin. -->","yoast_head_json":{"title":"Historia | ZVL SLOVAKIA","description":"50 year tradition in bearing manufacturing History of our company is linked with the establishment of ZVL Concern in 1923. The most important milestone in","robots":{"index":"index","follow":"follow","max-snippet":"max-snippet:-1","max-image-preview":"max-image-preview:large","max-video-preview":"max-video-preview:-1"},"canonical":"https:\/\/www.zvlslovakia.com\/es\/company\/history\/","og_locale":"es_ES","og_type":"article","og_title":"Historia","og_description":"50 year tradition in bearing manufacturing History of our company is linked with the establishment of ZVL Concern in 1923. The most important milestone in","og_url":"https:\/\/www.zvlslovakia.com\/es\/company\/history\/","og_site_name":"ZVL SLOVAKIA","article_modified_time":"2022-06-24T13:24:05+00:00","twitter_card":"summary_large_image","twitter_misc":{"Tiempo de lectura":"2 minutos"},"schema":{"@context":"https:\/\/schema.org","@graph":[{"@type":"WebPage","@id":"https:\/\/www.zvlslovakia.com\/es\/company\/history\/","url":"https:\/\/www.zvlslovakia.com\/es\/company\/history\/","name":"Historia | ZVL SLOVAKIA","isPartOf":{"@id":"https:\/\/www.zvlslovakia.com\/es\/#website"},"datePublished":"2022-03-31T08:36:59+00:00","dateModified":"2022-06-24T13:24:05+00:00","description":"50 year tradition in bearing manufacturing History of our company is linked with the establishment of ZVL Concern in 1923. The most important milestone in","breadcrumb":{"@id":"https:\/\/www.zvlslovakia.com\/es\/company\/history\/#breadcrumb"},"inLanguage":"es","potentialAction":[{"@type":"ReadAction","target":[["https:\/\/www.zvlslovakia.com\/es\/company\/history\/"]]}]},{"@type":"BreadcrumbList","@id":"https:\/\/www.zvlslovakia.com\/es\/company\/history\/#breadcrumb","itemListElement":[{"@type":"ListItem","position":1,"name":"Home","item":"https:\/\/www.zvlslovakia.com\/es\/"},{"@type":"ListItem","position":2,"name":"Company","item":"https:\/\/www.zvlslovakia.com\/es\/company\/"},{"@type":"ListItem","position":3,"name":"History"}]},{"@type":"WebSite","@id":"https:\/\/www.zvlslovakia.com\/es\/#website","url":"https:\/\/www.zvlslovakia.com\/es\/","name":"ZVL SLOVAKIA","description":"Manufacturing and sale of bearings","publisher":{"@id":"https:\/\/www.zvlslovakia.com\/es\/#organization"},"potentialAction":[{"@type":"SearchAction","target":{"@type":"EntryPoint","urlTemplate":"https:\/\/www.zvlslovakia.com\/es\/?s={search_term_string}"},"query-input":{"@type":"PropertyValueSpecification","valueRequired":true,"valueName":"search_term_string"}}],"inLanguage":"es"},{"@type":"Organization","@id":"https:\/\/www.zvlslovakia.com\/es\/#organization","name":"ZVLSLOVAKIA, a.s.","url":"https:\/\/www.zvlslovakia.com\/es\/","logo":{"@type":"ImageObject","inLanguage":"es","@id":"https:\/\/www.zvlslovakia.com\/es\/#\/schema\/logo\/image\/","url":"https:\/\/www.zvlslovakia.com\/wp-content\/uploads\/2021\/10\/ZVL-logo-2021-normal.png","contentUrl":"https:\/\/www.zvlslovakia.com\/wp-content\/uploads\/2021\/10\/ZVL-logo-2021-normal.png","width":250,"height":70,"caption":"ZVLSLOVAKIA, a.s."},"image":{"@id":"https:\/\/www.zvlslovakia.com\/es\/#\/schema\/logo\/image\/"}}]}},"_links":{"self":[{"href":"https:\/\/www.zvlslovakia.com\/es\/wp-json\/wp\/v2\/pages\/58570","targetHints":{"allow":["GET"]}}],"collection":[{"href":"https:\/\/www.zvlslovakia.com\/es\/wp-json\/wp\/v2\/pages"}],"about":[{"href":"https:\/\/www.zvlslovakia.com\/es\/wp-json\/wp\/v2\/types\/page"}],"author":[{"embeddable":true,"href":"https:\/\/www.zvlslovakia.com\/es\/wp-json\/wp\/v2\/users\/1"}],"replies":[{"embeddable":true,"href":"https:\/\/www.zvlslovakia.com\/es\/wp-json\/wp\/v2\/comments?post=58570"}],"version-history":[{"count":17,"href":"https:\/\/www.zvlslovakia.com\/es\/wp-json\/wp\/v2\/pages\/58570\/revisions"}],"predecessor-version":[{"id":59330,"href":"https:\/\/www.zvlslovakia.com\/es\/wp-json\/wp\/v2\/pages\/58570\/revisions\/59330"}],"up":[{"embeddable":true,"href":"https:\/\/www.zvlslovakia.com\/es\/wp-json\/wp\/v2\/pages\/58654"}],"wp:attachment":[{"href":"https:\/\/www.zvlslovakia.com\/es\/wp-json\/wp\/v2\/media?parent=58570"}],"curies":[{"name":"wp","href":"https:\/\/api.w.org\/{rel}","templated":true}]}}