{"id":58915,"date":"2022-04-20T12:04:11","date_gmt":"2022-04-20T10:04:11","guid":{"rendered":"https:\/\/en.renad.sk\/?page_id=58915"},"modified":"2023-03-10T15:55:46","modified_gmt":"2023-03-10T14:55:46","slug":"metrology-and-testing","status":"publish","type":"page","link":"https:\/\/www.zvlslovakia.com\/es\/datos-tecnicos\/metrologia-y-pruebas\/","title":{"rendered":"Metrolog\u00eda y pruebas"},"content":{"rendered":"<section class=\"wpb-content-wrapper\"><p>[vc_row][vc_column][vc_column_text]<\/p>\n<h3>Metrolog\u00eda y pruebas<\/h3>\n<p><strong>Para garantizar la estabilidad de calidad de producci\u00f3n y control de calidad de productos vendidos, en la empresa se encuentran laboratorios de pruebas de medici\u00f3n y metalograf\u00eda y talleres para mediciones de precisi\u00f3n, donde se ven ejercidas sobre todo las actividades siguientes:<\/strong><\/p>\n<ul>\n<li>aseguraci\u00f3n del seguimiento de instrumentos de medici\u00f3n a estandares nacionales de longitud y dureza<\/li>\n<li>calibraci\u00f3n de los est\u00e1ndares de trabajo, instrumentos de medici\u00f3n y equipos en el proceso de fabricaci\u00f3n y control<\/li>\n<li>realizaci\u00f3n de mediciones precisas de longitud, forma, \u00e1ngulos, aspereza, redondez, ondulaci\u00f3n, llanura, y otros par\u00e1metros de la geometr\u00eda interna de anillos de rodamientos, elementos rodantes y otros componentes<\/li>\n<li>supervisi\u00f3n durante el proceso de fabricaci\u00f3n y el cumplimiento de procedimientos tecnol\u00f3gicos y de control \u2013 ejecuci\u00f3n de mediciones precisas y emisi\u00f3n de protocolos para la preparaci\u00f3n de primeras muestras seg\u00fan las necesidades de los clientes y de acuerdo con las normas VDA2 (PPF) e ISO 9000 (PPAP)<\/li>\n<li>emisi\u00f3n de documentos de control para los env\u00edos suministrados de acuerdo con la norma STN EN 10204:2005 y los requisitos de clientes<\/li>\n<li>an\u00e1lisis de la composici\u00f3n qu\u00edmica de materiales, evaluaci\u00f3n microsc\u00f3pica de la estructura metalogr\u00e1fica y microlimpieza, despu\u00e9s de haber sido realizado el tratamiento t\u00e9rmico, y dureza de materiales entrantes y componentes de rodamientos<\/li>\n<li>prueba del funcionamiento de rodamientos a trav\u00e9s de la medici\u00f3n de su nivel de vibraciones utilizando los m\u00e1s modernos dispositivos tribanda<\/li>\n<li>pruebas de la vida \u00fatil de rodamientos (carga b\u00e1sica din\u00e1mica, frecuencia l\u00edmite de giro, momento de fricci\u00f3n, fuga de grasa) seg\u00fan las necesidades internas o las demandas de los clientes<\/li>\n<li>consultor\u00eda t\u00e9cnica en el campo de metrolog\u00eda, medici\u00f3n precisa, metalograf\u00eda, pruebas y an\u00e1lisis de problemas y errores relacionados con los productos durante su uso.<\/li>\n<\/ul>\n<p>[\/vc_column_text][\/vc_column][\/vc_row][vc_row][vc_column][vc_empty_space height=\u00bb25px\u00bb][\/vc_column][\/vc_row][vc_row][vc_column][vc_column_text]<strong>Para asegurar una calidad constante y estable de nuestros rodamientos, siempre y cuando sea necesario utilizamos otras organizaciones externas e independientes de inspecci\u00f3n para asegurar el control de componentes comprados y la supervisi\u00f3n de procesos de producci\u00f3n de nuestros proveedores.<\/strong>[\/vc_column_text][\/vc_column][\/vc_row][vc_row][vc_column][vc_column_text]<\/p>\n<h4>Utilizamos equipamiento y tecnolog\u00eda de medici\u00f3n de los principales fabricantes del mundo:<\/h4>\n<p><strong>AMETEK<\/strong> (Taylor Hobson Form Talysurf PGI820, Taylor Hobson TALYROND 73 Spectrocheck), <strong>MITUTOYO<\/strong> (conturoscope SVC3000, v\u00fd\u0161komer LH-600E), OLYMPUS (mikroscope), EMCOTEST (N4C), <strong>Societ\u00e9 Genevoise<\/strong> (SIP420M), <strong>AQUASTYL<\/strong> (durom\u00e8tres et appareils de contr\u00f4le du niveau de vibrations des roulements IL100 a IL200R), <strong>Hangzhou BearingsTest and Research center<\/strong> (appareils de contr\u00f4le du niveau des vibrations des roulements BVT1, BVT5, BVT6 et BVT8 et postes d\u00b4essai de la dur\u00e9e de vie des roulements ABLT-2).[\/vc_column_text][\/vc_column][\/vc_row][vc_row][vc_column][vc_empty_space height=\u00bb25px\u00bb][\/vc_column][\/vc_row][vc_row][vc_column][vc_column_text]<\/p>\n<div class=\"shortcode-gallery dt-format-gallery gallery-col-3 galleryid-58915 dt-gallery-container shortcode-gallery-standard\" style=\"width: 100%;\"><a href=\"https:\/\/www.zvlslovakia.com\/wp-content\/uploads\/2022\/04\/metrologia-a-skusobnictvo-image-2.jpg\" class=\"rollover rollover-zoom dt-pswp-item layzr-bg\" title=\"ZVL Metrol\u00f3gia a sk\u00fa\u0161obn\u00edctvo\"  data-dt-img-description=\"\" data-large_image_width=\"1050\" data-large_image_height = \"625\"><img fetchpriority=\"high\" decoding=\"async\" src=\"data:image\/svg+xml,%3Csvg%20xmlns%3D&#39;http%3A%2F%2Fwww.w3.org%2F2000%2Fsvg&#39;%20viewBox%3D&#39;0%200%20300%20300&#39;%2F%3E\" data-src=\"https:\/\/www.zvlslovakia.com\/wp-content\/uploads\/2022\/04\/metrologia-a-skusobnictvo-image-2-300x300.jpg\" data-srcset=\"https:\/\/www.zvlslovakia.com\/wp-content\/uploads\/2022\/04\/metrologia-a-skusobnictvo-image-2-300x300.jpg 300w, https:\/\/www.zvlslovakia.com\/wp-content\/uploads\/2022\/04\/metrologia-a-skusobnictvo-image-2-600x600.jpg 600w\" loading=\"eager\" style=\"--ratio: 300 \/ 300\" sizes=\"(max-width: 300px) 100vw, 300px\" class=\"preload-me lazy-load aspect\" width=\"300\" height=\"300\"  alt=\"ZVL Metrol\u00f3gia a sk\u00fa\u0161obn\u00edctvo\" title=\"ZVL Metrol\u00f3gia a sk\u00fa\u0161obn\u00edctvo\" \/><\/a><a href=\"https:\/\/www.zvlslovakia.com\/wp-content\/uploads\/2022\/04\/metrologia-a-skusobnictvo-image-3.jpg\" class=\"rollover rollover-zoom dt-pswp-item layzr-bg\" title=\"ZVL Metrol\u00f3gia a sk\u00fa\u0161obn\u00edctvo\"  data-dt-img-description=\"\" data-large_image_width=\"650\" data-large_image_height = \"1000\"><img decoding=\"async\" src=\"data:image\/svg+xml,%3Csvg%20xmlns%3D&#39;http%3A%2F%2Fwww.w3.org%2F2000%2Fsvg&#39;%20viewBox%3D&#39;0%200%20300%20300&#39;%2F%3E\" data-src=\"https:\/\/www.zvlslovakia.com\/wp-content\/uploads\/2022\/04\/metrologia-a-skusobnictvo-image-3-300x300.jpg\" data-srcset=\"https:\/\/www.zvlslovakia.com\/wp-content\/uploads\/2022\/04\/metrologia-a-skusobnictvo-image-3-300x300.jpg 300w, https:\/\/www.zvlslovakia.com\/wp-content\/uploads\/2022\/04\/metrologia-a-skusobnictvo-image-3-600x600.jpg 600w\" loading=\"eager\" style=\"--ratio: 300 \/ 300\" sizes=\"(max-width: 300px) 100vw, 300px\" class=\"preload-me lazy-load aspect\" width=\"300\" height=\"300\"  alt=\"ZVL Metrol\u00f3gia a sk\u00fa\u0161obn\u00edctvo\" title=\"ZVL Metrol\u00f3gia a sk\u00fa\u0161obn\u00edctvo\" \/><\/a><a href=\"https:\/\/www.zvlslovakia.com\/wp-content\/uploads\/2022\/04\/metrologia-a-skusobnictvo-image-4.jpg\" class=\"rollover rollover-zoom dt-pswp-item layzr-bg\" title=\"ZVL Metrol\u00f3gia a sk\u00fa\u0161obn\u00edctvo\"  data-dt-img-description=\"\" data-large_image_width=\"1050\" data-large_image_height = \"625\"><img decoding=\"async\" src=\"data:image\/svg+xml,%3Csvg%20xmlns%3D&#39;http%3A%2F%2Fwww.w3.org%2F2000%2Fsvg&#39;%20viewBox%3D&#39;0%200%20300%20300&#39;%2F%3E\" data-src=\"https:\/\/www.zvlslovakia.com\/wp-content\/uploads\/2022\/04\/metrologia-a-skusobnictvo-image-4-300x300.jpg\" data-srcset=\"https:\/\/www.zvlslovakia.com\/wp-content\/uploads\/2022\/04\/metrologia-a-skusobnictvo-image-4-300x300.jpg 300w, https:\/\/www.zvlslovakia.com\/wp-content\/uploads\/2022\/04\/metrologia-a-skusobnictvo-image-4-600x600.jpg 600w\" loading=\"eager\" style=\"--ratio: 300 \/ 300\" sizes=\"(max-width: 300px) 100vw, 300px\" class=\"preload-me lazy-load aspect\" width=\"300\" height=\"300\"  alt=\"ZVL Metrol\u00f3gia a sk\u00fa\u0161obn\u00edctvo\" title=\"ZVL Metrol\u00f3gia a sk\u00fa\u0161obn\u00edctvo\" \/><\/a><a href=\"https:\/\/www.zvlslovakia.com\/wp-content\/uploads\/2022\/04\/metrologia-a-skusobnictvo-image-5.jpg\" class=\"rollover rollover-zoom dt-pswp-item layzr-bg\" title=\"ZVL Metrol\u00f3gia a sk\u00fa\u0161obn\u00edctvo\"  data-dt-img-description=\"\" data-large_image_width=\"650\" data-large_image_height = \"1000\"><img decoding=\"async\" src=\"data:image\/svg+xml,%3Csvg%20xmlns%3D&#39;http%3A%2F%2Fwww.w3.org%2F2000%2Fsvg&#39;%20viewBox%3D&#39;0%200%20300%20300&#39;%2F%3E\" data-src=\"https:\/\/www.zvlslovakia.com\/wp-content\/uploads\/2022\/04\/metrologia-a-skusobnictvo-image-5-300x300.jpg\" data-srcset=\"https:\/\/www.zvlslovakia.com\/wp-content\/uploads\/2022\/04\/metrologia-a-skusobnictvo-image-5-300x300.jpg 300w, https:\/\/www.zvlslovakia.com\/wp-content\/uploads\/2022\/04\/metrologia-a-skusobnictvo-image-5-600x600.jpg 600w\" loading=\"eager\" style=\"--ratio: 300 \/ 300\" sizes=\"(max-width: 300px) 100vw, 300px\" class=\"preload-me lazy-load aspect\" width=\"300\" height=\"300\"  alt=\"ZVL Metrol\u00f3gia a sk\u00fa\u0161obn\u00edctvo\" title=\"ZVL Metrol\u00f3gia a sk\u00fa\u0161obn\u00edctvo\" \/><\/a><a href=\"https:\/\/www.zvlslovakia.com\/wp-content\/uploads\/2022\/04\/metrologia-a-skusobnictvo-image-7.jpg\" class=\"rollover rollover-zoom dt-pswp-item layzr-bg\" title=\"ZVL Metrol\u00f3gia a sk\u00fa\u0161obn\u00edctvo\"  data-dt-img-description=\"\" data-large_image_width=\"570\" data-large_image_height = \"700\"><img decoding=\"async\" src=\"data:image\/svg+xml,%3Csvg%20xmlns%3D&#39;http%3A%2F%2Fwww.w3.org%2F2000%2Fsvg&#39;%20viewBox%3D&#39;0%200%20300%20300&#39;%2F%3E\" data-src=\"https:\/\/www.zvlslovakia.com\/wp-content\/uploads\/2022\/04\/metrologia-a-skusobnictvo-image-7-300x300.jpg\" data-srcset=\"https:\/\/www.zvlslovakia.com\/wp-content\/uploads\/2022\/04\/metrologia-a-skusobnictvo-image-7-300x300.jpg 300w, https:\/\/www.zvlslovakia.com\/wp-content\/uploads\/2022\/04\/metrologia-a-skusobnictvo-image-7-570x570.jpg 570w\" loading=\"eager\" style=\"--ratio: 300 \/ 300\" sizes=\"(max-width: 300px) 100vw, 300px\" class=\"preload-me lazy-load aspect\" width=\"300\" height=\"300\"  alt=\"ZVL Metrol\u00f3gia a sk\u00fa\u0161obn\u00edctvo\" title=\"ZVL Metrol\u00f3gia a sk\u00fa\u0161obn\u00edctvo\" \/><\/a><a href=\"https:\/\/www.zvlslovakia.com\/wp-content\/uploads\/2022\/04\/metrologia-a-skusobnictvo-image-12.jpg\" class=\"rollover rollover-zoom dt-pswp-item layzr-bg\" title=\"ZVL Metrol\u00f3gia a sk\u00fa\u0161obn\u00edctvo\"  data-dt-img-description=\"\" data-large_image_width=\"1200\" data-large_image_height = \"800\"><img decoding=\"async\" src=\"data:image\/svg+xml,%3Csvg%20xmlns%3D&#39;http%3A%2F%2Fwww.w3.org%2F2000%2Fsvg&#39;%20viewBox%3D&#39;0%200%20300%20300&#39;%2F%3E\" data-src=\"https:\/\/www.zvlslovakia.com\/wp-content\/uploads\/2022\/04\/metrologia-a-skusobnictvo-image-12-300x300.jpg\" data-srcset=\"https:\/\/www.zvlslovakia.com\/wp-content\/uploads\/2022\/04\/metrologia-a-skusobnictvo-image-12-300x300.jpg 300w, https:\/\/www.zvlslovakia.com\/wp-content\/uploads\/2022\/04\/metrologia-a-skusobnictvo-image-12-600x600.jpg 600w\" loading=\"eager\" style=\"--ratio: 300 \/ 300\" sizes=\"(max-width: 300px) 100vw, 300px\" class=\"preload-me lazy-load aspect\" width=\"300\" height=\"300\"  alt=\"ZVL Metrol\u00f3gia a sk\u00fa\u0161obn\u00edctvo\" title=\"ZVL Metrol\u00f3gia a sk\u00fa\u0161obn\u00edctvo\" \/><\/a><a href=\"https:\/\/www.zvlslovakia.com\/wp-content\/uploads\/2022\/04\/metrologia-a-skusobnictvo-image-13.jpg\" class=\"rollover rollover-zoom dt-pswp-item layzr-bg\" title=\"ZVL Metrol\u00f3gia a sk\u00fa\u0161obn\u00edctvo\"  data-dt-img-description=\"\" data-large_image_width=\"1200\" data-large_image_height = \"800\"><img decoding=\"async\" src=\"data:image\/svg+xml,%3Csvg%20xmlns%3D&#39;http%3A%2F%2Fwww.w3.org%2F2000%2Fsvg&#39;%20viewBox%3D&#39;0%200%20300%20300&#39;%2F%3E\" data-src=\"https:\/\/www.zvlslovakia.com\/wp-content\/uploads\/2022\/04\/metrologia-a-skusobnictvo-image-13-300x300.jpg\" data-srcset=\"https:\/\/www.zvlslovakia.com\/wp-content\/uploads\/2022\/04\/metrologia-a-skusobnictvo-image-13-300x300.jpg 300w, https:\/\/www.zvlslovakia.com\/wp-content\/uploads\/2022\/04\/metrologia-a-skusobnictvo-image-13-600x600.jpg 600w\" loading=\"eager\" style=\"--ratio: 300 \/ 300\" sizes=\"(max-width: 300px) 100vw, 300px\" class=\"preload-me lazy-load aspect\" width=\"300\" height=\"300\"  alt=\"ZVL Metrol\u00f3gia a sk\u00fa\u0161obn\u00edctvo\" title=\"ZVL Metrol\u00f3gia a sk\u00fa\u0161obn\u00edctvo\" \/><\/a><a href=\"https:\/\/www.zvlslovakia.com\/wp-content\/uploads\/2022\/04\/metrologia-a-skusobnictvo-image-14.jpg\" class=\"rollover rollover-zoom dt-pswp-item layzr-bg\" title=\"ZVL Metrol\u00f3gia a sk\u00fa\u0161obn\u00edctvo\"  data-dt-img-description=\"\" data-large_image_width=\"1200\" data-large_image_height = \"800\"><img decoding=\"async\" src=\"data:image\/svg+xml,%3Csvg%20xmlns%3D&#39;http%3A%2F%2Fwww.w3.org%2F2000%2Fsvg&#39;%20viewBox%3D&#39;0%200%20300%20300&#39;%2F%3E\" data-src=\"https:\/\/www.zvlslovakia.com\/wp-content\/uploads\/2022\/04\/metrologia-a-skusobnictvo-image-14-300x300.jpg\" data-srcset=\"https:\/\/www.zvlslovakia.com\/wp-content\/uploads\/2022\/04\/metrologia-a-skusobnictvo-image-14-300x300.jpg 300w, https:\/\/www.zvlslovakia.com\/wp-content\/uploads\/2022\/04\/metrologia-a-skusobnictvo-image-14-600x600.jpg 600w\" loading=\"eager\" style=\"--ratio: 300 \/ 300\" sizes=\"(max-width: 300px) 100vw, 300px\" class=\"preload-me lazy-load aspect\" width=\"300\" height=\"300\"  alt=\"ZVL Metrol\u00f3gia a sk\u00fa\u0161obn\u00edctvo\" title=\"ZVL Metrol\u00f3gia a sk\u00fa\u0161obn\u00edctvo\" \/><\/a><a href=\"https:\/\/www.zvlslovakia.com\/wp-content\/uploads\/2022\/04\/metrologia-a-skusobnictvo-image-15.jpg\" class=\"rollover rollover-zoom dt-pswp-item layzr-bg\" title=\"ZVL Metrol\u00f3gia a sk\u00fa\u0161obn\u00edctvo\"  data-dt-img-description=\"\" data-large_image_width=\"1200\" data-large_image_height = \"800\"><img decoding=\"async\" src=\"data:image\/svg+xml,%3Csvg%20xmlns%3D&#39;http%3A%2F%2Fwww.w3.org%2F2000%2Fsvg&#39;%20viewBox%3D&#39;0%200%20300%20300&#39;%2F%3E\" data-src=\"https:\/\/www.zvlslovakia.com\/wp-content\/uploads\/2022\/04\/metrologia-a-skusobnictvo-image-15-300x300.jpg\" data-srcset=\"https:\/\/www.zvlslovakia.com\/wp-content\/uploads\/2022\/04\/metrologia-a-skusobnictvo-image-15-300x300.jpg 300w, https:\/\/www.zvlslovakia.com\/wp-content\/uploads\/2022\/04\/metrologia-a-skusobnictvo-image-15-600x600.jpg 600w\" loading=\"eager\" style=\"--ratio: 300 \/ 300\" sizes=\"(max-width: 300px) 100vw, 300px\" class=\"preload-me lazy-load aspect\" width=\"300\" height=\"300\"  alt=\"ZVL Metrol\u00f3gia a sk\u00fa\u0161obn\u00edctvo\" title=\"ZVL Metrol\u00f3gia a sk\u00fa\u0161obn\u00edctvo\" \/><\/a><a href=\"https:\/\/www.zvlslovakia.com\/wp-content\/uploads\/2023\/03\/metrologia-a-skusobnictvo-image-20.jpg\" class=\"rollover rollover-zoom dt-pswp-item layzr-bg\" title=\"ZVL SLOVAKIA\"  data-dt-img-description=\"\" data-large_image_width=\"1278\" data-large_image_height = \"1100\"><img decoding=\"async\" src=\"data:image\/svg+xml,%3Csvg%20xmlns%3D&#39;http%3A%2F%2Fwww.w3.org%2F2000%2Fsvg&#39;%20viewBox%3D&#39;0%200%20300%20300&#39;%2F%3E\" data-src=\"https:\/\/www.zvlslovakia.com\/wp-content\/uploads\/2023\/03\/metrologia-a-skusobnictvo-image-20-300x300.jpg\" data-srcset=\"https:\/\/www.zvlslovakia.com\/wp-content\/uploads\/2023\/03\/metrologia-a-skusobnictvo-image-20-300x300.jpg 300w, https:\/\/www.zvlslovakia.com\/wp-content\/uploads\/2023\/03\/metrologia-a-skusobnictvo-image-20-600x600.jpg 600w\" loading=\"eager\" style=\"--ratio: 300 \/ 300\" sizes=\"(max-width: 300px) 100vw, 300px\" class=\"preload-me lazy-load aspect\" width=\"300\" height=\"300\"  alt=\"ZVL SLOVAKIA\" title=\"ZVL SLOVAKIA\" \/><\/a><\/div>\n<p>[\/vc_column_text][\/vc_column][\/vc_row]<\/p>\n<\/section>","protected":false},"excerpt":{"rendered":"<p>[vc_row][vc_column][vc_column_text] Metrolog\u00eda y pruebas Para garantizar la estabilidad de calidad de producci\u00f3n y control de calidad de productos vendidos, en la empresa se encuentran laboratorios de pruebas de medici\u00f3n y metalograf\u00eda y talleres para mediciones de precisi\u00f3n, donde se ven ejercidas sobre todo las actividades siguientes: aseguraci\u00f3n del seguimiento de instrumentos de medici\u00f3n a estandares&hellip;<\/p>\n","protected":false},"author":1,"featured_media":0,"parent":57491,"menu_order":0,"comment_status":"closed","ping_status":"closed","template":"","meta":{"om_disable_all_campaigns":false,"_uf_show_specific_survey":0,"_uf_disable_surveys":false,"footnotes":"","_links_to":"","_links_to_target":""},"class_list":["post-58915","page","type-page","status-publish","hentry","description-off"],"aioseo_notices":[],"yoast_head":"<!-- This site is optimized with the Yoast SEO Premium plugin v18.3 (Yoast SEO v27.4) - https:\/\/yoast.com\/product\/yoast-seo-premium-wordpress\/ -->\n<title>Metrolog\u00eda y pruebas | ZVL SLOVAKIA<\/title>\n<meta name=\"description\" content=\"Metrology and testing To ensure manufacturing the quality stability and the quality control of sold products, there are established necessary dimensional\" \/>\n<meta name=\"robots\" content=\"index, follow, max-snippet:-1, max-image-preview:large, max-video-preview:-1\" \/>\n<link rel=\"canonical\" href=\"https:\/\/www.zvlslovakia.com\/es\/technical-specifications\/metrology-and-testing\/\" \/>\n<meta property=\"og:locale\" content=\"es_ES\" \/>\n<meta property=\"og:type\" content=\"article\" \/>\n<meta property=\"og:title\" content=\"Metrolog\u00eda y pruebas\" \/>\n<meta property=\"og:description\" content=\"Metrology and testing To ensure manufacturing the quality stability and the quality control of sold products, there are established necessary dimensional\" \/>\n<meta property=\"og:url\" content=\"https:\/\/www.zvlslovakia.com\/es\/technical-specifications\/metrology-and-testing\/\" \/>\n<meta property=\"og:site_name\" content=\"ZVL SLOVAKIA\" \/>\n<meta property=\"article:modified_time\" content=\"2023-03-10T14:55:46+00:00\" \/>\n<meta property=\"og:image\" content=\"\" \/>\n<meta name=\"twitter:card\" content=\"summary_large_image\" \/>\n<meta name=\"twitter:label1\" content=\"Tiempo de lectura\" \/>\n\t<meta name=\"twitter:data1\" content=\"2 minutos\" \/>\n<script type=\"application\/ld+json\" class=\"yoast-schema-graph\">{\"@context\":\"https:\\\/\\\/schema.org\",\"@graph\":[{\"@type\":\"WebPage\",\"@id\":\"https:\\\/\\\/www.zvlslovakia.com\\\/es\\\/technical-specifications\\\/metrology-and-testing\\\/\",\"url\":\"https:\\\/\\\/www.zvlslovakia.com\\\/es\\\/technical-specifications\\\/metrology-and-testing\\\/\",\"name\":\"Metrolog\u00eda y pruebas | ZVL SLOVAKIA\",\"isPartOf\":{\"@id\":\"https:\\\/\\\/www.zvlslovakia.com\\\/es\\\/#website\"},\"datePublished\":\"2022-04-20T10:04:11+00:00\",\"dateModified\":\"2023-03-10T14:55:46+00:00\",\"description\":\"Metrology and testing To ensure manufacturing the quality stability and the quality control of sold products, there are established necessary dimensional\",\"breadcrumb\":{\"@id\":\"https:\\\/\\\/www.zvlslovakia.com\\\/es\\\/technical-specifications\\\/metrology-and-testing\\\/#breadcrumb\"},\"inLanguage\":\"es\",\"potentialAction\":[{\"@type\":\"ReadAction\",\"target\":[[\"https:\\\/\\\/www.zvlslovakia.com\\\/es\\\/technical-specifications\\\/metrology-and-testing\\\/\"]]}]},{\"@type\":\"BreadcrumbList\",\"@id\":\"https:\\\/\\\/www.zvlslovakia.com\\\/es\\\/technical-specifications\\\/metrology-and-testing\\\/#breadcrumb\",\"itemListElement\":[{\"@type\":\"ListItem\",\"position\":1,\"name\":\"Home\",\"item\":\"https:\\\/\\\/www.zvlslovakia.com\\\/es\\\/\"},{\"@type\":\"ListItem\",\"position\":2,\"name\":\"Technical specifications\",\"item\":\"https:\\\/\\\/www.zvlslovakia.com\\\/es\\\/technical-specifications\\\/\"},{\"@type\":\"ListItem\",\"position\":3,\"name\":\"Metrology and testing\"}]},{\"@type\":\"WebSite\",\"@id\":\"https:\\\/\\\/www.zvlslovakia.com\\\/es\\\/#website\",\"url\":\"https:\\\/\\\/www.zvlslovakia.com\\\/es\\\/\",\"name\":\"ZVL SLOVAKIA\",\"description\":\"Manufacturing and sale of bearings\",\"publisher\":{\"@id\":\"https:\\\/\\\/www.zvlslovakia.com\\\/es\\\/#organization\"},\"potentialAction\":[{\"@type\":\"SearchAction\",\"target\":{\"@type\":\"EntryPoint\",\"urlTemplate\":\"https:\\\/\\\/www.zvlslovakia.com\\\/es\\\/?s={search_term_string}\"},\"query-input\":{\"@type\":\"PropertyValueSpecification\",\"valueRequired\":true,\"valueName\":\"search_term_string\"}}],\"inLanguage\":\"es\"},{\"@type\":\"Organization\",\"@id\":\"https:\\\/\\\/www.zvlslovakia.com\\\/es\\\/#organization\",\"name\":\"ZVLSLOVAKIA, a.s.\",\"url\":\"https:\\\/\\\/www.zvlslovakia.com\\\/es\\\/\",\"logo\":{\"@type\":\"ImageObject\",\"inLanguage\":\"es\",\"@id\":\"https:\\\/\\\/www.zvlslovakia.com\\\/es\\\/#\\\/schema\\\/logo\\\/image\\\/\",\"url\":\"https:\\\/\\\/www.zvlslovakia.com\\\/wp-content\\\/uploads\\\/2021\\\/10\\\/ZVL-logo-2021-normal.png\",\"contentUrl\":\"https:\\\/\\\/www.zvlslovakia.com\\\/wp-content\\\/uploads\\\/2021\\\/10\\\/ZVL-logo-2021-normal.png\",\"width\":250,\"height\":70,\"caption\":\"ZVLSLOVAKIA, a.s.\"},\"image\":{\"@id\":\"https:\\\/\\\/www.zvlslovakia.com\\\/es\\\/#\\\/schema\\\/logo\\\/image\\\/\"}}]}<\/script>\n<!-- \/ Yoast SEO Premium plugin. -->","yoast_head_json":{"title":"Metrolog\u00eda y pruebas | ZVL SLOVAKIA","description":"Metrology and testing To ensure manufacturing the quality stability and the quality control of sold products, there are established necessary dimensional","robots":{"index":"index","follow":"follow","max-snippet":"max-snippet:-1","max-image-preview":"max-image-preview:large","max-video-preview":"max-video-preview:-1"},"canonical":"https:\/\/www.zvlslovakia.com\/es\/technical-specifications\/metrology-and-testing\/","og_locale":"es_ES","og_type":"article","og_title":"Metrolog\u00eda y pruebas","og_description":"Metrology and testing To ensure manufacturing the quality stability and the quality control of sold products, there are established necessary dimensional","og_url":"https:\/\/www.zvlslovakia.com\/es\/technical-specifications\/metrology-and-testing\/","og_site_name":"ZVL SLOVAKIA","article_modified_time":"2023-03-10T14:55:46+00:00","og_image":[{"url":"data:image\/svg+xml,%3Csvg%20xmlns%3D&#39;http%3A%2F%2Fwww.w3.org%2F2000%2Fsvg&#39;%20viewBox%3D&#39;0%200%20300%20300&#39;%2F%3E","type":"","width":"","height":""}],"twitter_card":"summary_large_image","twitter_misc":{"Tiempo de lectura":"2 minutos"},"schema":{"@context":"https:\/\/schema.org","@graph":[{"@type":"WebPage","@id":"https:\/\/www.zvlslovakia.com\/es\/technical-specifications\/metrology-and-testing\/","url":"https:\/\/www.zvlslovakia.com\/es\/technical-specifications\/metrology-and-testing\/","name":"Metrolog\u00eda y pruebas | ZVL SLOVAKIA","isPartOf":{"@id":"https:\/\/www.zvlslovakia.com\/es\/#website"},"datePublished":"2022-04-20T10:04:11+00:00","dateModified":"2023-03-10T14:55:46+00:00","description":"Metrology and testing To ensure manufacturing the quality stability and the quality control of sold products, there are established necessary dimensional","breadcrumb":{"@id":"https:\/\/www.zvlslovakia.com\/es\/technical-specifications\/metrology-and-testing\/#breadcrumb"},"inLanguage":"es","potentialAction":[{"@type":"ReadAction","target":[["https:\/\/www.zvlslovakia.com\/es\/technical-specifications\/metrology-and-testing\/"]]}]},{"@type":"BreadcrumbList","@id":"https:\/\/www.zvlslovakia.com\/es\/technical-specifications\/metrology-and-testing\/#breadcrumb","itemListElement":[{"@type":"ListItem","position":1,"name":"Home","item":"https:\/\/www.zvlslovakia.com\/es\/"},{"@type":"ListItem","position":2,"name":"Technical specifications","item":"https:\/\/www.zvlslovakia.com\/es\/technical-specifications\/"},{"@type":"ListItem","position":3,"name":"Metrology and testing"}]},{"@type":"WebSite","@id":"https:\/\/www.zvlslovakia.com\/es\/#website","url":"https:\/\/www.zvlslovakia.com\/es\/","name":"ZVL SLOVAKIA","description":"Manufacturing and sale of bearings","publisher":{"@id":"https:\/\/www.zvlslovakia.com\/es\/#organization"},"potentialAction":[{"@type":"SearchAction","target":{"@type":"EntryPoint","urlTemplate":"https:\/\/www.zvlslovakia.com\/es\/?s={search_term_string}"},"query-input":{"@type":"PropertyValueSpecification","valueRequired":true,"valueName":"search_term_string"}}],"inLanguage":"es"},{"@type":"Organization","@id":"https:\/\/www.zvlslovakia.com\/es\/#organization","name":"ZVLSLOVAKIA, a.s.","url":"https:\/\/www.zvlslovakia.com\/es\/","logo":{"@type":"ImageObject","inLanguage":"es","@id":"https:\/\/www.zvlslovakia.com\/es\/#\/schema\/logo\/image\/","url":"https:\/\/www.zvlslovakia.com\/wp-content\/uploads\/2021\/10\/ZVL-logo-2021-normal.png","contentUrl":"https:\/\/www.zvlslovakia.com\/wp-content\/uploads\/2021\/10\/ZVL-logo-2021-normal.png","width":250,"height":70,"caption":"ZVLSLOVAKIA, a.s."},"image":{"@id":"https:\/\/www.zvlslovakia.com\/es\/#\/schema\/logo\/image\/"}}]}},"_links":{"self":[{"href":"https:\/\/www.zvlslovakia.com\/es\/wp-json\/wp\/v2\/pages\/58915","targetHints":{"allow":["GET"]}}],"collection":[{"href":"https:\/\/www.zvlslovakia.com\/es\/wp-json\/wp\/v2\/pages"}],"about":[{"href":"https:\/\/www.zvlslovakia.com\/es\/wp-json\/wp\/v2\/types\/page"}],"author":[{"embeddable":true,"href":"https:\/\/www.zvlslovakia.com\/es\/wp-json\/wp\/v2\/users\/1"}],"replies":[{"embeddable":true,"href":"https:\/\/www.zvlslovakia.com\/es\/wp-json\/wp\/v2\/comments?post=58915"}],"version-history":[{"count":16,"href":"https:\/\/www.zvlslovakia.com\/es\/wp-json\/wp\/v2\/pages\/58915\/revisions"}],"predecessor-version":[{"id":59512,"href":"https:\/\/www.zvlslovakia.com\/es\/wp-json\/wp\/v2\/pages\/58915\/revisions\/59512"}],"up":[{"embeddable":true,"href":"https:\/\/www.zvlslovakia.com\/es\/wp-json\/wp\/v2\/pages\/57491"}],"wp:attachment":[{"href":"https:\/\/www.zvlslovakia.com\/es\/wp-json\/wp\/v2\/media?parent=58915"}],"curies":[{"name":"wp","href":"https:\/\/api.w.org\/{rel}","templated":true}]}}