{"id":57934,"date":"2022-03-27T14:40:23","date_gmt":"2022-03-27T12:40:23","guid":{"rendered":"https:\/\/en.renad.sk\/?page_id=57934"},"modified":"2024-12-08T10:11:49","modified_gmt":"2024-12-08T09:11:49","slug":"zvl-slovakia-sales-team","status":"publish","type":"page","link":"https:\/\/www.zvlslovakia.com\/fr\/contact\/equipe-commercial-de-zvl-slovakia\/","title":{"rendered":"Equipe commercial de ZVL SLOVAKIA"},"content":{"rendered":"<section class=\"wpb-content-wrapper\"><p>[vc_row][vc_column][vc_column_text css=\u00a0\u00bb.vc_custom_1656063266004{padding-top: 30px !important;padding-bottom: 30px !important;background-color: #0056a1 !important;}\u00a0\u00bb]<\/p>\n<h3 style=\"text-align: center;\"><span style=\"color: #ffcc00;\">Notre exp\u00e9rience \u2013 Votre satisfaction et croissance !<\/span><\/h3>\n<p>[\/vc_column_text][vc_empty_space height=\u00a0\u00bb30px\u00a0\u00bb][vc_row_inner][vc_column_inner width=\u00a0\u00bb1\/3&Prime;][vc_column_text]<\/p>\n<h4>Peter Folt\u00e1n<\/h4>\n<p><img loading=\"lazy\" decoding=\"async\" class=\"flags\" src=\"https:\/\/www.zvlslovakia.sk\/flags\/slovakia-flag.png\" alt=\"Slovakia\" width=\"25\" height=\"25\" \/> <img loading=\"lazy\" decoding=\"async\" class=\"flags\" src=\"https:\/\/www.zvlslovakia.sk\/flags\/united-states-flag.png\" alt=\"English\" width=\"25\" height=\"25\" \/><br \/>\ntel.: <strong>+421 41 707 60 71<\/strong><br \/>\nfax: <strong>+421 41 707 60 23<\/strong><br \/>\ne-mail: <a href=\"mailto:foltan@zvlslovakia.sk\">foltan@zvlslovakia.sk<\/a>[\/vc_column_text][vc_empty_space height=\u00a0\u00bb25px\u00a0\u00bb]<div class=\"hr-thin style-dotted accent-border-color\" style=\"width: 100%;border-top-width: 1px;\"><\/div>[\/vc_column_inner][vc_column_inner width=\u00a0\u00bb1\/3&Prime;][vc_column_text]<\/p>\n<h4>Mari\u00e1n \u010cibenka<\/h4>\n<p><img loading=\"lazy\" decoding=\"async\" class=\"flags\" src=\"https:\/\/www.zvlslovakia.sk\/flags\/slovakia-flag.png\" alt=\"Slovakia\" width=\"25\" height=\"25\" \/> <img loading=\"lazy\" decoding=\"async\" class=\"flags\" src=\"https:\/\/www.zvlslovakia.sk\/flags\/united-states-flag.png\" alt=\"English\" width=\"25\" height=\"25\" \/><br \/>\ntel.: <strong>+421 41 707 60 15<\/strong><br \/>\nfax: <strong>+421 41 707 60 23<\/strong><br \/>\ne-mail: <a href=\"mailto:cibenka@zvlslovakia.sk\">cibenka@zvlslovakia.sk<\/a>[\/vc_column_text][vc_empty_space height=\u00a0\u00bb25px\u00a0\u00bb]<div class=\"hr-thin style-dotted accent-border-color\" style=\"width: 100%;border-top-width: 1px;\"><\/div>[\/vc_column_inner][vc_column_inner width=\u00a0\u00bb1\/3&Prime;][vc_column_text]<\/p>\n<h4>Mari\u00e1n \u0160lopek<\/h4>\n<p><img loading=\"lazy\" decoding=\"async\" class=\"flags\" src=\"https:\/\/www.zvlslovakia.sk\/flags\/slovakia-flag.png\" alt=\"Slovakia\" width=\"25\" height=\"25\" \/> <img loading=\"lazy\" decoding=\"async\" class=\"flags\" src=\"https:\/\/www.zvlslovakia.sk\/flags\/united-states-flag.png\" alt=\"English\" width=\"25\" height=\"25\" \/><br \/>\ntel.: <strong>+421 41 707 60 30<\/strong><br \/>\nfax: <strong>+421 41 707 60 23<\/strong><br \/>\ne-mail: <a href=\"mailto:slopek@zvlslovakia.sk\">slopek@zvlslovakia.sk<\/a>[\/vc_column_text][vc_empty_space height=\u00a0\u00bb25px\u00a0\u00bb]<div class=\"hr-thin style-dotted accent-border-color\" style=\"width: 100%;border-top-width: 1px;\"><\/div>[\/vc_column_inner][\/vc_row_inner][vc_empty_space height=\u00a0\u00bb20px\u00a0\u00bb][vc_row_inner][vc_column_inner width=\u00a0\u00bb1\/3&Prime;][vc_column_text]<\/p>\n<h4>Mari\u00e1n \u0160kybraha<\/h4>\n<p><img loading=\"lazy\" decoding=\"async\" class=\"flags\" src=\"https:\/\/www.zvlslovakia.sk\/flags\/slovakia-flag.png\" alt=\"Slovakia\" width=\"25\" height=\"25\" \/> <img loading=\"lazy\" decoding=\"async\" class=\"flags\" src=\"https:\/\/www.zvlslovakia.sk\/flags\/united-states-flag.png\" alt=\"English\" width=\"25\" height=\"25\" \/> <img loading=\"lazy\" decoding=\"async\" class=\"flags\" src=\"https:\/\/www.zvlslovakia.sk\/flags\/germany-flag.png\" alt=\"Germany\" width=\"25\" height=\"25\" \/><br \/>\ntel.: <strong>+421 41 707 60 27<\/strong><br \/>\nfax: <strong>+421 41 707 60 23<\/strong><br \/>\ne-mail: <a href=\"mailto:skybraha@zvlslovakia.sk\">skybraha@zvlslovakia.sk<\/a>[\/vc_column_text][vc_empty_space height=\u00a0\u00bb25px\u00a0\u00bb]<div class=\"hr-thin style-dotted accent-border-color\" style=\"width: 100%;border-top-width: 1px;\"><\/div>[\/vc_column_inner][vc_column_inner width=\u00a0\u00bb1\/3&Prime;][vc_column_text]<\/p>\n<h4>Dana Vr\u00fabe\u013eov\u00e1<\/h4>\n<p><img loading=\"lazy\" decoding=\"async\" class=\"flags\" src=\"https:\/\/www.zvlslovakia.sk\/flags\/slovakia-flag.png\" alt=\"Slovakia\" width=\"25\" height=\"25\" \/><br \/>\ntel.: <strong>+421 41 707 60 70<\/strong><br \/>\nfax: <strong>+421 41 707 60 23<\/strong><br \/>\ne-mail: <a href=\"mailto:vrubelova@zvlslovakia.sk\">vrubelova@zvlslovakia.sk<\/a>[\/vc_column_text][vc_empty_space height=\u00a0\u00bb25px\u00a0\u00bb]<div class=\"hr-thin style-dotted accent-border-color\" style=\"width: 100%;border-top-width: 1px;\"><\/div>[\/vc_column_inner][vc_column_inner width=\u00a0\u00bb1\/3&Prime;][vc_column_text]<\/p>\n<h4>Laura Bado<\/h4>\n<p><img loading=\"lazy\" decoding=\"async\" class=\"flags\" src=\"https:\/\/www.zvlslovakia.sk\/flags\/slovakia-flag.png\" alt=\"Slovakia\" width=\"25\" height=\"25\" \/> <img loading=\"lazy\" decoding=\"async\" class=\"flags\" src=\"https:\/\/www.zvlslovakia.sk\/flags\/united-states-flag.png\" alt=\"English\" width=\"25\" height=\"25\" \/> <img loading=\"lazy\" decoding=\"async\" class=\"flags\" src=\"https:\/\/www.zvlslovakia.sk\/flags\/spain-flag.png\" alt=\"Spain\" width=\"25\" height=\"25\" \/><br \/>\ntel.: <strong>+421 41 707 60 14<\/strong><br \/>\nfax: <strong>+421 41 707 60 23<\/strong><br \/>\ne-mail: <a href=\"mailto:laura.bado@zvlslovakia.sk\">laura.bado@zvlslovakia.sk<\/a>[\/vc_column_text][vc_empty_space height=\u00a0\u00bb25px\u00a0\u00bb]<div class=\"hr-thin style-dotted accent-border-color\" style=\"width: 100%;border-top-width: 1px;\"><\/div>[\/vc_column_inner][\/vc_row_inner][vc_empty_space height=\u00a0\u00bb20px\u00a0\u00bb][vc_row_inner][vc_column_inner width=\u00a0\u00bb1\/3&Prime;][vc_column_text]<\/p>\n<h4>Nat\u00e1lija Korzun<\/h4>\n<p><img loading=\"lazy\" decoding=\"async\" class=\"flags\" src=\"https:\/\/www.zvlslovakia.sk\/flags\/slovakia-flag.png\" alt=\"Slovakia\" width=\"25\" height=\"25\" \/> <img loading=\"lazy\" decoding=\"async\" class=\"flags\" src=\"https:\/\/www.zvlslovakia.sk\/flags\/united-states-flag.png\" alt=\"English\" width=\"25\" height=\"25\" \/> <img loading=\"lazy\" decoding=\"async\" class=\"flags\" src=\"https:\/\/www.zvlslovakia.sk\/flags\/germany-flag.png\" alt=\"Germany\" width=\"25\" height=\"25\" \/> <img loading=\"lazy\" decoding=\"async\" class=\"flags\" src=\"https:\/\/www.zvlslovakia.sk\/flags\/russia-flag.png\" alt=\"Russia\" width=\"25\" height=\"25\" \/><br \/>\ntel.: <strong>+421 41 707 60 12<\/strong><br \/>\nfax: <strong>+421 41 707 60 23<\/strong><br \/>\ne-mail: <a href=\"mailto:korzun@zvlslovakia.sk\">korzun@zvlslovakia.sk<\/a>[\/vc_column_text][\/vc_column_inner][vc_column_inner width=\u00a0\u00bb1\/3&Prime;][vc_column_text]<\/p>\n<h4>Tom\u00e1\u0161 Mravec<\/h4>\n<p><img loading=\"lazy\" decoding=\"async\" class=\"flags\" src=\"https:\/\/www.zvlslovakia.sk\/flags\/slovakia-flag.png\" alt=\"Slovakia\" width=\"25\" height=\"25\" \/> <img loading=\"lazy\" decoding=\"async\" class=\"flags\" src=\"https:\/\/www.zvlslovakia.sk\/flags\/united-states-flag.png\" alt=\"English\" width=\"25\" height=\"25\" \/><br \/>\ntel.: <strong>+421 41 707 60 26<\/strong><br \/>\nfax: <strong>+421 41 707 60 23<\/strong><br \/>\ne-mail: <a href=\"mailto:tomas.mravec@zvlslovakia.sk\">tomas.mravec@zvlslovakia.sk<\/a>[\/vc_column_text][\/vc_column_inner][vc_column_inner width=\u00a0\u00bb1\/3&Prime;][vc_column_text]<\/p>\n<h4>Hadi Shabani<\/h4>\n<p><img loading=\"lazy\" decoding=\"async\" class=\"flags\" src=\"https:\/\/www.zvlslovakia.sk\/flags\/slovakia-flag.png\" alt=\"Slovakia\" width=\"25\" height=\"25\" \/> <img loading=\"lazy\" decoding=\"async\" class=\"flags\" src=\"https:\/\/www.zvlslovakia.sk\/flags\/united-states-flag.png\" alt=\"English\" width=\"25\" height=\"25\" \/><br \/>\ntel.: <strong>+ 421 911 757 674<\/strong><br \/>\nfax: <strong>+421 41 707 60 23<\/strong><br \/>\ne-mail: <a href=\"mailto:hadi@zvlslovakia.sk\">hadi@zvlslovakia.sk<\/a>[\/vc_column_text][\/vc_column_inner][\/vc_row_inner][\/vc_column][\/vc_row]<\/p>\n<\/section>","protected":false},"excerpt":{"rendered":"<p>[vc_row][vc_column][vc_column_text css=\u00a0\u00bb.vc_custom_1656063266004{padding-top: 30px !important;padding-bottom: 30px !important;background-color: #0056a1 !important;}\u00a0\u00bb] Notre exp\u00e9rience \u2013 Votre satisfaction et croissance ! [\/vc_column_text][vc_empty_space height=\u00a0\u00bb30px\u00a0\u00bb][vc_row_inner][vc_column_inner width=\u00a0\u00bb1\/3&Prime;][vc_column_text] Peter Folt\u00e1n tel.: +421 41 707 60 71 fax: +421 41 707 60 23 e-mail: foltan@zvlslovakia.sk[\/vc_column_text][vc_empty_space height=\u00a0\u00bb25px\u00a0\u00bb][\/vc_column_inner][vc_column_inner width=\u00a0\u00bb1\/3&Prime;][vc_column_text] Mari\u00e1n \u010cibenka tel.: +421 41 707 60 15 fax: +421 41 707 60 23 e-mail: cibenka@zvlslovakia.sk[\/vc_column_text][vc_empty_space height=\u00a0\u00bb25px\u00a0\u00bb][\/vc_column_inner][vc_column_inner width=\u00a0\u00bb1\/3&Prime;][vc_column_text]&hellip;<\/p>\n","protected":false},"author":1,"featured_media":0,"parent":45333,"menu_order":0,"comment_status":"closed","ping_status":"closed","template":"","meta":{"om_disable_all_campaigns":false,"_uf_show_specific_survey":0,"_uf_disable_surveys":false,"footnotes":"","_links_to":"","_links_to_target":""},"class_list":["post-57934","page","type-page","status-publish","hentry","description-off"],"aioseo_notices":[],"yoast_head":"<!-- This site is optimized with the Yoast SEO Premium plugin v18.3 (Yoast SEO v27.4) - https:\/\/yoast.com\/product\/yoast-seo-premium-wordpress\/ -->\n<title>Equipe commercial de ZVL SLOVAKIA | ZVL SLOVAKIA<\/title>\n<meta name=\"description\" content=\"Our experiences \u2013 Your satisfaction and growth ! Peter Folt\u00e1n phone: +421 41 707 60 71 fax: +421 41 707 60 23 e-mail: foltan@zvlslovakia.sk Mari\u00e1n \u010cibenka\" \/>\n<meta name=\"robots\" content=\"index, follow, max-snippet:-1, max-image-preview:large, max-video-preview:-1\" \/>\n<link rel=\"canonical\" href=\"https:\/\/www.zvlslovakia.com\/fr\/contact\/zvl-slovakia-sales-team\/\" \/>\n<meta property=\"og:locale\" content=\"fr_FR\" \/>\n<meta property=\"og:type\" content=\"article\" \/>\n<meta property=\"og:title\" content=\"Equipe commercial de ZVL SLOVAKIA\" \/>\n<meta property=\"og:description\" content=\"Our experiences \u2013 Your satisfaction and growth ! Peter Folt\u00e1n phone: +421 41 707 60 71 fax: +421 41 707 60 23 e-mail: foltan@zvlslovakia.sk Mari\u00e1n \u010cibenka\" \/>\n<meta property=\"og:url\" content=\"https:\/\/www.zvlslovakia.com\/fr\/contact\/zvl-slovakia-sales-team\/\" \/>\n<meta property=\"og:site_name\" content=\"ZVL SLOVAKIA\" \/>\n<meta property=\"article:modified_time\" content=\"2024-12-08T09:11:49+00:00\" \/>\n<meta property=\"og:image\" content=\"https:\/\/www.zvlslovakia.sk\/flags\/slovakia-flag.png\" \/>\n<meta name=\"twitter:card\" content=\"summary_large_image\" \/>\n<meta name=\"twitter:label1\" content=\"Dur\u00e9e de lecture estim\u00e9e\" \/>\n\t<meta name=\"twitter:data1\" content=\"6 minutes\" \/>\n<script type=\"application\/ld+json\" class=\"yoast-schema-graph\">{\"@context\":\"https:\\\/\\\/schema.org\",\"@graph\":[{\"@type\":\"WebPage\",\"@id\":\"https:\\\/\\\/www.zvlslovakia.com\\\/fr\\\/contact\\\/zvl-slovakia-sales-team\\\/\",\"url\":\"https:\\\/\\\/www.zvlslovakia.com\\\/fr\\\/contact\\\/zvl-slovakia-sales-team\\\/\",\"name\":\"Equipe commercial de ZVL SLOVAKIA | ZVL SLOVAKIA\",\"isPartOf\":{\"@id\":\"https:\\\/\\\/www.zvlslovakia.com\\\/fr\\\/#website\"},\"primaryImageOfPage\":{\"@id\":\"https:\\\/\\\/www.zvlslovakia.com\\\/fr\\\/contact\\\/zvl-slovakia-sales-team\\\/#primaryimage\"},\"image\":{\"@id\":\"https:\\\/\\\/www.zvlslovakia.com\\\/contact\\\/zvl-slovakia-sales-team\\\/#primaryimage\"},\"thumbnailUrl\":\"https:\\\/\\\/www.zvlslovakia.sk\\\/flags\\\/slovakia-flag.png\",\"datePublished\":\"2022-03-27T12:40:23+00:00\",\"dateModified\":\"2024-12-08T09:11:49+00:00\",\"description\":\"Our experiences \u2013 Your satisfaction and growth ! Peter Folt\u00e1n phone: +421 41 707 60 71 fax: +421 41 707 60 23 e-mail: foltan@zvlslovakia.sk Mari\u00e1n \u010cibenka\",\"breadcrumb\":{\"@id\":\"https:\\\/\\\/www.zvlslovakia.com\\\/fr\\\/contact\\\/zvl-slovakia-sales-team\\\/#breadcrumb\"},\"inLanguage\":\"fr-FR\",\"potentialAction\":[{\"@type\":\"ReadAction\",\"target\":[[\"https:\\\/\\\/www.zvlslovakia.com\\\/fr\\\/contact\\\/zvl-slovakia-sales-team\\\/\"]]}]},{\"@type\":\"ImageObject\",\"inLanguage\":\"fr-FR\",\"@id\":\"https:\\\/\\\/www.zvlslovakia.com\\\/fr\\\/contact\\\/zvl-slovakia-sales-team\\\/#primaryimage\",\"url\":\"https:\\\/\\\/www.zvlslovakia.sk\\\/flags\\\/slovakia-flag.png\",\"contentUrl\":\"https:\\\/\\\/www.zvlslovakia.sk\\\/flags\\\/slovakia-flag.png\"},{\"@type\":\"BreadcrumbList\",\"@id\":\"https:\\\/\\\/www.zvlslovakia.com\\\/fr\\\/contact\\\/zvl-slovakia-sales-team\\\/#breadcrumb\",\"itemListElement\":[{\"@type\":\"ListItem\",\"position\":1,\"name\":\"Home\",\"item\":\"https:\\\/\\\/www.zvlslovakia.com\\\/fr\\\/\"},{\"@type\":\"ListItem\",\"position\":2,\"name\":\"Contact information\",\"item\":\"https:\\\/\\\/www.zvlslovakia.com\\\/fr\\\/contact\\\/\"},{\"@type\":\"ListItem\",\"position\":3,\"name\":\"ZVL SLOVAKIA \u2013 sales team\"}]},{\"@type\":\"WebSite\",\"@id\":\"https:\\\/\\\/www.zvlslovakia.com\\\/fr\\\/#website\",\"url\":\"https:\\\/\\\/www.zvlslovakia.com\\\/fr\\\/\",\"name\":\"ZVL SLOVAKIA\",\"description\":\"Manufacturing and sale of bearings\",\"publisher\":{\"@id\":\"https:\\\/\\\/www.zvlslovakia.com\\\/fr\\\/#organization\"},\"potentialAction\":[{\"@type\":\"SearchAction\",\"target\":{\"@type\":\"EntryPoint\",\"urlTemplate\":\"https:\\\/\\\/www.zvlslovakia.com\\\/fr\\\/?s={search_term_string}\"},\"query-input\":{\"@type\":\"PropertyValueSpecification\",\"valueRequired\":true,\"valueName\":\"search_term_string\"}}],\"inLanguage\":\"fr-FR\"},{\"@type\":\"Organization\",\"@id\":\"https:\\\/\\\/www.zvlslovakia.com\\\/fr\\\/#organization\",\"name\":\"ZVLSLOVAKIA, a.s.\",\"url\":\"https:\\\/\\\/www.zvlslovakia.com\\\/fr\\\/\",\"logo\":{\"@type\":\"ImageObject\",\"inLanguage\":\"fr-FR\",\"@id\":\"https:\\\/\\\/www.zvlslovakia.com\\\/fr\\\/#\\\/schema\\\/logo\\\/image\\\/\",\"url\":\"https:\\\/\\\/www.zvlslovakia.com\\\/wp-content\\\/uploads\\\/2021\\\/10\\\/ZVL-logo-2021-normal.png\",\"contentUrl\":\"https:\\\/\\\/www.zvlslovakia.com\\\/wp-content\\\/uploads\\\/2021\\\/10\\\/ZVL-logo-2021-normal.png\",\"width\":250,\"height\":70,\"caption\":\"ZVLSLOVAKIA, a.s.\"},\"image\":{\"@id\":\"https:\\\/\\\/www.zvlslovakia.com\\\/fr\\\/#\\\/schema\\\/logo\\\/image\\\/\"}}]}<\/script>\n<!-- \/ Yoast SEO Premium plugin. -->","yoast_head_json":{"title":"Equipe commercial de ZVL SLOVAKIA | ZVL SLOVAKIA","description":"Our experiences \u2013 Your satisfaction and growth ! Peter Folt\u00e1n phone: +421 41 707 60 71 fax: +421 41 707 60 23 e-mail: foltan@zvlslovakia.sk Mari\u00e1n \u010cibenka","robots":{"index":"index","follow":"follow","max-snippet":"max-snippet:-1","max-image-preview":"max-image-preview:large","max-video-preview":"max-video-preview:-1"},"canonical":"https:\/\/www.zvlslovakia.com\/fr\/contact\/zvl-slovakia-sales-team\/","og_locale":"fr_FR","og_type":"article","og_title":"Equipe commercial de ZVL SLOVAKIA","og_description":"Our experiences \u2013 Your satisfaction and growth ! Peter Folt\u00e1n phone: +421 41 707 60 71 fax: +421 41 707 60 23 e-mail: foltan@zvlslovakia.sk Mari\u00e1n \u010cibenka","og_url":"https:\/\/www.zvlslovakia.com\/fr\/contact\/zvl-slovakia-sales-team\/","og_site_name":"ZVL SLOVAKIA","article_modified_time":"2024-12-08T09:11:49+00:00","og_image":[{"url":"https:\/\/www.zvlslovakia.sk\/flags\/slovakia-flag.png","type":"","width":"","height":""}],"twitter_card":"summary_large_image","twitter_misc":{"Dur\u00e9e de lecture estim\u00e9e":"6 minutes"},"schema":{"@context":"https:\/\/schema.org","@graph":[{"@type":"WebPage","@id":"https:\/\/www.zvlslovakia.com\/fr\/contact\/zvl-slovakia-sales-team\/","url":"https:\/\/www.zvlslovakia.com\/fr\/contact\/zvl-slovakia-sales-team\/","name":"Equipe commercial de ZVL SLOVAKIA | ZVL SLOVAKIA","isPartOf":{"@id":"https:\/\/www.zvlslovakia.com\/fr\/#website"},"primaryImageOfPage":{"@id":"https:\/\/www.zvlslovakia.com\/fr\/contact\/zvl-slovakia-sales-team\/#primaryimage"},"image":{"@id":"https:\/\/www.zvlslovakia.com\/contact\/zvl-slovakia-sales-team\/#primaryimage"},"thumbnailUrl":"https:\/\/www.zvlslovakia.sk\/flags\/slovakia-flag.png","datePublished":"2022-03-27T12:40:23+00:00","dateModified":"2024-12-08T09:11:49+00:00","description":"Our experiences \u2013 Your satisfaction and growth ! Peter Folt\u00e1n phone: +421 41 707 60 71 fax: +421 41 707 60 23 e-mail: foltan@zvlslovakia.sk Mari\u00e1n \u010cibenka","breadcrumb":{"@id":"https:\/\/www.zvlslovakia.com\/fr\/contact\/zvl-slovakia-sales-team\/#breadcrumb"},"inLanguage":"fr-FR","potentialAction":[{"@type":"ReadAction","target":[["https:\/\/www.zvlslovakia.com\/fr\/contact\/zvl-slovakia-sales-team\/"]]}]},{"@type":"ImageObject","inLanguage":"fr-FR","@id":"https:\/\/www.zvlslovakia.com\/fr\/contact\/zvl-slovakia-sales-team\/#primaryimage","url":"https:\/\/www.zvlslovakia.sk\/flags\/slovakia-flag.png","contentUrl":"https:\/\/www.zvlslovakia.sk\/flags\/slovakia-flag.png"},{"@type":"BreadcrumbList","@id":"https:\/\/www.zvlslovakia.com\/fr\/contact\/zvl-slovakia-sales-team\/#breadcrumb","itemListElement":[{"@type":"ListItem","position":1,"name":"Home","item":"https:\/\/www.zvlslovakia.com\/fr\/"},{"@type":"ListItem","position":2,"name":"Contact information","item":"https:\/\/www.zvlslovakia.com\/fr\/contact\/"},{"@type":"ListItem","position":3,"name":"ZVL SLOVAKIA \u2013 sales team"}]},{"@type":"WebSite","@id":"https:\/\/www.zvlslovakia.com\/fr\/#website","url":"https:\/\/www.zvlslovakia.com\/fr\/","name":"ZVL SLOVAKIA","description":"Manufacturing and sale of bearings","publisher":{"@id":"https:\/\/www.zvlslovakia.com\/fr\/#organization"},"potentialAction":[{"@type":"SearchAction","target":{"@type":"EntryPoint","urlTemplate":"https:\/\/www.zvlslovakia.com\/fr\/?s={search_term_string}"},"query-input":{"@type":"PropertyValueSpecification","valueRequired":true,"valueName":"search_term_string"}}],"inLanguage":"fr-FR"},{"@type":"Organization","@id":"https:\/\/www.zvlslovakia.com\/fr\/#organization","name":"ZVLSLOVAKIA, a.s.","url":"https:\/\/www.zvlslovakia.com\/fr\/","logo":{"@type":"ImageObject","inLanguage":"fr-FR","@id":"https:\/\/www.zvlslovakia.com\/fr\/#\/schema\/logo\/image\/","url":"https:\/\/www.zvlslovakia.com\/wp-content\/uploads\/2021\/10\/ZVL-logo-2021-normal.png","contentUrl":"https:\/\/www.zvlslovakia.com\/wp-content\/uploads\/2021\/10\/ZVL-logo-2021-normal.png","width":250,"height":70,"caption":"ZVLSLOVAKIA, a.s."},"image":{"@id":"https:\/\/www.zvlslovakia.com\/fr\/#\/schema\/logo\/image\/"}}]}},"_links":{"self":[{"href":"https:\/\/www.zvlslovakia.com\/fr\/wp-json\/wp\/v2\/pages\/57934","targetHints":{"allow":["GET"]}}],"collection":[{"href":"https:\/\/www.zvlslovakia.com\/fr\/wp-json\/wp\/v2\/pages"}],"about":[{"href":"https:\/\/www.zvlslovakia.com\/fr\/wp-json\/wp\/v2\/types\/page"}],"author":[{"embeddable":true,"href":"https:\/\/www.zvlslovakia.com\/fr\/wp-json\/wp\/v2\/users\/1"}],"replies":[{"embeddable":true,"href":"https:\/\/www.zvlslovakia.com\/fr\/wp-json\/wp\/v2\/comments?post=57934"}],"version-history":[{"count":13,"href":"https:\/\/www.zvlslovakia.com\/fr\/wp-json\/wp\/v2\/pages\/57934\/revisions"}],"predecessor-version":[{"id":59687,"href":"https:\/\/www.zvlslovakia.com\/fr\/wp-json\/wp\/v2\/pages\/57934\/revisions\/59687"}],"up":[{"embeddable":true,"href":"https:\/\/www.zvlslovakia.com\/fr\/wp-json\/wp\/v2\/pages\/45333"}],"wp:attachment":[{"href":"https:\/\/www.zvlslovakia.com\/fr\/wp-json\/wp\/v2\/media?parent=57934"}],"curies":[{"name":"wp","href":"https:\/\/api.w.org\/{rel}","templated":true}]}}