{"id":57967,"date":"2022-03-27T16:15:38","date_gmt":"2022-03-27T14:15:38","guid":{"rendered":"https:\/\/en.renad.sk\/?page_id=57967"},"modified":"2025-10-05T10:11:59","modified_gmt":"2025-10-05T08:11:59","slug":"special-offer","status":"publish","type":"page","link":"https:\/\/www.zvlslovakia.com\/fr\/special-offer\/","title":{"rendered":"Offre sp\u00e9ciale de roulements"},"content":{"rendered":"<section class=\"wpb-content-wrapper\"><p>[vc_row css=\u00a0\u00bb.vc_custom_1648390912342{padding-top: 30px !important;padding-bottom: 30px !important;background-color: #0056a1 !important;}\u00a0\u00bb][vc_column][vc_column_text]<\/p>\n<h3 style=\"text-align: center;\"><span style=\"color: #ffcc00;\">Update \u2013 04\/2026<\/span><\/h3>\n<p>[\/vc_column_text][\/vc_column][\/vc_row][vc_row][vc_column][vc_empty_space height=\u00a0\u00bb20px\u00a0\u00bb][\/vc_column][\/vc_row][vc_row][vc_column][vc_column_text]<\/p>\n<h4>Cher partenaire commercial,<br \/>\nNous attirons votre attention sur la partie de notre stock portant le nom OFFRE SP\u00c9CIALE.<\/h4>\n<p><strong>Nous vous offrons ces roulements, en tant que client, avec des prix r\u00e9duits sp\u00e9ciaux:<\/strong>[\/vc_column_text][\/vc_column][\/vc_row][vc_row][vc_column][vc_empty_space height=\u00a0\u00bb15px\u00a0\u00bb][\/vc_column][\/vc_row][vc_row][vc_column][vc_column_text]\n<table id=\"tablepress-6-no-4\" class=\"tablepress tablepress-id-6\">\n<thead>\n<tr class=\"row-1\">\n\t<th class=\"column-1\"><em><strong>Special offer on bearings 2025<\/strong><\/em><\/th><td class=\"column-2\"><\/td><td class=\"column-3\"><\/td><td class=\"column-4\"><\/td><td class=\"column-5\"><\/td><td class=\"column-6\"><\/td><td class=\"column-7\"><\/td>\n<\/tr>\n<\/thead>\n<tbody class=\"row-striping\">\n<tr class=\"row-2\">\n\t<td class=\"column-1\"><\/td><td class=\"column-2\"><\/td><td class=\"column-3\"><\/td><td class=\"column-4\"><\/td><td class=\"column-5\"><\/td><td class=\"column-6\"><\/td><td class=\"column-7\"><\/td>\n<\/tr>\n<tr class=\"row-3\">\n\t<td class=\"column-1\"><\/td><td class=\"column-2\"><\/td><td class=\"column-3\"><\/td><td class=\"column-4\"><\/td><td class=\"column-5\"><\/td><td class=\"column-6\"><\/td><td class=\"column-7\"><\/td>\n<\/tr>\n<tr class=\"row-4\">\n\t<td class=\"column-1\">Code<\/td><td class=\"column-2\">Type<\/td><td class=\"column-3\">Volume pcs<\/td><td class=\"column-4\">Special offer \u20ac\/pc<\/td><td class=\"column-5\"><\/td><td class=\"column-6\"><\/td><td class=\"column-7\"><\/td>\n<\/tr>\n<tr class=\"row-5\">\n\t<td class=\"column-1\">A061806010003<\/td><td class=\"column-2\">61806<\/td><td class=\"column-3\">240<\/td><td class=\"column-4\">0,76\u20ac<\/td><td class=\"column-5\"><\/td><td class=\"column-6\"><\/td><td class=\"column-7\"><\/td>\n<\/tr>\n<tr class=\"row-6\">\n\t<td class=\"column-1\">A061902010003<\/td><td class=\"column-2\">61902<\/td><td class=\"column-3\">657<\/td><td class=\"column-4\">0,29\u20ac<\/td><td class=\"column-5\"><\/td><td class=\"column-6\"><\/td><td class=\"column-7\"><\/td>\n<\/tr>\n<tr class=\"row-7\">\n\t<td class=\"column-1\">E2230808990A4<\/td><td class=\"column-2\">230\/800KW33M<\/td><td class=\"column-3\">1<\/td><td class=\"column-4\">4 355,25\u20ac<\/td><td class=\"column-5\"><\/td><td class=\"column-6\"><\/td><td class=\"column-7\"><\/td>\n<\/tr>\n<tr class=\"row-8\">\n\t<td class=\"column-1\">E1230608993A4<\/td><td class=\"column-2\">23060KW33M C3<\/td><td class=\"column-3\">12<\/td><td class=\"column-4\">252,80\u20ac<\/td><td class=\"column-5\"><\/td><td class=\"column-6\"><\/td><td class=\"column-7\"><\/td>\n<\/tr>\n<tr class=\"row-9\">\n\t<td class=\"column-1\">E123248897304<\/td><td class=\"column-2\">23248EKW33J C3<\/td><td class=\"column-3\">7<\/td><td class=\"column-4\">413,29\u20ac<\/td><td class=\"column-5\"><\/td><td class=\"column-6\"><\/td><td class=\"column-7\"><\/td>\n<\/tr>\n<tr class=\"row-10\">\n\t<td class=\"column-1\">E123280899004<\/td><td class=\"column-2\">23280KW33M<\/td><td class=\"column-3\">1<\/td><td class=\"column-4\">1 986,94\u20ac<\/td><td class=\"column-5\"><\/td><td class=\"column-6\"><\/td><td class=\"column-7\"><\/td>\n<\/tr>\n<tr class=\"row-11\">\n\t<td class=\"column-1\">E124072898004<\/td><td class=\"column-2\">24072W33M<\/td><td class=\"column-3\">3<\/td><td class=\"column-4\">821,29\u20ac<\/td><td class=\"column-5\"><\/td><td class=\"column-6\"><\/td><td class=\"column-7\"><\/td>\n<\/tr>\n<tr class=\"row-12\">\n\t<td class=\"column-1\">A603300735103<\/td><td class=\"column-2\">3300E<\/td><td class=\"column-3\">2 000<\/td><td class=\"column-4\">2,12\u20ac<\/td><td class=\"column-5\"><\/td><td class=\"column-6\"><\/td><td class=\"column-7\"><\/td>\n<\/tr>\n<tr class=\"row-13\">\n\t<td class=\"column-1\">A006072753004<\/td><td class=\"column-2\">6072M<\/td><td class=\"column-3\">7<\/td><td class=\"column-4\">552,36\u20ac<\/td><td class=\"column-5\"><\/td><td class=\"column-6\"><\/td><td class=\"column-7\"><\/td>\n<\/tr>\n<tr class=\"row-14\">\n\t<td class=\"column-1\">A207306714003<\/td><td class=\"column-2\">7306B<\/td><td class=\"column-3\">7 354<\/td><td class=\"column-4\">2,91\u20ac<\/td><td class=\"column-5\"><\/td><td class=\"column-6\"><\/td><td class=\"column-7\"><\/td>\n<\/tr>\n<tr class=\"row-15\">\n\t<td class=\"column-1\">P2FG217986001<\/td><td class=\"column-2\">FG217<\/td><td class=\"column-3\">238<\/td><td class=\"column-4\">10,20\u20ac<\/td><td class=\"column-5\"><\/td><td class=\"column-6\"><\/td><td class=\"column-7\"><\/td>\n<\/tr>\n<tr class=\"row-16\">\n\t<td class=\"column-1\">P2FM203986201<\/td><td class=\"column-2\">FM203<\/td><td class=\"column-3\">181<\/td><td class=\"column-4\">0,61\u20ac<\/td><td class=\"column-5\"><\/td><td class=\"column-6\"><\/td><td class=\"column-7\"><\/td>\n<\/tr>\n<tr class=\"row-17\">\n\t<td class=\"column-1\">P2FM217986201<\/td><td class=\"column-2\">FM217<\/td><td class=\"column-3\">294<\/td><td class=\"column-4\">7,74\u20ac<\/td><td class=\"column-5\"><\/td><td class=\"column-6\"><\/td><td class=\"column-7\"><\/td>\n<\/tr>\n<tr class=\"row-18\">\n\t<td class=\"column-1\">P0SG217986101<\/td><td class=\"column-2\">SG217<\/td><td class=\"column-3\">262<\/td><td class=\"column-4\">9,02\u20ac<\/td><td class=\"column-5\"><\/td><td class=\"column-6\"><\/td><td class=\"column-7\"><\/td>\n<\/tr>\n<tr class=\"row-19\">\n\t<td class=\"column-1\">B005211786303<\/td><td class=\"column-2\">NU5211M C3<\/td><td class=\"column-3\">108<\/td><td class=\"column-4\">12,56\u20ac<\/td><td class=\"column-5\"><\/td><td class=\"column-6\"><\/td><td class=\"column-7\"><\/td>\n<\/tr>\n<tr class=\"row-20\">\n\t<td class=\"column-1\">B005212786303<\/td><td class=\"column-2\">NU5212M C3<\/td><td class=\"column-3\">116<\/td><td class=\"column-4\">14,91\u20ac<\/td><td class=\"column-5\"><\/td><td class=\"column-6\"><\/td><td class=\"column-7\"><\/td>\n<\/tr>\n<tr class=\"row-21\">\n\t<td class=\"column-1\">B005213786303<\/td><td class=\"column-2\">NU5213M C3<\/td><td class=\"column-3\">135<\/td><td class=\"column-4\">19,26\u20ac<\/td><td class=\"column-5\"><\/td><td class=\"column-6\"><\/td><td class=\"column-7\"><\/td>\n<\/tr>\n<tr class=\"row-22\">\n\t<td class=\"column-1\">B005214786303<\/td><td class=\"column-2\">NU5214M C3<\/td><td class=\"column-3\">119<\/td><td class=\"column-4\">21,86\u20ac<\/td><td class=\"column-5\"><\/td><td class=\"column-6\"><\/td><td class=\"column-7\"><\/td>\n<\/tr>\n<tr class=\"row-23\">\n\t<td class=\"column-1\">B005218786303<\/td><td class=\"column-2\">NU5215M C3<\/td><td class=\"column-3\">75<\/td><td class=\"column-4\">23,49\u20ac<\/td><td class=\"column-5\"><\/td><td class=\"column-6\"><\/td><td class=\"column-7\"><\/td>\n<\/tr>\n<tr class=\"row-24\">\n\t<td class=\"column-1\">B005216786303<\/td><td class=\"column-2\">NU5216M C3<\/td><td class=\"column-3\">107<\/td><td class=\"column-4\">28,35\u20ac<\/td><td class=\"column-5\"><\/td><td class=\"column-6\"><\/td><td class=\"column-7\"><\/td>\n<\/tr>\n<tr class=\"row-25\">\n\t<td class=\"column-1\">B005218786303<\/td><td class=\"column-2\">NU5218M C3<\/td><td class=\"column-3\">75<\/td><td class=\"column-4\">44,81\u20ac<\/td><td class=\"column-5\"><\/td><td class=\"column-6\"><\/td><td class=\"column-7\"><\/td>\n<\/tr>\n<tr class=\"row-26\">\n\t<td class=\"column-1\">B005220786303<\/td><td class=\"column-2\">NU5220M C3<\/td><td class=\"column-3\">4<\/td><td class=\"column-4\">70,24\u20ac<\/td><td class=\"column-5\"><\/td><td class=\"column-6\"><\/td><td class=\"column-7\"><\/td>\n<\/tr>\n<tr class=\"row-27\">\n\t<td class=\"column-1\">B005222786303<\/td><td class=\"column-2\">NU5222M C3<\/td><td class=\"column-3\">6<\/td><td class=\"column-4\">101,52\u20ac<\/td><td class=\"column-5\"><\/td><td class=\"column-6\"><\/td><td class=\"column-7\"><\/td>\n<\/tr>\n<\/tbody>\n<\/table>\n[\/vc_column_text][\/vc_column][\/vc_row][vc_row][vc_column][vc_empty_space height=\u00a0\u00bb10px\u00a0\u00bb][\/vc_column][\/vc_row][vc_row][vc_column][vc_column_text]Les prix sont valables pour la quantit\u00e9 offerte. Si n\u00e9cessaire, les conditions peuvent \u00eatre n\u00e9goci\u00e9es individuellement.[\/vc_column_text][\/vc_column][\/vc_row]<\/p>\n<\/section>","protected":false},"excerpt":{"rendered":"<p>[vc_row css=\u00a0\u00bb.vc_custom_1648390912342{padding-top: 30px !important;padding-bottom: 30px !important;background-color: #0056a1 !important;}\u00a0\u00bb][vc_column][vc_column_text] Update \u2013 [\/vc_column_text][\/vc_column][\/vc_row][vc_row][vc_column][vc_empty_space height=\u00a0\u00bb20px\u00a0\u00bb][\/vc_column][\/vc_row][vc_row][vc_column][vc_column_text] Cher partenaire commercial, Nous attirons votre attention sur la partie de notre stock portant le nom OFFRE SP\u00c9CIALE. Nous vous offrons ces roulements, en tant que client, avec des prix r\u00e9duits sp\u00e9ciaux:[\/vc_column_text][\/vc_column][\/vc_row][vc_row][vc_column][vc_empty_space height=\u00a0\u00bb15px\u00a0\u00bb][\/vc_column][\/vc_row][vc_row][vc_column][vc_column_text][\/vc_column_text][\/vc_column][\/vc_row][vc_row][vc_column][vc_empty_space height=\u00a0\u00bb10px\u00a0\u00bb][\/vc_column][\/vc_row][vc_row][vc_column][vc_column_text]Les prix sont valables pour la quantit\u00e9 offerte. Si n\u00e9cessaire,&hellip;<\/p>\n","protected":false},"author":1,"featured_media":0,"parent":0,"menu_order":0,"comment_status":"closed","ping_status":"closed","template":"","meta":{"om_disable_all_campaigns":false,"_uf_show_specific_survey":0,"_uf_disable_surveys":false,"footnotes":"","_links_to":"","_links_to_target":""},"class_list":["post-57967","page","type-page","status-publish","hentry","description-off"],"aioseo_notices":[],"yoast_head":"<!-- This site is optimized with the Yoast SEO Premium plugin v18.3 (Yoast SEO v27.4) - https:\/\/yoast.com\/product\/yoast-seo-premium-wordpress\/ -->\n<title>Offre sp\u00e9ciale de roulements | ZVL SLOVAKIA<\/title>\n<meta name=\"description\" content=\"Update \u2013 Dear business partner, We would like to notice you to the part of our stock (list is below) with the name SPECIAL OFFER. We offer these bearings\" \/>\n<meta name=\"robots\" content=\"index, follow, max-snippet:-1, max-image-preview:large, max-video-preview:-1\" \/>\n<link rel=\"canonical\" href=\"https:\/\/www.zvlslovakia.com\/fr\/special-offer\/\" \/>\n<meta property=\"og:locale\" content=\"fr_FR\" \/>\n<meta property=\"og:type\" content=\"article\" \/>\n<meta property=\"og:title\" content=\"Offre sp\u00e9ciale de roulements\" \/>\n<meta property=\"og:description\" content=\"Update \u2013 Dear business partner, We would like to notice you to the part of our stock (list is below) with the name SPECIAL OFFER. We offer these bearings\" \/>\n<meta property=\"og:url\" content=\"https:\/\/www.zvlslovakia.com\/fr\/special-offer\/\" \/>\n<meta property=\"og:site_name\" content=\"ZVL SLOVAKIA\" \/>\n<meta property=\"article:modified_time\" content=\"2025-10-05T08:11:59+00:00\" \/>\n<meta name=\"twitter:card\" content=\"summary_large_image\" \/>\n<meta name=\"twitter:label1\" content=\"Dur\u00e9e de lecture estim\u00e9e\" \/>\n\t<meta name=\"twitter:data1\" content=\"1 minute\" \/>\n<script type=\"application\/ld+json\" class=\"yoast-schema-graph\">{\"@context\":\"https:\\\/\\\/schema.org\",\"@graph\":[{\"@type\":\"WebPage\",\"@id\":\"https:\\\/\\\/www.zvlslovakia.com\\\/fr\\\/special-offer\\\/\",\"url\":\"https:\\\/\\\/www.zvlslovakia.com\\\/fr\\\/special-offer\\\/\",\"name\":\"Offre sp\u00e9ciale de roulements | ZVL SLOVAKIA\",\"isPartOf\":{\"@id\":\"https:\\\/\\\/www.zvlslovakia.com\\\/fr\\\/#website\"},\"datePublished\":\"2022-03-27T14:15:38+00:00\",\"dateModified\":\"2025-10-05T08:11:59+00:00\",\"description\":\"Update \u2013 Dear business partner, We would like to notice you to the part of our stock (list is below) with the name SPECIAL OFFER. We offer these bearings\",\"breadcrumb\":{\"@id\":\"https:\\\/\\\/www.zvlslovakia.com\\\/fr\\\/special-offer\\\/#breadcrumb\"},\"inLanguage\":\"fr-FR\",\"potentialAction\":[{\"@type\":\"ReadAction\",\"target\":[[\"https:\\\/\\\/www.zvlslovakia.com\\\/fr\\\/special-offer\\\/\"]]}]},{\"@type\":\"BreadcrumbList\",\"@id\":\"https:\\\/\\\/www.zvlslovakia.com\\\/fr\\\/special-offer\\\/#breadcrumb\",\"itemListElement\":[{\"@type\":\"ListItem\",\"position\":1,\"name\":\"Home\",\"item\":\"https:\\\/\\\/www.zvlslovakia.com\\\/fr\\\/\"},{\"@type\":\"ListItem\",\"position\":2,\"name\":\"Special offer of bearings\"}]},{\"@type\":\"WebSite\",\"@id\":\"https:\\\/\\\/www.zvlslovakia.com\\\/fr\\\/#website\",\"url\":\"https:\\\/\\\/www.zvlslovakia.com\\\/fr\\\/\",\"name\":\"ZVL SLOVAKIA\",\"description\":\"Manufacturing and sale of bearings\",\"publisher\":{\"@id\":\"https:\\\/\\\/www.zvlslovakia.com\\\/fr\\\/#organization\"},\"potentialAction\":[{\"@type\":\"SearchAction\",\"target\":{\"@type\":\"EntryPoint\",\"urlTemplate\":\"https:\\\/\\\/www.zvlslovakia.com\\\/fr\\\/?s={search_term_string}\"},\"query-input\":{\"@type\":\"PropertyValueSpecification\",\"valueRequired\":true,\"valueName\":\"search_term_string\"}}],\"inLanguage\":\"fr-FR\"},{\"@type\":\"Organization\",\"@id\":\"https:\\\/\\\/www.zvlslovakia.com\\\/fr\\\/#organization\",\"name\":\"ZVLSLOVAKIA, a.s.\",\"url\":\"https:\\\/\\\/www.zvlslovakia.com\\\/fr\\\/\",\"logo\":{\"@type\":\"ImageObject\",\"inLanguage\":\"fr-FR\",\"@id\":\"https:\\\/\\\/www.zvlslovakia.com\\\/fr\\\/#\\\/schema\\\/logo\\\/image\\\/\",\"url\":\"https:\\\/\\\/www.zvlslovakia.com\\\/wp-content\\\/uploads\\\/2021\\\/10\\\/ZVL-logo-2021-normal.png\",\"contentUrl\":\"https:\\\/\\\/www.zvlslovakia.com\\\/wp-content\\\/uploads\\\/2021\\\/10\\\/ZVL-logo-2021-normal.png\",\"width\":250,\"height\":70,\"caption\":\"ZVLSLOVAKIA, a.s.\"},\"image\":{\"@id\":\"https:\\\/\\\/www.zvlslovakia.com\\\/fr\\\/#\\\/schema\\\/logo\\\/image\\\/\"}}]}<\/script>\n<!-- \/ Yoast SEO Premium plugin. -->","yoast_head_json":{"title":"Offre sp\u00e9ciale de roulements | ZVL SLOVAKIA","description":"Update \u2013 Dear business partner, We would like to notice you to the part of our stock (list is below) with the name SPECIAL OFFER. We offer these bearings","robots":{"index":"index","follow":"follow","max-snippet":"max-snippet:-1","max-image-preview":"max-image-preview:large","max-video-preview":"max-video-preview:-1"},"canonical":"https:\/\/www.zvlslovakia.com\/fr\/special-offer\/","og_locale":"fr_FR","og_type":"article","og_title":"Offre sp\u00e9ciale de roulements","og_description":"Update \u2013 Dear business partner, We would like to notice you to the part of our stock (list is below) with the name SPECIAL OFFER. We offer these bearings","og_url":"https:\/\/www.zvlslovakia.com\/fr\/special-offer\/","og_site_name":"ZVL SLOVAKIA","article_modified_time":"2025-10-05T08:11:59+00:00","twitter_card":"summary_large_image","twitter_misc":{"Dur\u00e9e de lecture estim\u00e9e":"1 minute"},"schema":{"@context":"https:\/\/schema.org","@graph":[{"@type":"WebPage","@id":"https:\/\/www.zvlslovakia.com\/fr\/special-offer\/","url":"https:\/\/www.zvlslovakia.com\/fr\/special-offer\/","name":"Offre sp\u00e9ciale de roulements | ZVL SLOVAKIA","isPartOf":{"@id":"https:\/\/www.zvlslovakia.com\/fr\/#website"},"datePublished":"2022-03-27T14:15:38+00:00","dateModified":"2025-10-05T08:11:59+00:00","description":"Update \u2013 Dear business partner, We would like to notice you to the part of our stock (list is below) with the name SPECIAL OFFER. We offer these bearings","breadcrumb":{"@id":"https:\/\/www.zvlslovakia.com\/fr\/special-offer\/#breadcrumb"},"inLanguage":"fr-FR","potentialAction":[{"@type":"ReadAction","target":[["https:\/\/www.zvlslovakia.com\/fr\/special-offer\/"]]}]},{"@type":"BreadcrumbList","@id":"https:\/\/www.zvlslovakia.com\/fr\/special-offer\/#breadcrumb","itemListElement":[{"@type":"ListItem","position":1,"name":"Home","item":"https:\/\/www.zvlslovakia.com\/fr\/"},{"@type":"ListItem","position":2,"name":"Special offer of bearings"}]},{"@type":"WebSite","@id":"https:\/\/www.zvlslovakia.com\/fr\/#website","url":"https:\/\/www.zvlslovakia.com\/fr\/","name":"ZVL SLOVAKIA","description":"Manufacturing and sale of bearings","publisher":{"@id":"https:\/\/www.zvlslovakia.com\/fr\/#organization"},"potentialAction":[{"@type":"SearchAction","target":{"@type":"EntryPoint","urlTemplate":"https:\/\/www.zvlslovakia.com\/fr\/?s={search_term_string}"},"query-input":{"@type":"PropertyValueSpecification","valueRequired":true,"valueName":"search_term_string"}}],"inLanguage":"fr-FR"},{"@type":"Organization","@id":"https:\/\/www.zvlslovakia.com\/fr\/#organization","name":"ZVLSLOVAKIA, a.s.","url":"https:\/\/www.zvlslovakia.com\/fr\/","logo":{"@type":"ImageObject","inLanguage":"fr-FR","@id":"https:\/\/www.zvlslovakia.com\/fr\/#\/schema\/logo\/image\/","url":"https:\/\/www.zvlslovakia.com\/wp-content\/uploads\/2021\/10\/ZVL-logo-2021-normal.png","contentUrl":"https:\/\/www.zvlslovakia.com\/wp-content\/uploads\/2021\/10\/ZVL-logo-2021-normal.png","width":250,"height":70,"caption":"ZVLSLOVAKIA, a.s."},"image":{"@id":"https:\/\/www.zvlslovakia.com\/fr\/#\/schema\/logo\/image\/"}}]}},"_links":{"self":[{"href":"https:\/\/www.zvlslovakia.com\/fr\/wp-json\/wp\/v2\/pages\/57967","targetHints":{"allow":["GET"]}}],"collection":[{"href":"https:\/\/www.zvlslovakia.com\/fr\/wp-json\/wp\/v2\/pages"}],"about":[{"href":"https:\/\/www.zvlslovakia.com\/fr\/wp-json\/wp\/v2\/types\/page"}],"author":[{"embeddable":true,"href":"https:\/\/www.zvlslovakia.com\/fr\/wp-json\/wp\/v2\/users\/1"}],"replies":[{"embeddable":true,"href":"https:\/\/www.zvlslovakia.com\/fr\/wp-json\/wp\/v2\/comments?post=57967"}],"version-history":[{"count":11,"href":"https:\/\/www.zvlslovakia.com\/fr\/wp-json\/wp\/v2\/pages\/57967\/revisions"}],"predecessor-version":[{"id":59794,"href":"https:\/\/www.zvlslovakia.com\/fr\/wp-json\/wp\/v2\/pages\/57967\/revisions\/59794"}],"wp:attachment":[{"href":"https:\/\/www.zvlslovakia.com\/fr\/wp-json\/wp\/v2\/media?parent=57967"}],"curies":[{"name":"wp","href":"https:\/\/api.w.org\/{rel}","templated":true}]}}