{"id":58654,"date":"2022-04-01T12:25:15","date_gmt":"2022-04-01T10:25:15","guid":{"rendered":"https:\/\/en.renad.sk\/?page_id=58654"},"modified":"2022-06-24T15:34:55","modified_gmt":"2022-06-24T13:34:55","slug":"company","status":"publish","type":"page","link":"https:\/\/www.zvlslovakia.com\/fr\/societe\/","title":{"rendered":"Soci\u00e9t\u00e9"},"content":{"rendered":"<section class=\"wpb-content-wrapper\"><p>[vc_row][vc_column][vc_column_text]<\/p>\n<h3>Sur la soci\u00e9t\u00e9 ZVL SLOVAKIA, a.s.<\/h3>\n<p>La soci\u00e9t\u00e9 ZVL SLOVAKIA, a.s. A pour vocation d\u00b4offrir aux clients du domaine de l\u00b4industrie des roulements les solutions et les produits fiables et efficaces de haute qualit\u00e9. Plus de 86 % de la production export\u00e9e vers le monde entier t\u00e9moignent de la qualit\u00e9 et de la satisfaction des clients. Plus de 50 ans d\u00b4exp\u00e9rience dans le domaine nous ont permis de devenir l\u00b4acteur important dans la production des roulements et des composants pour les applications industrielles les plus diverses. Nous aidons \u00e0 obtenir une haute qualit\u00e9 des sorties au niveau du standard mondial. Nous sommes le partenaire stable des fabricants FAO des machines et des installations par l\u00b4interm\u00e9diaire d\u00b4un r\u00e9seau fort de distribution ce qui nous permet de rendre nos clients satisfaits dans les diff\u00e9rents domaines de l\u00b4industrie. Nous offrons \u00e0 nos clients une gamme complexe de roulements de la marque europ\u00e9enne traditionnelle ZVL. La marque d\u00e9pos\u00e9e ZVL est enregistr\u00e9e dans plus de 90 pays. Nous nous effor\u00e7ons de la renforcer de mani\u00e8re continue notamment en \u00e9largissant la gamme de produits.[\/vc_column_text][\/vc_column][\/vc_row][vc_row][vc_column][vc_empty_space height=\u00a0\u00bb20px\u00a0\u00bb][\/vc_column][\/vc_row][vc_row][vc_column width=\u00a0\u00bb1\/2&Prime;][vc_single_image image=\u00a0\u00bb57061&Prime; img_size=\u00a0\u00bb800&#215;533&Prime; alignment=\u00a0\u00bbcenter\u00a0\u00bb style=\u00a0\u00bbvc_box_border\u00a0\u00bb][\/vc_column][vc_column width=\u00a0\u00bb1\/2&Prime;][vc_single_image image=\u00a0\u00bb57911&Prime; img_size=\u00a0\u00bb800&#215;533&Prime; alignment=\u00a0\u00bbcenter\u00a0\u00bb style=\u00a0\u00bbvc_box_border\u00a0\u00bb][\/vc_column][\/vc_row][vc_row][vc_column][vc_empty_space height=\u00a0\u00bb20px\u00a0\u00bb][\/vc_column][\/vc_row][vc_row css=\u00a0\u00bb.vc_custom_1651579103752{padding-top: 25px !important;padding-right: 15px !important;padding-bottom: 25px !important;padding-left: 15px !important;background-color: #0056a1 !important;}\u00a0\u00bb][vc_column][vc_column_text]<\/p>\n<h4 style=\"text-align: center;\"><span style=\"color: #ffcc00;\">Notre approche professionnelle aux solutions des exigences sp\u00e9cifiques permet \u00e0 nos clients de trouver une solution optimale au niveau des roulements. Une satisfaction \u00e0 long terme de nos clients nous permet d\u00b4avancer et ouvrir de nouvelles possibilit\u00e9s de la mise en \u0153uvre sur le march\u00e9 des roulements.<\/span><\/h4>\n<p>[\/vc_column_text][\/vc_column][\/vc_row][vc_row][vc_column][vc_empty_space height=\u00a0\u00bb30px\u00a0\u00bb][\/vc_column][\/vc_row][vc_row][vc_column][vc_single_image image=\u00a0\u00bb56972&Prime; img_size=\u00a0\u00bb200&#215;56&Prime; alignment=\u00a0\u00bbcenter\u00a0\u00bb][vc_column_text]<\/p>\n<p style=\"text-align: center;\">\u00c9quipe ZVL SLOVAKIA, a.s.<\/p>\n<p>[\/vc_column_text][\/vc_column][\/vc_row]<\/p>\n<\/section>","protected":false},"excerpt":{"rendered":"<p>[vc_row][vc_column][vc_column_text] Sur la soci\u00e9t\u00e9 ZVL SLOVAKIA, a.s. La soci\u00e9t\u00e9 ZVL SLOVAKIA, a.s. A pour vocation d\u00b4offrir aux clients du domaine de l\u00b4industrie des roulements les solutions et les produits fiables et efficaces de haute qualit\u00e9. Plus de 86 % de la production export\u00e9e vers le monde entier t\u00e9moignent de la qualit\u00e9 et de la satisfaction&hellip;<\/p>\n","protected":false},"author":1,"featured_media":0,"parent":0,"menu_order":0,"comment_status":"closed","ping_status":"closed","template":"","meta":{"om_disable_all_campaigns":false,"_uf_show_specific_survey":0,"_uf_disable_surveys":false,"footnotes":"","_links_to":"","_links_to_target":""},"class_list":["post-58654","page","type-page","status-publish","hentry","description-off"],"aioseo_notices":[],"yoast_head":"<!-- This site is optimized with the Yoast SEO Premium plugin v18.3 (Yoast SEO v27.4) - https:\/\/yoast.com\/product\/yoast-seo-premium-wordpress\/ -->\n<title>Soci\u00e9t\u00e9 | ZVL SLOVAKIA<\/title>\n<meta name=\"description\" content=\"About the company ZVL SLOVAKIA, a.s. The main mission of ZVL SLOVAKIA, a.s. is providing its customers reliable and effective solutions and products of\" \/>\n<meta name=\"robots\" content=\"index, follow, max-snippet:-1, max-image-preview:large, max-video-preview:-1\" \/>\n<link rel=\"canonical\" href=\"https:\/\/www.zvlslovakia.com\/fr\/company\/\" \/>\n<meta property=\"og:locale\" content=\"fr_FR\" \/>\n<meta property=\"og:type\" content=\"article\" \/>\n<meta property=\"og:title\" content=\"Soci\u00e9t\u00e9\" \/>\n<meta property=\"og:description\" content=\"About the company ZVL SLOVAKIA, a.s. The main mission of ZVL SLOVAKIA, a.s. is providing its customers reliable and effective solutions and products of\" \/>\n<meta property=\"og:url\" content=\"https:\/\/www.zvlslovakia.com\/fr\/company\/\" \/>\n<meta property=\"og:site_name\" content=\"ZVL SLOVAKIA\" \/>\n<meta property=\"article:modified_time\" content=\"2022-06-24T13:34:55+00:00\" \/>\n<meta name=\"twitter:card\" content=\"summary_large_image\" \/>\n<meta name=\"twitter:label1\" content=\"Dur\u00e9e de lecture estim\u00e9e\" \/>\n\t<meta name=\"twitter:data1\" content=\"2 minutes\" \/>\n<script type=\"application\/ld+json\" class=\"yoast-schema-graph\">{\"@context\":\"https:\\\/\\\/schema.org\",\"@graph\":[{\"@type\":\"WebPage\",\"@id\":\"https:\\\/\\\/www.zvlslovakia.com\\\/fr\\\/company\\\/\",\"url\":\"https:\\\/\\\/www.zvlslovakia.com\\\/fr\\\/company\\\/\",\"name\":\"Soci\u00e9t\u00e9 | ZVL SLOVAKIA\",\"isPartOf\":{\"@id\":\"https:\\\/\\\/www.zvlslovakia.com\\\/fr\\\/#website\"},\"datePublished\":\"2022-04-01T10:25:15+00:00\",\"dateModified\":\"2022-06-24T13:34:55+00:00\",\"description\":\"About the company ZVL SLOVAKIA, a.s. The main mission of ZVL SLOVAKIA, a.s. is providing its customers reliable and effective solutions and products of\",\"breadcrumb\":{\"@id\":\"https:\\\/\\\/www.zvlslovakia.com\\\/fr\\\/company\\\/#breadcrumb\"},\"inLanguage\":\"fr-FR\",\"potentialAction\":[{\"@type\":\"ReadAction\",\"target\":[[\"https:\\\/\\\/www.zvlslovakia.com\\\/fr\\\/company\\\/\"]]}]},{\"@type\":\"BreadcrumbList\",\"@id\":\"https:\\\/\\\/www.zvlslovakia.com\\\/fr\\\/company\\\/#breadcrumb\",\"itemListElement\":[{\"@type\":\"ListItem\",\"position\":1,\"name\":\"Home\",\"item\":\"https:\\\/\\\/www.zvlslovakia.com\\\/fr\\\/\"},{\"@type\":\"ListItem\",\"position\":2,\"name\":\"Company\"}]},{\"@type\":\"WebSite\",\"@id\":\"https:\\\/\\\/www.zvlslovakia.com\\\/fr\\\/#website\",\"url\":\"https:\\\/\\\/www.zvlslovakia.com\\\/fr\\\/\",\"name\":\"ZVL SLOVAKIA\",\"description\":\"Manufacturing and sale of bearings\",\"publisher\":{\"@id\":\"https:\\\/\\\/www.zvlslovakia.com\\\/fr\\\/#organization\"},\"potentialAction\":[{\"@type\":\"SearchAction\",\"target\":{\"@type\":\"EntryPoint\",\"urlTemplate\":\"https:\\\/\\\/www.zvlslovakia.com\\\/fr\\\/?s={search_term_string}\"},\"query-input\":{\"@type\":\"PropertyValueSpecification\",\"valueRequired\":true,\"valueName\":\"search_term_string\"}}],\"inLanguage\":\"fr-FR\"},{\"@type\":\"Organization\",\"@id\":\"https:\\\/\\\/www.zvlslovakia.com\\\/fr\\\/#organization\",\"name\":\"ZVLSLOVAKIA, a.s.\",\"url\":\"https:\\\/\\\/www.zvlslovakia.com\\\/fr\\\/\",\"logo\":{\"@type\":\"ImageObject\",\"inLanguage\":\"fr-FR\",\"@id\":\"https:\\\/\\\/www.zvlslovakia.com\\\/fr\\\/#\\\/schema\\\/logo\\\/image\\\/\",\"url\":\"https:\\\/\\\/www.zvlslovakia.com\\\/wp-content\\\/uploads\\\/2021\\\/10\\\/ZVL-logo-2021-normal.png\",\"contentUrl\":\"https:\\\/\\\/www.zvlslovakia.com\\\/wp-content\\\/uploads\\\/2021\\\/10\\\/ZVL-logo-2021-normal.png\",\"width\":250,\"height\":70,\"caption\":\"ZVLSLOVAKIA, a.s.\"},\"image\":{\"@id\":\"https:\\\/\\\/www.zvlslovakia.com\\\/fr\\\/#\\\/schema\\\/logo\\\/image\\\/\"}}]}<\/script>\n<!-- \/ Yoast SEO Premium plugin. -->","yoast_head_json":{"title":"Soci\u00e9t\u00e9 | ZVL SLOVAKIA","description":"About the company ZVL SLOVAKIA, a.s. The main mission of ZVL SLOVAKIA, a.s. is providing its customers reliable and effective solutions and products of","robots":{"index":"index","follow":"follow","max-snippet":"max-snippet:-1","max-image-preview":"max-image-preview:large","max-video-preview":"max-video-preview:-1"},"canonical":"https:\/\/www.zvlslovakia.com\/fr\/company\/","og_locale":"fr_FR","og_type":"article","og_title":"Soci\u00e9t\u00e9","og_description":"About the company ZVL SLOVAKIA, a.s. The main mission of ZVL SLOVAKIA, a.s. is providing its customers reliable and effective solutions and products of","og_url":"https:\/\/www.zvlslovakia.com\/fr\/company\/","og_site_name":"ZVL SLOVAKIA","article_modified_time":"2022-06-24T13:34:55+00:00","twitter_card":"summary_large_image","twitter_misc":{"Dur\u00e9e de lecture estim\u00e9e":"2 minutes"},"schema":{"@context":"https:\/\/schema.org","@graph":[{"@type":"WebPage","@id":"https:\/\/www.zvlslovakia.com\/fr\/company\/","url":"https:\/\/www.zvlslovakia.com\/fr\/company\/","name":"Soci\u00e9t\u00e9 | ZVL SLOVAKIA","isPartOf":{"@id":"https:\/\/www.zvlslovakia.com\/fr\/#website"},"datePublished":"2022-04-01T10:25:15+00:00","dateModified":"2022-06-24T13:34:55+00:00","description":"About the company ZVL SLOVAKIA, a.s. The main mission of ZVL SLOVAKIA, a.s. is providing its customers reliable and effective solutions and products of","breadcrumb":{"@id":"https:\/\/www.zvlslovakia.com\/fr\/company\/#breadcrumb"},"inLanguage":"fr-FR","potentialAction":[{"@type":"ReadAction","target":[["https:\/\/www.zvlslovakia.com\/fr\/company\/"]]}]},{"@type":"BreadcrumbList","@id":"https:\/\/www.zvlslovakia.com\/fr\/company\/#breadcrumb","itemListElement":[{"@type":"ListItem","position":1,"name":"Home","item":"https:\/\/www.zvlslovakia.com\/fr\/"},{"@type":"ListItem","position":2,"name":"Company"}]},{"@type":"WebSite","@id":"https:\/\/www.zvlslovakia.com\/fr\/#website","url":"https:\/\/www.zvlslovakia.com\/fr\/","name":"ZVL SLOVAKIA","description":"Manufacturing and sale of bearings","publisher":{"@id":"https:\/\/www.zvlslovakia.com\/fr\/#organization"},"potentialAction":[{"@type":"SearchAction","target":{"@type":"EntryPoint","urlTemplate":"https:\/\/www.zvlslovakia.com\/fr\/?s={search_term_string}"},"query-input":{"@type":"PropertyValueSpecification","valueRequired":true,"valueName":"search_term_string"}}],"inLanguage":"fr-FR"},{"@type":"Organization","@id":"https:\/\/www.zvlslovakia.com\/fr\/#organization","name":"ZVLSLOVAKIA, a.s.","url":"https:\/\/www.zvlslovakia.com\/fr\/","logo":{"@type":"ImageObject","inLanguage":"fr-FR","@id":"https:\/\/www.zvlslovakia.com\/fr\/#\/schema\/logo\/image\/","url":"https:\/\/www.zvlslovakia.com\/wp-content\/uploads\/2021\/10\/ZVL-logo-2021-normal.png","contentUrl":"https:\/\/www.zvlslovakia.com\/wp-content\/uploads\/2021\/10\/ZVL-logo-2021-normal.png","width":250,"height":70,"caption":"ZVLSLOVAKIA, a.s."},"image":{"@id":"https:\/\/www.zvlslovakia.com\/fr\/#\/schema\/logo\/image\/"}}]}},"_links":{"self":[{"href":"https:\/\/www.zvlslovakia.com\/fr\/wp-json\/wp\/v2\/pages\/58654","targetHints":{"allow":["GET"]}}],"collection":[{"href":"https:\/\/www.zvlslovakia.com\/fr\/wp-json\/wp\/v2\/pages"}],"about":[{"href":"https:\/\/www.zvlslovakia.com\/fr\/wp-json\/wp\/v2\/types\/page"}],"author":[{"embeddable":true,"href":"https:\/\/www.zvlslovakia.com\/fr\/wp-json\/wp\/v2\/users\/1"}],"replies":[{"embeddable":true,"href":"https:\/\/www.zvlslovakia.com\/fr\/wp-json\/wp\/v2\/comments?post=58654"}],"version-history":[{"count":12,"href":"https:\/\/www.zvlslovakia.com\/fr\/wp-json\/wp\/v2\/pages\/58654\/revisions"}],"predecessor-version":[{"id":59336,"href":"https:\/\/www.zvlslovakia.com\/fr\/wp-json\/wp\/v2\/pages\/58654\/revisions\/59336"}],"wp:attachment":[{"href":"https:\/\/www.zvlslovakia.com\/fr\/wp-json\/wp\/v2\/media?parent=58654"}],"curies":[{"name":"wp","href":"https:\/\/api.w.org\/{rel}","templated":true}]}}