{"id":58823,"date":"2022-04-20T09:49:31","date_gmt":"2022-04-20T07:49:31","guid":{"rendered":"https:\/\/en.renad.sk\/?page_id=58823"},"modified":"2022-06-24T15:31:02","modified_gmt":"2022-06-24T13:31:02","slug":"corporate-culture","status":"publish","type":"page","link":"https:\/\/www.zvlslovakia.com\/fr\/societe\/culture-de-societe\/","title":{"rendered":"Culture de soci\u00e9t\u00e9"},"content":{"rendered":"<section class=\"wpb-content-wrapper\"><p>[vc_row][vc_column][vc_column_text]<\/p>\n<h3>Slogan de la soci\u00e9t\u00e9<\/h3>\n<p><strong>Le slogan de notre soci\u00e9t\u00e9 pr\u00e9sente le principe li\u00e9 \u00e0 la marque ZVL, respect\u00e9 par l\u00b4\u00e9quipe entier de nos employ\u00e9s. Notre ambition est de rendre les services professionnels et de pointe. C\u00b4est notre but et objectif. Nous esp\u00e9rons que notre slogan ainsi que la nouvelle identit\u00e9 visuelle renforceront la marque ZVL non seulement sur les march\u00e9s europ\u00e9ens dominants mais dans le contexte mondial.<\/strong>[\/vc_column_text][\/vc_column][\/vc_row][vc_row][vc_column][vc_empty_space height=\u00a0\u00bb20px\u00a0\u00bb][\/vc_column][\/vc_row][vc_row css=\u00a0\u00bb.vc_custom_1651579225030{padding-top: 25px !important;padding-bottom: 25px !important;background-color: #0056a1 !important;}\u00a0\u00bb][vc_column][vc_column_text]<\/p>\n<h4 style=\"text-align: center;\"><span style=\"color: #ffffff;\">Company motto: <\/span><span style=\"color: #ffcc00;\">PROFESSIONAL APPROACH TO THE WORLD INDUSTRY<\/span><\/h4>\n<p>[\/vc_column_text][\/vc_column][\/vc_row][vc_row][vc_column][vc_empty_space height=\u00a0\u00bb30px\u00a0\u00bb][\/vc_column][\/vc_row][vc_row][vc_column]<div class=\"dt-fancy-separator h3-size accent-title-color accent-border-color\" style=\"width: 100%;\"><div class=\"dt-fancy-title\"><span class=\"separator-holder separator-left\"><\/span>Principes de notre soci\u00e9t\u00e9<span class=\"separator-holder separator-right\"><\/span><\/div><\/div>[\/vc_column][\/vc_row][vc_row][vc_column][vc_empty_space height=\u00a0\u00bb20px\u00a0\u00bb][\/vc_column][\/vc_row][vc_row][vc_column][vc_column_text]<\/p>\n<h4>1. Nos clients sont au sein de toutes nos activit\u00e9s<\/h4>\n<p>Notre objectif est de devenir un des fournisseurs les plus importants des roulements en Europe et dans le contexte mondial, c\u00b4est la raison pour laquelle nous avons une \u00e9troite coop\u00e9ration avec nos clients FEO, les distributeurs ainsi qu\u00b4avec les clients finaux. Aujourd\u00b4hui comme demain, nous tiendrons \u00e0 garder notre client au centre de nos int\u00e9r\u00eats. Nous sommes attentifs par rapport aux attentes et demandes de nos clients pour pouvoir leur r\u00e9pondre par une solution optimale.<\/p>\n<h4>2. Nos employ\u00e9s sont la force motrice de notre succ\u00e8s<\/h4>\n<p>Nous respectons nos employ\u00e9s. Tous nos employ\u00e9s pr\u00e9sentent pour nous une contribution irrempla\u00e7able. Chacun d\u00b4entre eux aide \u00e0 l\u00b4augmentation de la valeur de notre soci\u00e9t\u00e9 et contribue \u00e0 sa progression. Nous tenons \u00e0 cr\u00e9er une ambiance de travail motivante, bas\u00e9e sur l\u00b4ouverture, respect et travail d\u00b4\u00e9quipe.<\/p>\n<h4>3. Valorisation de la soci\u00e9t\u00e9<\/h4>\n<p>Nous sommes conscients de la n\u00e9cessit\u00e9 d\u00b4utilisation efficace des ressources \u00e9conomiques. Nous identifions nos priorit\u00e9s et en gestion de la soci\u00e9t\u00e9, recherchons l\u00b4\u00e9quilibre optimal entre les Frais\/Gains, avec l\u00b4objectif d\u00b4assurer une croissance dynamique de la soci\u00e9t\u00e9.<\/p>\n<h4>4. Engagement dans les technologies innovantes<\/h4>\n<p>Notre vision pr\u00e9sente est devenue en m\u00eame temps notre engagement \u2013 celui de participer \u00e0 l\u00b4arriv\u00e9e de nouvelles technologies. Les modifications techniques des produits, la complexit\u00e9 de la gamme des roulements et les innovations apport\u00e9es cr\u00e9ent la base de transformation de notre vision en r\u00e9alit\u00e9. Elles nous assurent la perspective de m\u00eame que les capacit\u00e9s nous permettant d\u00b4\u00eatre, au niveau mondial, proactifs par rapport au d\u00e9veloppement dans le domaine des roulements.[\/vc_column_text][\/vc_column][\/vc_row]<\/p>\n<\/section>","protected":false},"excerpt":{"rendered":"<p>[vc_row][vc_column][vc_column_text] Slogan de la soci\u00e9t\u00e9 Le slogan de notre soci\u00e9t\u00e9 pr\u00e9sente le principe li\u00e9 \u00e0 la marque ZVL, respect\u00e9 par l\u00b4\u00e9quipe entier de nos employ\u00e9s. Notre ambition est de rendre les services professionnels et de pointe. C\u00b4est notre but et objectif. Nous esp\u00e9rons que notre slogan ainsi que la nouvelle identit\u00e9 visuelle renforceront la marque&hellip;<\/p>\n","protected":false},"author":1,"featured_media":0,"parent":58654,"menu_order":0,"comment_status":"closed","ping_status":"closed","template":"","meta":{"om_disable_all_campaigns":false,"_uf_show_specific_survey":0,"_uf_disable_surveys":false,"footnotes":"","_links_to":"","_links_to_target":""},"class_list":["post-58823","page","type-page","status-publish","hentry","description-off"],"aioseo_notices":[],"yoast_head":"<!-- This site is optimized with the Yoast SEO Premium plugin v18.3 (Yoast SEO v27.4) - https:\/\/yoast.com\/product\/yoast-seo-premium-wordpress\/ -->\n<title>Culture de soci\u00e9t\u00e9 | ZVL SLOVAKIA<\/title>\n<meta name=\"description\" content=\"The company motto Our motto represents our vision followed by our ZVL trademark and our team of employees. We want to achieve professional and high\" \/>\n<meta name=\"robots\" content=\"index, follow, max-snippet:-1, max-image-preview:large, max-video-preview:-1\" \/>\n<link rel=\"canonical\" href=\"https:\/\/www.zvlslovakia.com\/fr\/company\/corporate-culture\/\" \/>\n<meta property=\"og:locale\" content=\"fr_FR\" \/>\n<meta property=\"og:type\" content=\"article\" \/>\n<meta property=\"og:title\" content=\"Culture de soci\u00e9t\u00e9\" \/>\n<meta property=\"og:description\" content=\"The company motto Our motto represents our vision followed by our ZVL trademark and our team of employees. We want to achieve professional and high\" \/>\n<meta property=\"og:url\" content=\"https:\/\/www.zvlslovakia.com\/fr\/company\/corporate-culture\/\" \/>\n<meta property=\"og:site_name\" content=\"ZVL SLOVAKIA\" \/>\n<meta property=\"article:modified_time\" content=\"2022-06-24T13:31:02+00:00\" \/>\n<meta name=\"twitter:card\" content=\"summary_large_image\" \/>\n<meta name=\"twitter:label1\" content=\"Dur\u00e9e de lecture estim\u00e9e\" \/>\n\t<meta name=\"twitter:data1\" content=\"2 minutes\" \/>\n<script type=\"application\/ld+json\" class=\"yoast-schema-graph\">{\"@context\":\"https:\\\/\\\/schema.org\",\"@graph\":[{\"@type\":\"WebPage\",\"@id\":\"https:\\\/\\\/www.zvlslovakia.com\\\/fr\\\/company\\\/corporate-culture\\\/\",\"url\":\"https:\\\/\\\/www.zvlslovakia.com\\\/fr\\\/company\\\/corporate-culture\\\/\",\"name\":\"Culture de soci\u00e9t\u00e9 | ZVL SLOVAKIA\",\"isPartOf\":{\"@id\":\"https:\\\/\\\/www.zvlslovakia.com\\\/fr\\\/#website\"},\"datePublished\":\"2022-04-20T07:49:31+00:00\",\"dateModified\":\"2022-06-24T13:31:02+00:00\",\"description\":\"The company motto Our motto represents our vision followed by our ZVL trademark and our team of employees. We want to achieve professional and high\",\"breadcrumb\":{\"@id\":\"https:\\\/\\\/www.zvlslovakia.com\\\/fr\\\/company\\\/corporate-culture\\\/#breadcrumb\"},\"inLanguage\":\"fr-FR\",\"potentialAction\":[{\"@type\":\"ReadAction\",\"target\":[[\"https:\\\/\\\/www.zvlslovakia.com\\\/fr\\\/company\\\/corporate-culture\\\/\"]]}]},{\"@type\":\"BreadcrumbList\",\"@id\":\"https:\\\/\\\/www.zvlslovakia.com\\\/fr\\\/company\\\/corporate-culture\\\/#breadcrumb\",\"itemListElement\":[{\"@type\":\"ListItem\",\"position\":1,\"name\":\"Home\",\"item\":\"https:\\\/\\\/www.zvlslovakia.com\\\/fr\\\/\"},{\"@type\":\"ListItem\",\"position\":2,\"name\":\"Company\",\"item\":\"https:\\\/\\\/www.zvlslovakia.com\\\/fr\\\/company\\\/\"},{\"@type\":\"ListItem\",\"position\":3,\"name\":\"Corporate culture\"}]},{\"@type\":\"WebSite\",\"@id\":\"https:\\\/\\\/www.zvlslovakia.com\\\/fr\\\/#website\",\"url\":\"https:\\\/\\\/www.zvlslovakia.com\\\/fr\\\/\",\"name\":\"ZVL SLOVAKIA\",\"description\":\"Manufacturing and sale of bearings\",\"publisher\":{\"@id\":\"https:\\\/\\\/www.zvlslovakia.com\\\/fr\\\/#organization\"},\"potentialAction\":[{\"@type\":\"SearchAction\",\"target\":{\"@type\":\"EntryPoint\",\"urlTemplate\":\"https:\\\/\\\/www.zvlslovakia.com\\\/fr\\\/?s={search_term_string}\"},\"query-input\":{\"@type\":\"PropertyValueSpecification\",\"valueRequired\":true,\"valueName\":\"search_term_string\"}}],\"inLanguage\":\"fr-FR\"},{\"@type\":\"Organization\",\"@id\":\"https:\\\/\\\/www.zvlslovakia.com\\\/fr\\\/#organization\",\"name\":\"ZVLSLOVAKIA, a.s.\",\"url\":\"https:\\\/\\\/www.zvlslovakia.com\\\/fr\\\/\",\"logo\":{\"@type\":\"ImageObject\",\"inLanguage\":\"fr-FR\",\"@id\":\"https:\\\/\\\/www.zvlslovakia.com\\\/fr\\\/#\\\/schema\\\/logo\\\/image\\\/\",\"url\":\"https:\\\/\\\/www.zvlslovakia.com\\\/wp-content\\\/uploads\\\/2021\\\/10\\\/ZVL-logo-2021-normal.png\",\"contentUrl\":\"https:\\\/\\\/www.zvlslovakia.com\\\/wp-content\\\/uploads\\\/2021\\\/10\\\/ZVL-logo-2021-normal.png\",\"width\":250,\"height\":70,\"caption\":\"ZVLSLOVAKIA, a.s.\"},\"image\":{\"@id\":\"https:\\\/\\\/www.zvlslovakia.com\\\/fr\\\/#\\\/schema\\\/logo\\\/image\\\/\"}}]}<\/script>\n<!-- \/ Yoast SEO Premium plugin. -->","yoast_head_json":{"title":"Culture de soci\u00e9t\u00e9 | ZVL SLOVAKIA","description":"The company motto Our motto represents our vision followed by our ZVL trademark and our team of employees. We want to achieve professional and high","robots":{"index":"index","follow":"follow","max-snippet":"max-snippet:-1","max-image-preview":"max-image-preview:large","max-video-preview":"max-video-preview:-1"},"canonical":"https:\/\/www.zvlslovakia.com\/fr\/company\/corporate-culture\/","og_locale":"fr_FR","og_type":"article","og_title":"Culture de soci\u00e9t\u00e9","og_description":"The company motto Our motto represents our vision followed by our ZVL trademark and our team of employees. We want to achieve professional and high","og_url":"https:\/\/www.zvlslovakia.com\/fr\/company\/corporate-culture\/","og_site_name":"ZVL SLOVAKIA","article_modified_time":"2022-06-24T13:31:02+00:00","twitter_card":"summary_large_image","twitter_misc":{"Dur\u00e9e de lecture estim\u00e9e":"2 minutes"},"schema":{"@context":"https:\/\/schema.org","@graph":[{"@type":"WebPage","@id":"https:\/\/www.zvlslovakia.com\/fr\/company\/corporate-culture\/","url":"https:\/\/www.zvlslovakia.com\/fr\/company\/corporate-culture\/","name":"Culture de soci\u00e9t\u00e9 | ZVL SLOVAKIA","isPartOf":{"@id":"https:\/\/www.zvlslovakia.com\/fr\/#website"},"datePublished":"2022-04-20T07:49:31+00:00","dateModified":"2022-06-24T13:31:02+00:00","description":"The company motto Our motto represents our vision followed by our ZVL trademark and our team of employees. We want to achieve professional and high","breadcrumb":{"@id":"https:\/\/www.zvlslovakia.com\/fr\/company\/corporate-culture\/#breadcrumb"},"inLanguage":"fr-FR","potentialAction":[{"@type":"ReadAction","target":[["https:\/\/www.zvlslovakia.com\/fr\/company\/corporate-culture\/"]]}]},{"@type":"BreadcrumbList","@id":"https:\/\/www.zvlslovakia.com\/fr\/company\/corporate-culture\/#breadcrumb","itemListElement":[{"@type":"ListItem","position":1,"name":"Home","item":"https:\/\/www.zvlslovakia.com\/fr\/"},{"@type":"ListItem","position":2,"name":"Company","item":"https:\/\/www.zvlslovakia.com\/fr\/company\/"},{"@type":"ListItem","position":3,"name":"Corporate culture"}]},{"@type":"WebSite","@id":"https:\/\/www.zvlslovakia.com\/fr\/#website","url":"https:\/\/www.zvlslovakia.com\/fr\/","name":"ZVL SLOVAKIA","description":"Manufacturing and sale of bearings","publisher":{"@id":"https:\/\/www.zvlslovakia.com\/fr\/#organization"},"potentialAction":[{"@type":"SearchAction","target":{"@type":"EntryPoint","urlTemplate":"https:\/\/www.zvlslovakia.com\/fr\/?s={search_term_string}"},"query-input":{"@type":"PropertyValueSpecification","valueRequired":true,"valueName":"search_term_string"}}],"inLanguage":"fr-FR"},{"@type":"Organization","@id":"https:\/\/www.zvlslovakia.com\/fr\/#organization","name":"ZVLSLOVAKIA, a.s.","url":"https:\/\/www.zvlslovakia.com\/fr\/","logo":{"@type":"ImageObject","inLanguage":"fr-FR","@id":"https:\/\/www.zvlslovakia.com\/fr\/#\/schema\/logo\/image\/","url":"https:\/\/www.zvlslovakia.com\/wp-content\/uploads\/2021\/10\/ZVL-logo-2021-normal.png","contentUrl":"https:\/\/www.zvlslovakia.com\/wp-content\/uploads\/2021\/10\/ZVL-logo-2021-normal.png","width":250,"height":70,"caption":"ZVLSLOVAKIA, a.s."},"image":{"@id":"https:\/\/www.zvlslovakia.com\/fr\/#\/schema\/logo\/image\/"}}]}},"_links":{"self":[{"href":"https:\/\/www.zvlslovakia.com\/fr\/wp-json\/wp\/v2\/pages\/58823","targetHints":{"allow":["GET"]}}],"collection":[{"href":"https:\/\/www.zvlslovakia.com\/fr\/wp-json\/wp\/v2\/pages"}],"about":[{"href":"https:\/\/www.zvlslovakia.com\/fr\/wp-json\/wp\/v2\/types\/page"}],"author":[{"embeddable":true,"href":"https:\/\/www.zvlslovakia.com\/fr\/wp-json\/wp\/v2\/users\/1"}],"replies":[{"embeddable":true,"href":"https:\/\/www.zvlslovakia.com\/fr\/wp-json\/wp\/v2\/comments?post=58823"}],"version-history":[{"count":17,"href":"https:\/\/www.zvlslovakia.com\/fr\/wp-json\/wp\/v2\/pages\/58823\/revisions"}],"predecessor-version":[{"id":59334,"href":"https:\/\/www.zvlslovakia.com\/fr\/wp-json\/wp\/v2\/pages\/58823\/revisions\/59334"}],"up":[{"embeddable":true,"href":"https:\/\/www.zvlslovakia.com\/fr\/wp-json\/wp\/v2\/pages\/58654"}],"wp:attachment":[{"href":"https:\/\/www.zvlslovakia.com\/fr\/wp-json\/wp\/v2\/media?parent=58823"}],"curies":[{"name":"wp","href":"https:\/\/api.w.org\/{rel}","templated":true}]}}