{"id":58881,"date":"2022-04-20T11:20:18","date_gmt":"2022-04-20T09:20:18","guid":{"rendered":"https:\/\/en.renad.sk\/?page_id=58881"},"modified":"2022-06-27T07:18:49","modified_gmt":"2022-06-27T05:18:49","slug":"manufacturing-of-bearings","status":"publish","type":"page","link":"https:\/\/www.zvlslovakia.com\/fr\/caracteristiques\/fabrication-des-roulements\/","title":{"rendered":"Fabrication des roulements"},"content":{"rendered":"<section class=\"wpb-content-wrapper\"><p>[vc_row][vc_column][vc_column_text]<\/p>\n<h3>Fabrication des roulements<\/h3>\n<p><strong>La fabrication des roulements est assur\u00e9e conform\u00e9ment aux normes nationales et internationales relatives et aux normes appliqu\u00e9es aux mat\u00e9riaux selon la r\u00e9glementation interne de la soci\u00e9t\u00e9 et des normes assurant le syst\u00e8me de gestion de la qualit\u00e9 selon STN ISO 9001. La croissance de la charge dynamique par am\u00e9lioration des qualit\u00e9s des mati\u00e8res premi\u00e8res est devenue un facteur d\u00e9cisif pour la r\u00e9sistance et la dur\u00e9e de vie du roulement \u00e0 fabriquer.<\/strong>[\/vc_column_text][\/vc_column][\/vc_row][vc_row][vc_column][vc_empty_space height=\u00a0\u00bb25px\u00a0\u00bb][\/vc_column][\/vc_row][vc_row][vc_column width=\u00a0\u00bb1\/2&Prime;][vc_single_image image=\u00a0\u00bb58891&Prime; img_size=\u00a0\u00bbfull\u00a0\u00bb alignment=\u00a0\u00bbcenter\u00a0\u00bb style=\u00a0\u00bbvc_box_border\u00a0\u00bb][\/vc_column][vc_column width=\u00a0\u00bb1\/2&Prime;][vc_single_image image=\u00a0\u00bb58893&Prime; img_size=\u00a0\u00bbfull\u00a0\u00bb alignment=\u00a0\u00bbcenter\u00a0\u00bb style=\u00a0\u00bbvc_box_border\u00a0\u00bb][\/vc_column][\/vc_row][vc_row][vc_column][vc_empty_space height=\u00a0\u00bb25px\u00a0\u00bb][\/vc_column][\/vc_row][vc_row][vc_column][vc_column_text]<strong>ZVL SLOVAKIA, a. s.<\/strong> dispose d\u00b4un large savoir-faire technique et de production et dans le proc\u00e9d\u00e9 de fabrication cette derni\u00e8re assure l\u00b4utilisation des m\u00e9thodes modernes pour une production pr\u00e9cise et \u00e9conomique. Dans le cadre de fabrication des roulements, sont mis en place les proc\u00e9d\u00e9s technologiques influen\u00e7ant de mani\u00e8res importantes la r\u00e9sistance et la charge des roulements \u2013 fa\u00e7onnage, calcination, filetage, tremp\u00e9, revenu, traitement thermique, lavage, montage et finalisation.[\/vc_column_text][\/vc_column][\/vc_row][vc_row][vc_column][vc_empty_space height=\u00a0\u00bb25px\u00a0\u00bb][\/vc_column][\/vc_row][vc_row][vc_column width=\u00a0\u00bb1\/2&Prime;][vc_column_text]\n<table id=\"tablepress-13\" class=\"tablepress tablepress-id-13\">\n<thead>\n<tr class=\"row-1\">\n\t<th class=\"column-1\">ati\u00e8res des bagues de roulement<\/th>\n<\/tr>\n<\/thead>\n<tbody class=\"row-striping\">\n<tr class=\"row-2\">\n\t<td class=\"column-1\">All-hardenable chromium steel (100Cr6)Acier chrom\u00e9 tremp\u00e9 en entier (100Cr6)<\/td>\n<\/tr>\n<tr class=\"row-3\">\n\t<td class=\"column-1\">Acier chrome-mangan\u00e8se tremp\u00e9 en entier (100CrMnSi6-4)<\/td>\n<\/tr>\n<tr class=\"row-4\">\n\t<td class=\"column-1\">Aciers ciment\u00e9s, tremp\u00e9s par induction<br \/>\n(selon les demandes du client)<\/td>\n<\/tr>\n<\/tbody>\n<\/table>\n<!-- #tablepress-13 from cache -->[\/vc_column_text][\/vc_column][vc_column width=\u00a0\u00bb1\/2&Prime;][vc_column_text]\n<table id=\"tablepress-14\" class=\"tablepress tablepress-id-14\">\n<thead>\n<tr class=\"row-1\">\n\t<th class=\"column-1\">Mati\u00e8re des corpuscules de roulement<\/th>\n<\/tr>\n<\/thead>\n<tbody class=\"row-striping\">\n<tr class=\"row-2\">\n\t<td class=\"column-1\">Acier chrom\u00e9 tremp\u00e9 en entier (100Cr6)<\/td>\n<\/tr>\n<tr class=\"row-3\">\n\t<td class=\"column-1\">Acier chrome-mangan\u00e8se tremp\u00e9 en entier (100CrMnSi6-4)<\/td>\n<\/tr>\n<\/tbody>\n<\/table>\n<!-- #tablepress-14 from cache -->[\/vc_column_text][\/vc_column][\/vc_row][vc_row][vc_column][vc_empty_space height=\u00a0\u00bb25px\u00a0\u00bb][\/vc_column][\/vc_row][vc_row][vc_column][vc_column_text]\n<table id=\"tablepress-15\" class=\"tablepress tablepress-id-15\">\n<thead>\n<tr class=\"row-1\">\n\t<th colspan=\"2\" class=\"column-1\">Mati\u00e8re des cages de roulements<\/th>\n<\/tr>\n<\/thead>\n<tbody class=\"row-striping\">\n<tr class=\"row-2\">\n\t<td class=\"column-1\">T\u00f4le<\/td><td class=\"column-2\">T\u00f4le lamin\u00e9e (St4) \u2013 sans marquage, suffixe J<\/td>\n<\/tr>\n<tr class=\"row-3\">\n\t<td class=\"column-1\">Laiton<\/td><td class=\"column-2\">Marquage M<\/td>\n<\/tr>\n<tr class=\"row-4\">\n\t<td class=\"column-1\">Plastique<\/td><td class=\"column-2\">polyamide PA6.6, \u00e0 la teneur du vibre en verre \u2013 marquage TNG, TNGH<\/td>\n<\/tr>\n<tr class=\"row-5\">\n\t<td class=\"column-1\">Textite<\/td><td class=\"column-2\">Tissu durci \u2013 marquage T<\/td>\n<\/tr>\n<\/tbody>\n<\/table>\n<!-- #tablepress-15 from cache -->[\/vc_column_text][\/vc_column][\/vc_row][vc_row][vc_column][vc_empty_space height=\u00a0\u00bb25px\u00a0\u00bb][\/vc_column][\/vc_row][vc_row][vc_column width=\u00a0\u00bb1\/2&Prime;][vc_single_image image=\u00a0\u00bb58890&Prime; img_size=\u00a0\u00bbfull\u00a0\u00bb alignment=\u00a0\u00bbcenter\u00a0\u00bb style=\u00a0\u00bbvc_box_border\u00a0\u00bb][\/vc_column][vc_column width=\u00a0\u00bb1\/2&Prime;][vc_single_image image=\u00a0\u00bb58894&Prime; img_size=\u00a0\u00bbfull\u00a0\u00bb alignment=\u00a0\u00bbcenter\u00a0\u00bb style=\u00a0\u00bbvc_box_border\u00a0\u00bb][\/vc_column][\/vc_row][vc_row][vc_column][vc_empty_space height=\u00a0\u00bb25px\u00a0\u00bb][\/vc_column][\/vc_row][vc_row][vc_column][vc_column_text]<strong>La stabilit\u00e9 et la fiabilit\u00e9 se traduit la pr\u00e9sence des produits ZVL sur le march\u00e9 mondial \u00e0 travers un r\u00e9seau fort de distribution afin de pouvoir assurer une liaison permanente avec nos partenaires commerciaux. Notre principal objectif est de satisfaire aux plus hautes exigences de nos clients dans les diff\u00e9rents domaines de l\u00b4industrie via une gamme de roulement standard et sp\u00e9cifique.<\/strong>[\/vc_column_text][\/vc_column][\/vc_row][vc_row][vc_column][vc_empty_space height=\u00a0\u00bb25px\u00a0\u00bb][\/vc_column][\/vc_row][vc_row][vc_column width=\u00a0\u00bb1\/2&Prime;][vc_single_image image=\u00a0\u00bb58895&Prime; img_size=\u00a0\u00bbfull\u00a0\u00bb alignment=\u00a0\u00bbcenter\u00a0\u00bb style=\u00a0\u00bbvc_box_border\u00a0\u00bb][\/vc_column][vc_column width=\u00a0\u00bb1\/2&Prime;][vc_single_image image=\u00a0\u00bb58892&Prime; img_size=\u00a0\u00bbfull\u00a0\u00bb alignment=\u00a0\u00bbcenter\u00a0\u00bb style=\u00a0\u00bbvc_box_border\u00a0\u00bb][\/vc_column][\/vc_row]<\/p>\n<\/section>","protected":false},"excerpt":{"rendered":"<p>[vc_row][vc_column][vc_column_text] Fabrication des roulements La fabrication des roulements est assur\u00e9e conform\u00e9ment aux normes nationales et internationales relatives et aux normes appliqu\u00e9es aux mat\u00e9riaux selon la r\u00e9glementation interne de la soci\u00e9t\u00e9 et des normes assurant le syst\u00e8me de gestion de la qualit\u00e9 selon STN ISO 9001. La croissance de la charge dynamique par am\u00e9lioration des qualit\u00e9s&hellip;<\/p>\n","protected":false},"author":1,"featured_media":0,"parent":57491,"menu_order":0,"comment_status":"closed","ping_status":"closed","template":"","meta":{"om_disable_all_campaigns":false,"_uf_show_specific_survey":0,"_uf_disable_surveys":false,"footnotes":"","_links_to":"","_links_to_target":""},"class_list":["post-58881","page","type-page","status-publish","hentry","description-off"],"aioseo_notices":[],"yoast_head":"<!-- This site is optimized with the Yoast SEO Premium plugin v18.3 (Yoast SEO v27.4) - https:\/\/yoast.com\/product\/yoast-seo-premium-wordpress\/ -->\n<title>Fabrication des roulements | ZVL SLOVAKIA<\/title>\n<meta name=\"description\" content=\"Manufacturing of bearings Manufacturing of bearings is assured and ensured according to the related national and international dimensional and material\" \/>\n<meta name=\"robots\" content=\"index, follow, max-snippet:-1, max-image-preview:large, max-video-preview:-1\" \/>\n<link rel=\"canonical\" href=\"https:\/\/www.zvlslovakia.com\/fr\/technical-specifications\/manufacturing-of-bearings\/\" \/>\n<meta property=\"og:locale\" content=\"fr_FR\" \/>\n<meta property=\"og:type\" content=\"article\" \/>\n<meta property=\"og:title\" content=\"Fabrication des roulements\" \/>\n<meta property=\"og:description\" content=\"Manufacturing of bearings Manufacturing of bearings is assured and ensured according to the related national and international dimensional and material\" \/>\n<meta property=\"og:url\" content=\"https:\/\/www.zvlslovakia.com\/fr\/technical-specifications\/manufacturing-of-bearings\/\" \/>\n<meta property=\"og:site_name\" content=\"ZVL SLOVAKIA\" \/>\n<meta property=\"article:modified_time\" content=\"2022-06-27T05:18:49+00:00\" \/>\n<meta name=\"twitter:card\" content=\"summary_large_image\" \/>\n<meta name=\"twitter:label1\" content=\"Dur\u00e9e de lecture estim\u00e9e\" \/>\n\t<meta name=\"twitter:data1\" content=\"2 minutes\" \/>\n<script type=\"application\/ld+json\" class=\"yoast-schema-graph\">{\"@context\":\"https:\\\/\\\/schema.org\",\"@graph\":[{\"@type\":\"WebPage\",\"@id\":\"https:\\\/\\\/www.zvlslovakia.com\\\/fr\\\/technical-specifications\\\/manufacturing-of-bearings\\\/\",\"url\":\"https:\\\/\\\/www.zvlslovakia.com\\\/fr\\\/technical-specifications\\\/manufacturing-of-bearings\\\/\",\"name\":\"Fabrication des roulements | ZVL SLOVAKIA\",\"isPartOf\":{\"@id\":\"https:\\\/\\\/www.zvlslovakia.com\\\/fr\\\/#website\"},\"datePublished\":\"2022-04-20T09:20:18+00:00\",\"dateModified\":\"2022-06-27T05:18:49+00:00\",\"description\":\"Manufacturing of bearings Manufacturing of bearings is assured and ensured according to the related national and international dimensional and material\",\"breadcrumb\":{\"@id\":\"https:\\\/\\\/www.zvlslovakia.com\\\/fr\\\/technical-specifications\\\/manufacturing-of-bearings\\\/#breadcrumb\"},\"inLanguage\":\"fr-FR\",\"potentialAction\":[{\"@type\":\"ReadAction\",\"target\":[[\"https:\\\/\\\/www.zvlslovakia.com\\\/fr\\\/technical-specifications\\\/manufacturing-of-bearings\\\/\"]]}]},{\"@type\":\"BreadcrumbList\",\"@id\":\"https:\\\/\\\/www.zvlslovakia.com\\\/fr\\\/technical-specifications\\\/manufacturing-of-bearings\\\/#breadcrumb\",\"itemListElement\":[{\"@type\":\"ListItem\",\"position\":1,\"name\":\"Home\",\"item\":\"https:\\\/\\\/www.zvlslovakia.com\\\/fr\\\/\"},{\"@type\":\"ListItem\",\"position\":2,\"name\":\"Technical specifications\",\"item\":\"https:\\\/\\\/www.zvlslovakia.com\\\/fr\\\/technical-specifications\\\/\"},{\"@type\":\"ListItem\",\"position\":3,\"name\":\"Manufacturing of bearings\"}]},{\"@type\":\"WebSite\",\"@id\":\"https:\\\/\\\/www.zvlslovakia.com\\\/fr\\\/#website\",\"url\":\"https:\\\/\\\/www.zvlslovakia.com\\\/fr\\\/\",\"name\":\"ZVL SLOVAKIA\",\"description\":\"Manufacturing and sale of bearings\",\"publisher\":{\"@id\":\"https:\\\/\\\/www.zvlslovakia.com\\\/fr\\\/#organization\"},\"potentialAction\":[{\"@type\":\"SearchAction\",\"target\":{\"@type\":\"EntryPoint\",\"urlTemplate\":\"https:\\\/\\\/www.zvlslovakia.com\\\/fr\\\/?s={search_term_string}\"},\"query-input\":{\"@type\":\"PropertyValueSpecification\",\"valueRequired\":true,\"valueName\":\"search_term_string\"}}],\"inLanguage\":\"fr-FR\"},{\"@type\":\"Organization\",\"@id\":\"https:\\\/\\\/www.zvlslovakia.com\\\/fr\\\/#organization\",\"name\":\"ZVLSLOVAKIA, a.s.\",\"url\":\"https:\\\/\\\/www.zvlslovakia.com\\\/fr\\\/\",\"logo\":{\"@type\":\"ImageObject\",\"inLanguage\":\"fr-FR\",\"@id\":\"https:\\\/\\\/www.zvlslovakia.com\\\/fr\\\/#\\\/schema\\\/logo\\\/image\\\/\",\"url\":\"https:\\\/\\\/www.zvlslovakia.com\\\/wp-content\\\/uploads\\\/2021\\\/10\\\/ZVL-logo-2021-normal.png\",\"contentUrl\":\"https:\\\/\\\/www.zvlslovakia.com\\\/wp-content\\\/uploads\\\/2021\\\/10\\\/ZVL-logo-2021-normal.png\",\"width\":250,\"height\":70,\"caption\":\"ZVLSLOVAKIA, a.s.\"},\"image\":{\"@id\":\"https:\\\/\\\/www.zvlslovakia.com\\\/fr\\\/#\\\/schema\\\/logo\\\/image\\\/\"}}]}<\/script>\n<!-- \/ Yoast SEO Premium plugin. -->","yoast_head_json":{"title":"Fabrication des roulements | ZVL SLOVAKIA","description":"Manufacturing of bearings Manufacturing of bearings is assured and ensured according to the related national and international dimensional and material","robots":{"index":"index","follow":"follow","max-snippet":"max-snippet:-1","max-image-preview":"max-image-preview:large","max-video-preview":"max-video-preview:-1"},"canonical":"https:\/\/www.zvlslovakia.com\/fr\/technical-specifications\/manufacturing-of-bearings\/","og_locale":"fr_FR","og_type":"article","og_title":"Fabrication des roulements","og_description":"Manufacturing of bearings Manufacturing of bearings is assured and ensured according to the related national and international dimensional and material","og_url":"https:\/\/www.zvlslovakia.com\/fr\/technical-specifications\/manufacturing-of-bearings\/","og_site_name":"ZVL SLOVAKIA","article_modified_time":"2022-06-27T05:18:49+00:00","twitter_card":"summary_large_image","twitter_misc":{"Dur\u00e9e de lecture estim\u00e9e":"2 minutes"},"schema":{"@context":"https:\/\/schema.org","@graph":[{"@type":"WebPage","@id":"https:\/\/www.zvlslovakia.com\/fr\/technical-specifications\/manufacturing-of-bearings\/","url":"https:\/\/www.zvlslovakia.com\/fr\/technical-specifications\/manufacturing-of-bearings\/","name":"Fabrication des roulements | ZVL SLOVAKIA","isPartOf":{"@id":"https:\/\/www.zvlslovakia.com\/fr\/#website"},"datePublished":"2022-04-20T09:20:18+00:00","dateModified":"2022-06-27T05:18:49+00:00","description":"Manufacturing of bearings Manufacturing of bearings is assured and ensured according to the related national and international dimensional and material","breadcrumb":{"@id":"https:\/\/www.zvlslovakia.com\/fr\/technical-specifications\/manufacturing-of-bearings\/#breadcrumb"},"inLanguage":"fr-FR","potentialAction":[{"@type":"ReadAction","target":[["https:\/\/www.zvlslovakia.com\/fr\/technical-specifications\/manufacturing-of-bearings\/"]]}]},{"@type":"BreadcrumbList","@id":"https:\/\/www.zvlslovakia.com\/fr\/technical-specifications\/manufacturing-of-bearings\/#breadcrumb","itemListElement":[{"@type":"ListItem","position":1,"name":"Home","item":"https:\/\/www.zvlslovakia.com\/fr\/"},{"@type":"ListItem","position":2,"name":"Technical specifications","item":"https:\/\/www.zvlslovakia.com\/fr\/technical-specifications\/"},{"@type":"ListItem","position":3,"name":"Manufacturing of bearings"}]},{"@type":"WebSite","@id":"https:\/\/www.zvlslovakia.com\/fr\/#website","url":"https:\/\/www.zvlslovakia.com\/fr\/","name":"ZVL SLOVAKIA","description":"Manufacturing and sale of bearings","publisher":{"@id":"https:\/\/www.zvlslovakia.com\/fr\/#organization"},"potentialAction":[{"@type":"SearchAction","target":{"@type":"EntryPoint","urlTemplate":"https:\/\/www.zvlslovakia.com\/fr\/?s={search_term_string}"},"query-input":{"@type":"PropertyValueSpecification","valueRequired":true,"valueName":"search_term_string"}}],"inLanguage":"fr-FR"},{"@type":"Organization","@id":"https:\/\/www.zvlslovakia.com\/fr\/#organization","name":"ZVLSLOVAKIA, a.s.","url":"https:\/\/www.zvlslovakia.com\/fr\/","logo":{"@type":"ImageObject","inLanguage":"fr-FR","@id":"https:\/\/www.zvlslovakia.com\/fr\/#\/schema\/logo\/image\/","url":"https:\/\/www.zvlslovakia.com\/wp-content\/uploads\/2021\/10\/ZVL-logo-2021-normal.png","contentUrl":"https:\/\/www.zvlslovakia.com\/wp-content\/uploads\/2021\/10\/ZVL-logo-2021-normal.png","width":250,"height":70,"caption":"ZVLSLOVAKIA, a.s."},"image":{"@id":"https:\/\/www.zvlslovakia.com\/fr\/#\/schema\/logo\/image\/"}}]}},"_links":{"self":[{"href":"https:\/\/www.zvlslovakia.com\/fr\/wp-json\/wp\/v2\/pages\/58881","targetHints":{"allow":["GET"]}}],"collection":[{"href":"https:\/\/www.zvlslovakia.com\/fr\/wp-json\/wp\/v2\/pages"}],"about":[{"href":"https:\/\/www.zvlslovakia.com\/fr\/wp-json\/wp\/v2\/types\/page"}],"author":[{"embeddable":true,"href":"https:\/\/www.zvlslovakia.com\/fr\/wp-json\/wp\/v2\/users\/1"}],"replies":[{"embeddable":true,"href":"https:\/\/www.zvlslovakia.com\/fr\/wp-json\/wp\/v2\/comments?post=58881"}],"version-history":[{"count":14,"href":"https:\/\/www.zvlslovakia.com\/fr\/wp-json\/wp\/v2\/pages\/58881\/revisions"}],"predecessor-version":[{"id":59374,"href":"https:\/\/www.zvlslovakia.com\/fr\/wp-json\/wp\/v2\/pages\/58881\/revisions\/59374"}],"up":[{"embeddable":true,"href":"https:\/\/www.zvlslovakia.com\/fr\/wp-json\/wp\/v2\/pages\/57491"}],"wp:attachment":[{"href":"https:\/\/www.zvlslovakia.com\/fr\/wp-json\/wp\/v2\/media?parent=58881"}],"curies":[{"name":"wp","href":"https:\/\/api.w.org\/{rel}","templated":true}]}}