{"id":58915,"date":"2022-04-20T12:04:11","date_gmt":"2022-04-20T10:04:11","guid":{"rendered":"https:\/\/en.renad.sk\/?page_id=58915"},"modified":"2023-03-10T15:55:46","modified_gmt":"2023-03-10T14:55:46","slug":"metrology-and-testing","status":"publish","type":"page","link":"https:\/\/www.zvlslovakia.com\/fr\/caracteristiques\/metrologie-et-certification\/","title":{"rendered":"M\u00e9trologie et certification"},"content":{"rendered":"<section class=\"wpb-content-wrapper\"><p>[vc_row][vc_column][vc_column_text]<\/p>\n<h3>M\u00e9trologie et certification<\/h3>\n<p><strong>Pour assurer la stabilit\u00e9 de la qualit\u00e9 de production et du contr\u00f4le de qualit\u00e9 des produits commercialis\u00e9s, la soci\u00e9t\u00e9 a cr\u00e9\u00e9 des laboratoires m\u00e9tallographiques et dimensionnelles d\u00b4essai ainsi que les laboratoires d\u00b4atelier du pr\u00e9l\u00e8vement de mesures r\u00e9alisant les mesures de haute pr\u00e9cision au sein desquelles nous r\u00e9alisons les activit\u00e9s suivantes:<\/strong><\/p>\n<ul>\n<li>assurer la conformit\u00e9 des appareils de mesure aux \u00e9talons nationaux de longueur et de rigidit\u00e9<\/li>\n<li>calibrage des \u00e9talons, appareils de mesure et des \u00e9quipements dans le proc\u00e9d\u00e9 de fabrication de production et du contr\u00f4le<\/li>\n<li>mesures exactes des longueurs, tailles, angles, rugosit\u00e9, circularit\u00e9, ondulation, plan\u00e9it\u00e9 et autres param\u00e8tres de la g\u00e9om\u00e9trie int\u00e9rieure des bagues de roulements, des rouleaux et d\u00b4autres composants des paliers<\/li>\n<li>proc\u00e9d\u00e9 de fabrication et le respect des normes technologiques et de contr\u00f4le sont sous surveillance constante \u2013 r\u00e9alisation des contr\u00f4les de mesures et l\u00b4\u00e9tablissement des proc\u00e8s-verbaux pour la pr\u00e9paration des \u00e9chantillons selon les sp\u00e9cifications des clients conform\u00e9ment aux normes VDA2 (PPF) et ISO 9000 (PPAP)<\/li>\n<li>\u00e9tablissement des documents de contr\u00f4les relatifs aux mati\u00e8res r\u00e9ceptionn\u00e9es, conform\u00e9ment \u00e0 la norme STN EN 10204:2005 et les exigences du client<\/li>\n<li>analyses de la composition chimique des mat\u00e9riaux, \u00e9valuation microscopique de la structure m\u00e9tallographique et de la micro-puret\u00e9 suite au traitement thermique, ainsi que de la rigidit\u00e9 des mati\u00e8res premi\u00e8res et des composants des roulements<\/li>\n<li>v\u00e9rification de la fonctionnalit\u00e9 des roulements par mesures du niveau de vibrations par les appareils les plus modernes tri-zonales IL 200 et IL 100<\/li>\n<li>tests de dur\u00e9e de vie des roulements (charge dynamique de basse, fr\u00e9quence limite de rotation, couple de frottement, fuite de lubrifiant) selon les besoins internes, ou demandes des clients<\/li>\n<li>assistance technique dans le domaine de m\u00e9trologie, pr\u00e9cision de mesures, m\u00e9tallographie, contr\u00f4les et analyses des probl\u00e8mes et d\u00e9fauts apparus sur produits lors d\u00b4utilisation.<\/li>\n<\/ul>\n<p>[\/vc_column_text][\/vc_column][\/vc_row][vc_row][vc_column][vc_empty_space height=\u00a0\u00bb25px\u00a0\u00bb][\/vc_column][\/vc_row][vc_row][vc_column][vc_column_text]<strong>Pour assurer la qualit\u00e9 durable et fiable de nos roulements, nous faisons appel, le cas \u00e9ch\u00e9ant, aux organismes externes, ind\u00e9pendants qui assurent la r\u00e9alisation des contr\u00f4les des mati\u00e8res premi\u00e8res et des composants et assurent la surveillance sur des proc\u00e9d\u00e9s de fabrication de nos sous-traitants.<\/strong>[\/vc_column_text][\/vc_column][\/vc_row][vc_row][vc_column][vc_column_text]<\/p>\n<h4>Nous utilisons les \u00e9quipements et les moyens de pr\u00e9l\u00e8vement des mesures des fabricants leaders mondiaux:<\/h4>\n<p><strong>AMETEK<\/strong> (Taylor Hobson Form Talysurf PGI820, Taylor Hobson TALYROND 73 Spectrocheck), <strong>MITUTOYO<\/strong> (conturoscope SVC3000, v\u00fd\u0161komer LH-600E), <strong>Neophot, Olympus, Mahr, STRUERS<\/strong> (N4C), <strong>Societ\u00e9 Genevoise<\/strong> (SIP420M), <strong>AQUASTYL<\/strong>(durom\u00e8tres et appareils de contr\u00f4le du niveau de vibrations des roulements IL100 a IL200R), <strong>Hangzhou BearingsTest and Research cente<\/strong>r (appareils de contr\u00f4le du niveau des vibrations des roulements BVT1, BVT5, BVT6 et BVT8 et postes d\u00b4essai de la dur\u00e9e de vie des roulements ABLT-2).[\/vc_column_text][\/vc_column][\/vc_row][vc_row][vc_column][vc_empty_space height=\u00a0\u00bb25px\u00a0\u00bb][\/vc_column][\/vc_row][vc_row][vc_column][vc_column_text]<\/p>\n<div class=\"shortcode-gallery dt-format-gallery gallery-col-3 galleryid-58915 dt-gallery-container shortcode-gallery-standard\" style=\"width: 100%;\"><a href=\"https:\/\/www.zvlslovakia.com\/wp-content\/uploads\/2022\/04\/metrologia-a-skusobnictvo-image-2.jpg\" class=\"rollover rollover-zoom dt-pswp-item layzr-bg\" title=\"ZVL Metrol\u00f3gia a sk\u00fa\u0161obn\u00edctvo\"  data-dt-img-description=\"\" data-large_image_width=\"1050\" data-large_image_height = \"625\"><img fetchpriority=\"high\" decoding=\"async\" src=\"data:image\/svg+xml,%3Csvg%20xmlns%3D&#39;http%3A%2F%2Fwww.w3.org%2F2000%2Fsvg&#39;%20viewBox%3D&#39;0%200%20300%20300&#39;%2F%3E\" data-src=\"https:\/\/www.zvlslovakia.com\/wp-content\/uploads\/2022\/04\/metrologia-a-skusobnictvo-image-2-300x300.jpg\" data-srcset=\"https:\/\/www.zvlslovakia.com\/wp-content\/uploads\/2022\/04\/metrologia-a-skusobnictvo-image-2-300x300.jpg 300w, https:\/\/www.zvlslovakia.com\/wp-content\/uploads\/2022\/04\/metrologia-a-skusobnictvo-image-2-600x600.jpg 600w\" loading=\"eager\" style=\"--ratio: 300 \/ 300\" sizes=\"(max-width: 300px) 100vw, 300px\" class=\"preload-me lazy-load aspect\" width=\"300\" height=\"300\"  alt=\"ZVL Metrol\u00f3gia a sk\u00fa\u0161obn\u00edctvo\" title=\"ZVL Metrol\u00f3gia a sk\u00fa\u0161obn\u00edctvo\" \/><\/a><a href=\"https:\/\/www.zvlslovakia.com\/wp-content\/uploads\/2022\/04\/metrologia-a-skusobnictvo-image-3.jpg\" class=\"rollover rollover-zoom dt-pswp-item layzr-bg\" title=\"ZVL Metrol\u00f3gia a sk\u00fa\u0161obn\u00edctvo\"  data-dt-img-description=\"\" data-large_image_width=\"650\" data-large_image_height = \"1000\"><img decoding=\"async\" src=\"data:image\/svg+xml,%3Csvg%20xmlns%3D&#39;http%3A%2F%2Fwww.w3.org%2F2000%2Fsvg&#39;%20viewBox%3D&#39;0%200%20300%20300&#39;%2F%3E\" data-src=\"https:\/\/www.zvlslovakia.com\/wp-content\/uploads\/2022\/04\/metrologia-a-skusobnictvo-image-3-300x300.jpg\" data-srcset=\"https:\/\/www.zvlslovakia.com\/wp-content\/uploads\/2022\/04\/metrologia-a-skusobnictvo-image-3-300x300.jpg 300w, https:\/\/www.zvlslovakia.com\/wp-content\/uploads\/2022\/04\/metrologia-a-skusobnictvo-image-3-600x600.jpg 600w\" loading=\"eager\" style=\"--ratio: 300 \/ 300\" sizes=\"(max-width: 300px) 100vw, 300px\" class=\"preload-me lazy-load aspect\" width=\"300\" height=\"300\"  alt=\"ZVL Metrol\u00f3gia a sk\u00fa\u0161obn\u00edctvo\" title=\"ZVL Metrol\u00f3gia a sk\u00fa\u0161obn\u00edctvo\" \/><\/a><a href=\"https:\/\/www.zvlslovakia.com\/wp-content\/uploads\/2022\/04\/metrologia-a-skusobnictvo-image-4.jpg\" class=\"rollover rollover-zoom dt-pswp-item layzr-bg\" title=\"ZVL Metrol\u00f3gia a sk\u00fa\u0161obn\u00edctvo\"  data-dt-img-description=\"\" data-large_image_width=\"1050\" data-large_image_height = \"625\"><img decoding=\"async\" src=\"data:image\/svg+xml,%3Csvg%20xmlns%3D&#39;http%3A%2F%2Fwww.w3.org%2F2000%2Fsvg&#39;%20viewBox%3D&#39;0%200%20300%20300&#39;%2F%3E\" data-src=\"https:\/\/www.zvlslovakia.com\/wp-content\/uploads\/2022\/04\/metrologia-a-skusobnictvo-image-4-300x300.jpg\" data-srcset=\"https:\/\/www.zvlslovakia.com\/wp-content\/uploads\/2022\/04\/metrologia-a-skusobnictvo-image-4-300x300.jpg 300w, https:\/\/www.zvlslovakia.com\/wp-content\/uploads\/2022\/04\/metrologia-a-skusobnictvo-image-4-600x600.jpg 600w\" loading=\"eager\" style=\"--ratio: 300 \/ 300\" sizes=\"(max-width: 300px) 100vw, 300px\" class=\"preload-me lazy-load aspect\" width=\"300\" height=\"300\"  alt=\"ZVL Metrol\u00f3gia a sk\u00fa\u0161obn\u00edctvo\" title=\"ZVL Metrol\u00f3gia a sk\u00fa\u0161obn\u00edctvo\" \/><\/a><a href=\"https:\/\/www.zvlslovakia.com\/wp-content\/uploads\/2022\/04\/metrologia-a-skusobnictvo-image-5.jpg\" class=\"rollover rollover-zoom dt-pswp-item layzr-bg\" title=\"ZVL Metrol\u00f3gia a sk\u00fa\u0161obn\u00edctvo\"  data-dt-img-description=\"\" data-large_image_width=\"650\" data-large_image_height = \"1000\"><img decoding=\"async\" src=\"data:image\/svg+xml,%3Csvg%20xmlns%3D&#39;http%3A%2F%2Fwww.w3.org%2F2000%2Fsvg&#39;%20viewBox%3D&#39;0%200%20300%20300&#39;%2F%3E\" data-src=\"https:\/\/www.zvlslovakia.com\/wp-content\/uploads\/2022\/04\/metrologia-a-skusobnictvo-image-5-300x300.jpg\" data-srcset=\"https:\/\/www.zvlslovakia.com\/wp-content\/uploads\/2022\/04\/metrologia-a-skusobnictvo-image-5-300x300.jpg 300w, https:\/\/www.zvlslovakia.com\/wp-content\/uploads\/2022\/04\/metrologia-a-skusobnictvo-image-5-600x600.jpg 600w\" loading=\"eager\" style=\"--ratio: 300 \/ 300\" sizes=\"(max-width: 300px) 100vw, 300px\" class=\"preload-me lazy-load aspect\" width=\"300\" height=\"300\"  alt=\"ZVL Metrol\u00f3gia a sk\u00fa\u0161obn\u00edctvo\" title=\"ZVL Metrol\u00f3gia a sk\u00fa\u0161obn\u00edctvo\" \/><\/a><a href=\"https:\/\/www.zvlslovakia.com\/wp-content\/uploads\/2022\/04\/metrologia-a-skusobnictvo-image-7.jpg\" class=\"rollover rollover-zoom dt-pswp-item layzr-bg\" title=\"ZVL Metrol\u00f3gia a sk\u00fa\u0161obn\u00edctvo\"  data-dt-img-description=\"\" data-large_image_width=\"570\" data-large_image_height = \"700\"><img decoding=\"async\" src=\"data:image\/svg+xml,%3Csvg%20xmlns%3D&#39;http%3A%2F%2Fwww.w3.org%2F2000%2Fsvg&#39;%20viewBox%3D&#39;0%200%20300%20300&#39;%2F%3E\" data-src=\"https:\/\/www.zvlslovakia.com\/wp-content\/uploads\/2022\/04\/metrologia-a-skusobnictvo-image-7-300x300.jpg\" data-srcset=\"https:\/\/www.zvlslovakia.com\/wp-content\/uploads\/2022\/04\/metrologia-a-skusobnictvo-image-7-300x300.jpg 300w, https:\/\/www.zvlslovakia.com\/wp-content\/uploads\/2022\/04\/metrologia-a-skusobnictvo-image-7-570x570.jpg 570w\" loading=\"eager\" style=\"--ratio: 300 \/ 300\" sizes=\"(max-width: 300px) 100vw, 300px\" class=\"preload-me lazy-load aspect\" width=\"300\" height=\"300\"  alt=\"ZVL Metrol\u00f3gia a sk\u00fa\u0161obn\u00edctvo\" title=\"ZVL Metrol\u00f3gia a sk\u00fa\u0161obn\u00edctvo\" \/><\/a><a href=\"https:\/\/www.zvlslovakia.com\/wp-content\/uploads\/2022\/04\/metrologia-a-skusobnictvo-image-12.jpg\" class=\"rollover rollover-zoom dt-pswp-item layzr-bg\" title=\"ZVL Metrol\u00f3gia a sk\u00fa\u0161obn\u00edctvo\"  data-dt-img-description=\"\" data-large_image_width=\"1200\" data-large_image_height = \"800\"><img decoding=\"async\" src=\"data:image\/svg+xml,%3Csvg%20xmlns%3D&#39;http%3A%2F%2Fwww.w3.org%2F2000%2Fsvg&#39;%20viewBox%3D&#39;0%200%20300%20300&#39;%2F%3E\" data-src=\"https:\/\/www.zvlslovakia.com\/wp-content\/uploads\/2022\/04\/metrologia-a-skusobnictvo-image-12-300x300.jpg\" data-srcset=\"https:\/\/www.zvlslovakia.com\/wp-content\/uploads\/2022\/04\/metrologia-a-skusobnictvo-image-12-300x300.jpg 300w, https:\/\/www.zvlslovakia.com\/wp-content\/uploads\/2022\/04\/metrologia-a-skusobnictvo-image-12-600x600.jpg 600w\" loading=\"eager\" style=\"--ratio: 300 \/ 300\" sizes=\"(max-width: 300px) 100vw, 300px\" class=\"preload-me lazy-load aspect\" width=\"300\" height=\"300\"  alt=\"ZVL Metrol\u00f3gia a sk\u00fa\u0161obn\u00edctvo\" title=\"ZVL Metrol\u00f3gia a sk\u00fa\u0161obn\u00edctvo\" \/><\/a><a href=\"https:\/\/www.zvlslovakia.com\/wp-content\/uploads\/2022\/04\/metrologia-a-skusobnictvo-image-13.jpg\" class=\"rollover rollover-zoom dt-pswp-item layzr-bg\" title=\"ZVL Metrol\u00f3gia a sk\u00fa\u0161obn\u00edctvo\"  data-dt-img-description=\"\" data-large_image_width=\"1200\" data-large_image_height = \"800\"><img decoding=\"async\" src=\"data:image\/svg+xml,%3Csvg%20xmlns%3D&#39;http%3A%2F%2Fwww.w3.org%2F2000%2Fsvg&#39;%20viewBox%3D&#39;0%200%20300%20300&#39;%2F%3E\" data-src=\"https:\/\/www.zvlslovakia.com\/wp-content\/uploads\/2022\/04\/metrologia-a-skusobnictvo-image-13-300x300.jpg\" data-srcset=\"https:\/\/www.zvlslovakia.com\/wp-content\/uploads\/2022\/04\/metrologia-a-skusobnictvo-image-13-300x300.jpg 300w, https:\/\/www.zvlslovakia.com\/wp-content\/uploads\/2022\/04\/metrologia-a-skusobnictvo-image-13-600x600.jpg 600w\" loading=\"eager\" style=\"--ratio: 300 \/ 300\" sizes=\"(max-width: 300px) 100vw, 300px\" class=\"preload-me lazy-load aspect\" width=\"300\" height=\"300\"  alt=\"ZVL Metrol\u00f3gia a sk\u00fa\u0161obn\u00edctvo\" title=\"ZVL Metrol\u00f3gia a sk\u00fa\u0161obn\u00edctvo\" \/><\/a><a href=\"https:\/\/www.zvlslovakia.com\/wp-content\/uploads\/2022\/04\/metrologia-a-skusobnictvo-image-14.jpg\" class=\"rollover rollover-zoom dt-pswp-item layzr-bg\" title=\"ZVL Metrol\u00f3gia a sk\u00fa\u0161obn\u00edctvo\"  data-dt-img-description=\"\" data-large_image_width=\"1200\" data-large_image_height = \"800\"><img decoding=\"async\" src=\"data:image\/svg+xml,%3Csvg%20xmlns%3D&#39;http%3A%2F%2Fwww.w3.org%2F2000%2Fsvg&#39;%20viewBox%3D&#39;0%200%20300%20300&#39;%2F%3E\" data-src=\"https:\/\/www.zvlslovakia.com\/wp-content\/uploads\/2022\/04\/metrologia-a-skusobnictvo-image-14-300x300.jpg\" data-srcset=\"https:\/\/www.zvlslovakia.com\/wp-content\/uploads\/2022\/04\/metrologia-a-skusobnictvo-image-14-300x300.jpg 300w, https:\/\/www.zvlslovakia.com\/wp-content\/uploads\/2022\/04\/metrologia-a-skusobnictvo-image-14-600x600.jpg 600w\" loading=\"eager\" style=\"--ratio: 300 \/ 300\" sizes=\"(max-width: 300px) 100vw, 300px\" class=\"preload-me lazy-load aspect\" width=\"300\" height=\"300\"  alt=\"ZVL Metrol\u00f3gia a sk\u00fa\u0161obn\u00edctvo\" title=\"ZVL Metrol\u00f3gia a sk\u00fa\u0161obn\u00edctvo\" \/><\/a><a href=\"https:\/\/www.zvlslovakia.com\/wp-content\/uploads\/2022\/04\/metrologia-a-skusobnictvo-image-15.jpg\" class=\"rollover rollover-zoom dt-pswp-item layzr-bg\" title=\"ZVL Metrol\u00f3gia a sk\u00fa\u0161obn\u00edctvo\"  data-dt-img-description=\"\" data-large_image_width=\"1200\" data-large_image_height = \"800\"><img decoding=\"async\" src=\"data:image\/svg+xml,%3Csvg%20xmlns%3D&#39;http%3A%2F%2Fwww.w3.org%2F2000%2Fsvg&#39;%20viewBox%3D&#39;0%200%20300%20300&#39;%2F%3E\" data-src=\"https:\/\/www.zvlslovakia.com\/wp-content\/uploads\/2022\/04\/metrologia-a-skusobnictvo-image-15-300x300.jpg\" data-srcset=\"https:\/\/www.zvlslovakia.com\/wp-content\/uploads\/2022\/04\/metrologia-a-skusobnictvo-image-15-300x300.jpg 300w, https:\/\/www.zvlslovakia.com\/wp-content\/uploads\/2022\/04\/metrologia-a-skusobnictvo-image-15-600x600.jpg 600w\" loading=\"eager\" style=\"--ratio: 300 \/ 300\" sizes=\"(max-width: 300px) 100vw, 300px\" class=\"preload-me lazy-load aspect\" width=\"300\" height=\"300\"  alt=\"ZVL Metrol\u00f3gia a sk\u00fa\u0161obn\u00edctvo\" title=\"ZVL Metrol\u00f3gia a sk\u00fa\u0161obn\u00edctvo\" \/><\/a><a href=\"https:\/\/www.zvlslovakia.com\/wp-content\/uploads\/2023\/03\/metrologia-a-skusobnictvo-image-20.jpg\" class=\"rollover rollover-zoom dt-pswp-item layzr-bg\" title=\"ZVL SLOVAKIA\"  data-dt-img-description=\"\" data-large_image_width=\"1278\" data-large_image_height = \"1100\"><img decoding=\"async\" src=\"data:image\/svg+xml,%3Csvg%20xmlns%3D&#39;http%3A%2F%2Fwww.w3.org%2F2000%2Fsvg&#39;%20viewBox%3D&#39;0%200%20300%20300&#39;%2F%3E\" data-src=\"https:\/\/www.zvlslovakia.com\/wp-content\/uploads\/2023\/03\/metrologia-a-skusobnictvo-image-20-300x300.jpg\" data-srcset=\"https:\/\/www.zvlslovakia.com\/wp-content\/uploads\/2023\/03\/metrologia-a-skusobnictvo-image-20-300x300.jpg 300w, https:\/\/www.zvlslovakia.com\/wp-content\/uploads\/2023\/03\/metrologia-a-skusobnictvo-image-20-600x600.jpg 600w\" loading=\"eager\" style=\"--ratio: 300 \/ 300\" sizes=\"(max-width: 300px) 100vw, 300px\" class=\"preload-me lazy-load aspect\" width=\"300\" height=\"300\"  alt=\"ZVL SLOVAKIA\" title=\"ZVL SLOVAKIA\" \/><\/a><\/div>\n<p>[\/vc_column_text][\/vc_column][\/vc_row]<\/p>\n<\/section>","protected":false},"excerpt":{"rendered":"<p>[vc_row][vc_column][vc_column_text] M\u00e9trologie et certification Pour assurer la stabilit\u00e9 de la qualit\u00e9 de production et du contr\u00f4le de qualit\u00e9 des produits commercialis\u00e9s, la soci\u00e9t\u00e9 a cr\u00e9\u00e9 des laboratoires m\u00e9tallographiques et dimensionnelles d\u00b4essai ainsi que les laboratoires d\u00b4atelier du pr\u00e9l\u00e8vement de mesures r\u00e9alisant les mesures de haute pr\u00e9cision au sein desquelles nous r\u00e9alisons les activit\u00e9s suivantes: assurer&hellip;<\/p>\n","protected":false},"author":1,"featured_media":0,"parent":57491,"menu_order":0,"comment_status":"closed","ping_status":"closed","template":"","meta":{"om_disable_all_campaigns":false,"_uf_show_specific_survey":0,"_uf_disable_surveys":false,"footnotes":"","_links_to":"","_links_to_target":""},"class_list":["post-58915","page","type-page","status-publish","hentry","description-off"],"aioseo_notices":[],"yoast_head":"<!-- This site is optimized with the Yoast SEO Premium plugin v18.3 (Yoast SEO v27.4) - https:\/\/yoast.com\/product\/yoast-seo-premium-wordpress\/ -->\n<title>M\u00e9trologie et certification | ZVL SLOVAKIA<\/title>\n<meta name=\"description\" content=\"Metrology and testing To ensure manufacturing the quality stability and the quality control of sold products, there are established necessary dimensional\" \/>\n<meta name=\"robots\" content=\"index, follow, max-snippet:-1, max-image-preview:large, max-video-preview:-1\" \/>\n<link rel=\"canonical\" href=\"https:\/\/www.zvlslovakia.com\/fr\/technical-specifications\/metrology-and-testing\/\" \/>\n<meta property=\"og:locale\" content=\"fr_FR\" \/>\n<meta property=\"og:type\" content=\"article\" \/>\n<meta property=\"og:title\" content=\"M\u00e9trologie et certification\" \/>\n<meta property=\"og:description\" content=\"Metrology and testing To ensure manufacturing the quality stability and the quality control of sold products, there are established necessary dimensional\" \/>\n<meta property=\"og:url\" content=\"https:\/\/www.zvlslovakia.com\/fr\/technical-specifications\/metrology-and-testing\/\" \/>\n<meta property=\"og:site_name\" content=\"ZVL SLOVAKIA\" \/>\n<meta property=\"article:modified_time\" content=\"2023-03-10T14:55:46+00:00\" \/>\n<meta property=\"og:image\" content=\"\" \/>\n<meta name=\"twitter:card\" content=\"summary_large_image\" \/>\n<meta name=\"twitter:label1\" content=\"Dur\u00e9e de lecture estim\u00e9e\" \/>\n\t<meta name=\"twitter:data1\" content=\"2 minutes\" \/>\n<script type=\"application\/ld+json\" class=\"yoast-schema-graph\">{\"@context\":\"https:\\\/\\\/schema.org\",\"@graph\":[{\"@type\":\"WebPage\",\"@id\":\"https:\\\/\\\/www.zvlslovakia.com\\\/fr\\\/technical-specifications\\\/metrology-and-testing\\\/\",\"url\":\"https:\\\/\\\/www.zvlslovakia.com\\\/fr\\\/technical-specifications\\\/metrology-and-testing\\\/\",\"name\":\"M\u00e9trologie et certification | ZVL SLOVAKIA\",\"isPartOf\":{\"@id\":\"https:\\\/\\\/www.zvlslovakia.com\\\/fr\\\/#website\"},\"datePublished\":\"2022-04-20T10:04:11+00:00\",\"dateModified\":\"2023-03-10T14:55:46+00:00\",\"description\":\"Metrology and testing To ensure manufacturing the quality stability and the quality control of sold products, there are established necessary dimensional\",\"breadcrumb\":{\"@id\":\"https:\\\/\\\/www.zvlslovakia.com\\\/fr\\\/technical-specifications\\\/metrology-and-testing\\\/#breadcrumb\"},\"inLanguage\":\"fr-FR\",\"potentialAction\":[{\"@type\":\"ReadAction\",\"target\":[[\"https:\\\/\\\/www.zvlslovakia.com\\\/fr\\\/technical-specifications\\\/metrology-and-testing\\\/\"]]}]},{\"@type\":\"BreadcrumbList\",\"@id\":\"https:\\\/\\\/www.zvlslovakia.com\\\/fr\\\/technical-specifications\\\/metrology-and-testing\\\/#breadcrumb\",\"itemListElement\":[{\"@type\":\"ListItem\",\"position\":1,\"name\":\"Home\",\"item\":\"https:\\\/\\\/www.zvlslovakia.com\\\/fr\\\/\"},{\"@type\":\"ListItem\",\"position\":2,\"name\":\"Technical specifications\",\"item\":\"https:\\\/\\\/www.zvlslovakia.com\\\/fr\\\/technical-specifications\\\/\"},{\"@type\":\"ListItem\",\"position\":3,\"name\":\"Metrology and testing\"}]},{\"@type\":\"WebSite\",\"@id\":\"https:\\\/\\\/www.zvlslovakia.com\\\/fr\\\/#website\",\"url\":\"https:\\\/\\\/www.zvlslovakia.com\\\/fr\\\/\",\"name\":\"ZVL SLOVAKIA\",\"description\":\"Manufacturing and sale of bearings\",\"publisher\":{\"@id\":\"https:\\\/\\\/www.zvlslovakia.com\\\/fr\\\/#organization\"},\"potentialAction\":[{\"@type\":\"SearchAction\",\"target\":{\"@type\":\"EntryPoint\",\"urlTemplate\":\"https:\\\/\\\/www.zvlslovakia.com\\\/fr\\\/?s={search_term_string}\"},\"query-input\":{\"@type\":\"PropertyValueSpecification\",\"valueRequired\":true,\"valueName\":\"search_term_string\"}}],\"inLanguage\":\"fr-FR\"},{\"@type\":\"Organization\",\"@id\":\"https:\\\/\\\/www.zvlslovakia.com\\\/fr\\\/#organization\",\"name\":\"ZVLSLOVAKIA, a.s.\",\"url\":\"https:\\\/\\\/www.zvlslovakia.com\\\/fr\\\/\",\"logo\":{\"@type\":\"ImageObject\",\"inLanguage\":\"fr-FR\",\"@id\":\"https:\\\/\\\/www.zvlslovakia.com\\\/fr\\\/#\\\/schema\\\/logo\\\/image\\\/\",\"url\":\"https:\\\/\\\/www.zvlslovakia.com\\\/wp-content\\\/uploads\\\/2021\\\/10\\\/ZVL-logo-2021-normal.png\",\"contentUrl\":\"https:\\\/\\\/www.zvlslovakia.com\\\/wp-content\\\/uploads\\\/2021\\\/10\\\/ZVL-logo-2021-normal.png\",\"width\":250,\"height\":70,\"caption\":\"ZVLSLOVAKIA, a.s.\"},\"image\":{\"@id\":\"https:\\\/\\\/www.zvlslovakia.com\\\/fr\\\/#\\\/schema\\\/logo\\\/image\\\/\"}}]}<\/script>\n<!-- \/ Yoast SEO Premium plugin. -->","yoast_head_json":{"title":"M\u00e9trologie et certification | ZVL SLOVAKIA","description":"Metrology and testing To ensure manufacturing the quality stability and the quality control of sold products, there are established necessary dimensional","robots":{"index":"index","follow":"follow","max-snippet":"max-snippet:-1","max-image-preview":"max-image-preview:large","max-video-preview":"max-video-preview:-1"},"canonical":"https:\/\/www.zvlslovakia.com\/fr\/technical-specifications\/metrology-and-testing\/","og_locale":"fr_FR","og_type":"article","og_title":"M\u00e9trologie et certification","og_description":"Metrology and testing To ensure manufacturing the quality stability and the quality control of sold products, there are established necessary dimensional","og_url":"https:\/\/www.zvlslovakia.com\/fr\/technical-specifications\/metrology-and-testing\/","og_site_name":"ZVL SLOVAKIA","article_modified_time":"2023-03-10T14:55:46+00:00","og_image":[{"url":"data:image\/svg+xml,%3Csvg%20xmlns%3D&#39;http%3A%2F%2Fwww.w3.org%2F2000%2Fsvg&#39;%20viewBox%3D&#39;0%200%20300%20300&#39;%2F%3E","type":"","width":"","height":""}],"twitter_card":"summary_large_image","twitter_misc":{"Dur\u00e9e de lecture estim\u00e9e":"2 minutes"},"schema":{"@context":"https:\/\/schema.org","@graph":[{"@type":"WebPage","@id":"https:\/\/www.zvlslovakia.com\/fr\/technical-specifications\/metrology-and-testing\/","url":"https:\/\/www.zvlslovakia.com\/fr\/technical-specifications\/metrology-and-testing\/","name":"M\u00e9trologie et certification | ZVL SLOVAKIA","isPartOf":{"@id":"https:\/\/www.zvlslovakia.com\/fr\/#website"},"datePublished":"2022-04-20T10:04:11+00:00","dateModified":"2023-03-10T14:55:46+00:00","description":"Metrology and testing To ensure manufacturing the quality stability and the quality control of sold products, there are established necessary dimensional","breadcrumb":{"@id":"https:\/\/www.zvlslovakia.com\/fr\/technical-specifications\/metrology-and-testing\/#breadcrumb"},"inLanguage":"fr-FR","potentialAction":[{"@type":"ReadAction","target":[["https:\/\/www.zvlslovakia.com\/fr\/technical-specifications\/metrology-and-testing\/"]]}]},{"@type":"BreadcrumbList","@id":"https:\/\/www.zvlslovakia.com\/fr\/technical-specifications\/metrology-and-testing\/#breadcrumb","itemListElement":[{"@type":"ListItem","position":1,"name":"Home","item":"https:\/\/www.zvlslovakia.com\/fr\/"},{"@type":"ListItem","position":2,"name":"Technical specifications","item":"https:\/\/www.zvlslovakia.com\/fr\/technical-specifications\/"},{"@type":"ListItem","position":3,"name":"Metrology and testing"}]},{"@type":"WebSite","@id":"https:\/\/www.zvlslovakia.com\/fr\/#website","url":"https:\/\/www.zvlslovakia.com\/fr\/","name":"ZVL SLOVAKIA","description":"Manufacturing and sale of bearings","publisher":{"@id":"https:\/\/www.zvlslovakia.com\/fr\/#organization"},"potentialAction":[{"@type":"SearchAction","target":{"@type":"EntryPoint","urlTemplate":"https:\/\/www.zvlslovakia.com\/fr\/?s={search_term_string}"},"query-input":{"@type":"PropertyValueSpecification","valueRequired":true,"valueName":"search_term_string"}}],"inLanguage":"fr-FR"},{"@type":"Organization","@id":"https:\/\/www.zvlslovakia.com\/fr\/#organization","name":"ZVLSLOVAKIA, a.s.","url":"https:\/\/www.zvlslovakia.com\/fr\/","logo":{"@type":"ImageObject","inLanguage":"fr-FR","@id":"https:\/\/www.zvlslovakia.com\/fr\/#\/schema\/logo\/image\/","url":"https:\/\/www.zvlslovakia.com\/wp-content\/uploads\/2021\/10\/ZVL-logo-2021-normal.png","contentUrl":"https:\/\/www.zvlslovakia.com\/wp-content\/uploads\/2021\/10\/ZVL-logo-2021-normal.png","width":250,"height":70,"caption":"ZVLSLOVAKIA, a.s."},"image":{"@id":"https:\/\/www.zvlslovakia.com\/fr\/#\/schema\/logo\/image\/"}}]}},"_links":{"self":[{"href":"https:\/\/www.zvlslovakia.com\/fr\/wp-json\/wp\/v2\/pages\/58915","targetHints":{"allow":["GET"]}}],"collection":[{"href":"https:\/\/www.zvlslovakia.com\/fr\/wp-json\/wp\/v2\/pages"}],"about":[{"href":"https:\/\/www.zvlslovakia.com\/fr\/wp-json\/wp\/v2\/types\/page"}],"author":[{"embeddable":true,"href":"https:\/\/www.zvlslovakia.com\/fr\/wp-json\/wp\/v2\/users\/1"}],"replies":[{"embeddable":true,"href":"https:\/\/www.zvlslovakia.com\/fr\/wp-json\/wp\/v2\/comments?post=58915"}],"version-history":[{"count":16,"href":"https:\/\/www.zvlslovakia.com\/fr\/wp-json\/wp\/v2\/pages\/58915\/revisions"}],"predecessor-version":[{"id":59512,"href":"https:\/\/www.zvlslovakia.com\/fr\/wp-json\/wp\/v2\/pages\/58915\/revisions\/59512"}],"up":[{"embeddable":true,"href":"https:\/\/www.zvlslovakia.com\/fr\/wp-json\/wp\/v2\/pages\/57491"}],"wp:attachment":[{"href":"https:\/\/www.zvlslovakia.com\/fr\/wp-json\/wp\/v2\/media?parent=58915"}],"curies":[{"name":"wp","href":"https:\/\/api.w.org\/{rel}","templated":true}]}}