{"id":58941,"date":"2022-04-20T12:46:14","date_gmt":"2022-04-20T10:46:14","guid":{"rendered":"https:\/\/en.renad.sk\/?page_id=58941"},"modified":"2026-01-25T13:40:16","modified_gmt":"2026-01-25T12:40:16","slug":"quality","status":"publish","type":"page","link":"https:\/\/www.zvlslovakia.com\/fr\/caracteristiques\/qualite\/","title":{"rendered":"Qualit\u00e9"},"content":{"rendered":"<section class=\"wpb-content-wrapper\"><p>[vc_row][vc_column][vc_single_image image=\u00a0\u00bb59345&Prime; img_size=\u00a0\u00bbfull\u00a0\u00bb alignment=\u00a0\u00bbcenter\u00a0\u00bb style=\u00a0\u00bbvc_box_border\u00a0\u00bb][\/vc_column][\/vc_row][vc_row][vc_column][vc_empty_space height=\u00a0\u00bb25px\u00a0\u00bb][\/vc_column][\/vc_row][vc_row][vc_column][vc_column_text]<\/p>\n<h3>Qualit\u00e9 de produits<\/h3>\n<p>La qualit\u00e9 des produits et des services offerts est un facteur d\u00e9cisif tant pour la r\u00e9alisation des objectifs strat\u00e9giques que pour la comp\u00e9titivit\u00e9 de la soci\u00e9t\u00e9. La soci\u00e9t\u00e9 doit r\u00e9pondre aux attentes et demandes des clients, doit avoir un planning efficace, \u00eatre dirig\u00e9e et am\u00e9lior\u00e9e en permanence dans toutes ses activit\u00e9s et proc\u00e9d\u00e9s, et int\u00e9gr\u00e9e \u00e0 tous les niveaux de la soci\u00e9t\u00e9.[\/vc_column_text][\/vc_column][\/vc_row][vc_row][vc_column][vc_empty_space height=\u00a0\u00bb25px\u00a0\u00bb][\/vc_column][\/vc_row][vc_row css=\u00a0\u00bb.vc_custom_1651581365994{padding-top: 20px !important;padding-right: 15px !important;padding-bottom: 20px !important;padding-left: 15px !important;background-color: #0056a1 !important;}\u00a0\u00bb][vc_column][vc_column_text]<\/p>\n<p style=\"text-align: center;\"><span style=\"color: #ffcc00;\"><strong>Notre priorit\u00e9 est de diriger les proc\u00e9d\u00e9s importants ainsi que la qualit\u00e9 eu \u00e9gard \u00e0 l\u00b4ex\u00e9cution du contr\u00f4le final des produits commercialis\u00e9s. Le syst\u00e8me de gestion de la qualit\u00e9 est certifi\u00e9 conform\u00e9ment aux standards internationaux ISO 9001.<\/strong><\/span><\/p>\n<p>[\/vc_column_text][\/vc_column][\/vc_row][vc_row][vc_column][vc_empty_space height=\u00a0\u00bb25px\u00a0\u00bb][\/vc_column][\/vc_row][vc_row][vc_column][vc_column_text]<strong>Pour pouvoir appliquer les principes pr\u00e9cit\u00e9s, ZVL SLOVAKIA, a.s. a d\u00e9termin\u00e9 une politique de qualit\u00e9 suivante:<\/strong><\/p>\n<ul>\n<li>am\u00e9liorer constamment la confiance et la satisfaction des clients par la qualit\u00e9 des produits fabriqu\u00e9s et commercialis\u00e9s et des services offerts<\/li>\n<li>perfectionner et am\u00e9liorer le syst\u00e8me de de gestion de la qualit\u00e9 mis en place en fonction des demandes actuelles des clients et des propres besoins<\/li>\n<li>d\u00e9velopper les relations et la coop\u00e9ration avec les fournisseurs dans le but d\u00b4augmentation de la comp\u00e9titivit\u00e9 de nos produits et des services offerts<\/li>\n<li>assurer l\u00b4efficacit\u00e9 du travail avec l\u00b4objectif d\u00b4augmentation de la prosp\u00e9rit\u00e9 de notre soci\u00e9t\u00e9 par une motivation efficace et par la croissance du niveau de leur qualification<\/li>\n<\/ul>\n<p>[\/vc_column_text][\/vc_column][\/vc_row][vc_row][vc_column][vc_empty_space height=\u00a0\u00bb25px\u00a0\u00bb][\/vc_column][\/vc_row][vc_row][vc_column width=\u00a0\u00bb1\/3&Prime;][vc_single_image image=\u00a0\u00bb58940&Prime; img_size=\u00a0\u00bbfull\u00a0\u00bb alignment=\u00a0\u00bbcenter\u00a0\u00bb style=\u00a0\u00bbvc_box_border\u00a0\u00bb][\/vc_column][vc_column width=\u00a0\u00bb1\/3&Prime;][vc_single_image image=\u00a0\u00bb58939&Prime; img_size=\u00a0\u00bbfull\u00a0\u00bb alignment=\u00a0\u00bbcenter\u00a0\u00bb style=\u00a0\u00bbvc_box_border\u00a0\u00bb][\/vc_column][vc_column width=\u00a0\u00bb1\/3&Prime;][vc_single_image image=\u00a0\u00bb58947&Prime; img_size=\u00a0\u00bbfull\u00a0\u00bb alignment=\u00a0\u00bbcenter\u00a0\u00bb style=\u00a0\u00bbvc_box_border\u00a0\u00bb][\/vc_column][\/vc_row][vc_row][vc_column][vc_empty_space height=\u00a0\u00bb35px\u00a0\u00bb][\/vc_column][\/vc_row][vc_row][vc_column width=\u00a0\u00bb1\/4&Prime;]<style type=\"text\/css\" data-type=\"the7_shortcodes-inline-css\">.shortcode-single-image-wrap.shortcode-single-image-38bdc0a72ffbee336aad6d2f8366f5a2.enable-bg-rollover .rollover i,\n.shortcode-single-image-wrap.shortcode-single-image-38bdc0a72ffbee336aad6d2f8366f5a2.enable-bg-rollover .rollover-video i {\n  background: rgba(0,0,0,0.5);\n  box-shadow: none;\n  background: -webkit-linear-gradient();\n  background: linear-gradient();\n}\n.shortcode-single-image-wrap.shortcode-single-image-38bdc0a72ffbee336aad6d2f8366f5a2 .rollover-icon {\n  font-size: 40px;\n  color: #ffffff;\n  min-width: 60px;\n  min-height: 60px;\n  line-height: 60px;\n  border-radius: 100px;\n  border-style: solid;\n  border-width: 0px;\n}\n.dt-icon-bg-on.shortcode-single-image-wrap.shortcode-single-image-38bdc0a72ffbee336aad6d2f8366f5a2 .rollover-icon {\n  background: rgba(255,255,255,0.3);\n  box-shadow: none;\n}\n<\/style><div class=\"shortcode-single-image-wrap shortcode-single-image-38bdc0a72ffbee336aad6d2f8366f5a2 alignnone  enable-bg-rollover dt-icon-bg-off quick-scale-img\" style=\"margin-top:0px; margin-bottom:0px; margin-left:0px; margin-right:0px; width:425px;\" data-pretty-share=\"facebook,twitter,pinterest,linkedin,whatsapp\"><div class=\"shortcode-single-image\"><div class=\"fancy-media-wrap\" style=\"\"><a href=\"https:\/\/www.zvlslovakia.sk\/download\/ISO-9001-EN.pdf\" class=\" layzr-bg rollover\" style=\"\" target=\"_blank\" rel=\"noopener\" aria-label=\"Image\"><img fetchpriority=\"high\" decoding=\"async\" class=\"preload-me lazy-load aspect\" src=\"data:image\/svg+xml,%3Csvg%20xmlns%3D&#39;http%3A%2F%2Fwww.w3.org%2F2000%2Fsvg&#39;%20viewBox%3D&#39;0%200%20425%20612&#39;%2F%3E\" data-src=\"https:\/\/www.zvlslovakia.com\/wp-content\/uploads\/2022\/06\/iso-9001-en.jpg\" data-srcset=\"https:\/\/www.zvlslovakia.com\/wp-content\/uploads\/2022\/06\/iso-9001-en.jpg 425w\" loading=\"eager\" style=\"--ratio: 425 \/ 612\" sizes=\"(max-width: 425px) 100vw, 425px\" width=\"425\" height=\"612\"  data-dt-location=\"https:\/\/www.zvlslovakia.com\/fr\/iso-9001-en\/\" alt=\"ISO 9001\" \/><span class=\"rollover-icon icomoon-the7-font-the7-plus-01\"><\/span><\/a><\/div><\/div><\/div>[vc_column_text css=\u00a0\u00bb.vc_custom_1656078777272{padding-top: 15px !important;padding-bottom: 15px !important;}\u00a0\u00bb]<\/p>\n<h4 style=\"text-align: center;\">Certificat ISO 9001<\/h4>\n<p>[\/vc_column_text][\/vc_column][vc_column width=\u00a0\u00bb1\/4&Prime;]<style type=\"text\/css\" data-type=\"the7_shortcodes-inline-css\">.shortcode-single-image-wrap.shortcode-single-image-3fcbcad3e2dae3ab9dbf74708811344b.enable-bg-rollover .rollover i,\n.shortcode-single-image-wrap.shortcode-single-image-3fcbcad3e2dae3ab9dbf74708811344b.enable-bg-rollover .rollover-video i {\n  background: rgba(0,0,0,0.5);\n  box-shadow: none;\n  background: -webkit-linear-gradient();\n  background: linear-gradient();\n}\n.shortcode-single-image-wrap.shortcode-single-image-3fcbcad3e2dae3ab9dbf74708811344b .rollover-icon {\n  font-size: 40px;\n  color: #ffffff;\n  min-width: 60px;\n  min-height: 60px;\n  line-height: 60px;\n  border-radius: 100px;\n  border-style: solid;\n  border-width: 0px;\n}\n.dt-icon-bg-on.shortcode-single-image-wrap.shortcode-single-image-3fcbcad3e2dae3ab9dbf74708811344b .rollover-icon {\n  background: rgba(255,255,255,0.3);\n  box-shadow: none;\n}\n<\/style><div class=\"shortcode-single-image-wrap shortcode-single-image-3fcbcad3e2dae3ab9dbf74708811344b alignnone  enable-bg-rollover dt-icon-bg-off quick-scale-img\" style=\"margin-top:0px; margin-bottom:0px; margin-left:0px; margin-right:0px; width:425px;\" data-pretty-share=\"facebook,twitter,pinterest,linkedin,whatsapp\"><div class=\"shortcode-single-image\"><div class=\"fancy-media-wrap\" style=\"\"><a href=\"https:\/\/www.zvlslovakia.sk\/download\/ISO-14001-EN.pdf\" class=\" layzr-bg rollover\" style=\"\" target=\"_blank\" rel=\"noopener\" aria-label=\"Image\"><img decoding=\"async\" class=\"preload-me lazy-load aspect\" src=\"data:image\/svg+xml,%3Csvg%20xmlns%3D&#39;http%3A%2F%2Fwww.w3.org%2F2000%2Fsvg&#39;%20viewBox%3D&#39;0%200%20425%20612&#39;%2F%3E\" data-src=\"https:\/\/www.zvlslovakia.com\/wp-content\/uploads\/2023\/02\/iso-14001-en-2023.jpg\" data-srcset=\"https:\/\/www.zvlslovakia.com\/wp-content\/uploads\/2023\/02\/iso-14001-en-2023.jpg 425w\" loading=\"eager\" style=\"--ratio: 425 \/ 612\" sizes=\"(max-width: 425px) 100vw, 425px\" width=\"425\" height=\"612\"  data-dt-location=\"https:\/\/www.zvlslovakia.com\/fr\/iso-14001-en-2023\/\" alt=\"ISO-14001\" \/><span class=\"rollover-icon icomoon-the7-font-the7-plus-01\"><\/span><\/a><\/div><\/div><\/div>[vc_column_text css=\u00a0\u00bb.vc_custom_1656078782831{padding-top: 15px !important;padding-bottom: 15px !important;}\u00a0\u00bb]<\/p>\n<h4 style=\"text-align: center;\">Certificat ISO 14001<\/h4>\n<p>[\/vc_column_text][\/vc_column][vc_column width=\u00a0\u00bb1\/4&Prime;]<style type=\"text\/css\" data-type=\"the7_shortcodes-inline-css\">.shortcode-single-image-wrap.shortcode-single-image-2098ba825653f502414e9f2edf3d13ed.enable-bg-rollover .rollover i,\n.shortcode-single-image-wrap.shortcode-single-image-2098ba825653f502414e9f2edf3d13ed.enable-bg-rollover .rollover-video i {\n  background: rgba(0,0,0,0.5);\n  box-shadow: none;\n  background: -webkit-linear-gradient();\n  background: linear-gradient();\n}\n.shortcode-single-image-wrap.shortcode-single-image-2098ba825653f502414e9f2edf3d13ed .rollover-icon {\n  font-size: 40px;\n  color: #ffffff;\n  min-width: 60px;\n  min-height: 60px;\n  line-height: 60px;\n  border-radius: 100px;\n  border-style: solid;\n  border-width: 0px;\n}\n.dt-icon-bg-on.shortcode-single-image-wrap.shortcode-single-image-2098ba825653f502414e9f2edf3d13ed .rollover-icon {\n  background: rgba(255,255,255,0.3);\n  box-shadow: none;\n}\n<\/style><div class=\"shortcode-single-image-wrap shortcode-single-image-2098ba825653f502414e9f2edf3d13ed alignnone  enable-bg-rollover dt-icon-bg-off quick-scale-img\" style=\"margin-top:0px; margin-bottom:0px; margin-left:0px; margin-right:0px; width:425px;\" data-pretty-share=\"facebook,twitter,pinterest,linkedin,whatsapp\"><div class=\"shortcode-single-image\"><div class=\"fancy-media-wrap\" style=\"\"><a href=\"https:\/\/www.zvlslovakia.sk\/download\/ISO-45001-EN.pdf\" class=\" layzr-bg rollover\" style=\"\" target=\"_blank\" rel=\"noopener\" aria-label=\"Image\"><img decoding=\"async\" class=\"preload-me lazy-load aspect\" src=\"data:image\/svg+xml,%3Csvg%20xmlns%3D&#39;http%3A%2F%2Fwww.w3.org%2F2000%2Fsvg&#39;%20viewBox%3D&#39;0%200%20425%20612&#39;%2F%3E\" data-src=\"https:\/\/www.zvlslovakia.com\/wp-content\/uploads\/2022\/06\/iso-45001-en.jpg\" data-srcset=\"https:\/\/www.zvlslovakia.com\/wp-content\/uploads\/2022\/06\/iso-45001-en.jpg 425w\" loading=\"eager\" style=\"--ratio: 425 \/ 612\" sizes=\"(max-width: 425px) 100vw, 425px\" width=\"425\" height=\"612\"  data-dt-location=\"https:\/\/www.zvlslovakia.com\/fr\/iso-45001-en\/\" alt=\"ISO 45001\" \/><span class=\"rollover-icon icomoon-the7-font-the7-plus-01\"><\/span><\/a><\/div><\/div><\/div>[vc_column_text css=\u00a0\u00bb.vc_custom_1656078788680{padding-top: 15px !important;padding-bottom: 15px !important;}\u00a0\u00bb]<\/p>\n<h4 style=\"text-align: center;\">Certificat ISO 45001<\/h4>\n<p>[\/vc_column_text][\/vc_column][vc_column width=\u00a0\u00bb1\/4&Prime;]<style type=\"text\/css\" data-type=\"the7_shortcodes-inline-css\">.shortcode-single-image-wrap.shortcode-single-image-cf001e1ea4923cb9ed9efd9ee03994f0.enable-bg-rollover .rollover i,\n.shortcode-single-image-wrap.shortcode-single-image-cf001e1ea4923cb9ed9efd9ee03994f0.enable-bg-rollover .rollover-video i {\n  background: rgba(0,0,0,0.5);\n  box-shadow: none;\n  background: -webkit-linear-gradient();\n  background: linear-gradient();\n}\n.shortcode-single-image-wrap.shortcode-single-image-cf001e1ea4923cb9ed9efd9ee03994f0 .rollover-icon {\n  font-size: 40px;\n  color: #ffffff;\n  min-width: 60px;\n  min-height: 60px;\n  line-height: 60px;\n  border-radius: 100px;\n  border-style: solid;\n  border-width: 0px;\n}\n.dt-icon-bg-on.shortcode-single-image-wrap.shortcode-single-image-cf001e1ea4923cb9ed9efd9ee03994f0 .rollover-icon {\n  background: rgba(255,255,255,0.3);\n  box-shadow: none;\n}\n<\/style><div class=\"shortcode-single-image-wrap shortcode-single-image-cf001e1ea4923cb9ed9efd9ee03994f0 alignnone  enable-bg-rollover dt-icon-bg-off quick-scale-img\" style=\"margin-top:0px; margin-bottom:0px; margin-left:0px; margin-right:0px; width:425px;\" data-pretty-share=\"facebook,twitter,pinterest,linkedin,whatsapp\"><div class=\"shortcode-single-image\"><div class=\"fancy-media-wrap\" style=\"\"><a href=\"https:\/\/www.zvlslovakia.sk\/download\/Declaration%20of%20Conformance.pdf\" class=\" layzr-bg rollover\" style=\"\" target=\"_blank\" rel=\"noopener\" aria-label=\"Image\"><img decoding=\"async\" class=\"preload-me lazy-load aspect\" src=\"data:image\/svg+xml,%3Csvg%20xmlns%3D&#39;http%3A%2F%2Fwww.w3.org%2F2000%2Fsvg&#39;%20viewBox%3D&#39;0%200%20425%20612&#39;%2F%3E\" data-src=\"https:\/\/www.zvlslovakia.com\/wp-content\/uploads\/2025\/05\/Declaration_of_conformance_2025-2-pdf-425x612.jpg\" data-srcset=\"https:\/\/www.zvlslovakia.com\/wp-content\/uploads\/2025\/05\/Declaration_of_conformance_2025-2-pdf-425x612.jpg 425w, https:\/\/www.zvlslovakia.com\/wp-content\/uploads\/2025\/05\/Declaration_of_conformance_2025-2-pdf-850x1224.jpg 850w\" loading=\"eager\" style=\"--ratio: 425 \/ 612\" sizes=\"(max-width: 425px) 100vw, 425px\" width=\"425\" height=\"612\"  data-dt-location=\"https:\/\/www.zvlslovakia.com\/fr\/caracteristiques\/qualite\/declaration_of_conformance_2025-3\/\" alt=\"\" \/><span class=\"rollover-icon icomoon-the7-font-the7-plus-01\"><\/span><\/a><\/div><\/div><\/div>[vc_column_text css=\u00a0\u00bb.vc_custom_1656078802736{padding-top: 15px !important;padding-bottom: 15px !important;}\u00a0\u00bb]<\/p>\n<h4 style=\"text-align: center;\">Liste des normes<\/h4>\n<p>[\/vc_column_text][\/vc_column][\/vc_row]<\/p>\n<\/section>","protected":false},"excerpt":{"rendered":"<p>[vc_row][vc_column][vc_single_image image=\u00a0\u00bb59345&Prime; img_size=\u00a0\u00bbfull\u00a0\u00bb alignment=\u00a0\u00bbcenter\u00a0\u00bb style=\u00a0\u00bbvc_box_border\u00a0\u00bb][\/vc_column][\/vc_row][vc_row][vc_column][vc_empty_space height=\u00a0\u00bb25px\u00a0\u00bb][\/vc_column][\/vc_row][vc_row][vc_column][vc_column_text] Qualit\u00e9 de produits La qualit\u00e9 des produits et des services offerts est un facteur d\u00e9cisif tant pour la r\u00e9alisation des objectifs strat\u00e9giques que pour la comp\u00e9titivit\u00e9 de la soci\u00e9t\u00e9. La soci\u00e9t\u00e9 doit r\u00e9pondre aux attentes et demandes des clients, doit avoir un planning efficace, \u00eatre dirig\u00e9e et am\u00e9lior\u00e9e en&hellip;<\/p>\n","protected":false},"author":1,"featured_media":0,"parent":57491,"menu_order":0,"comment_status":"closed","ping_status":"closed","template":"","meta":{"om_disable_all_campaigns":false,"_uf_show_specific_survey":0,"_uf_disable_surveys":false,"footnotes":"","_links_to":"","_links_to_target":""},"class_list":["post-58941","page","type-page","status-publish","hentry","description-off"],"aioseo_notices":[],"yoast_head":"<!-- This site is optimized with the Yoast SEO Premium plugin v18.3 (Yoast SEO v27.4) - https:\/\/yoast.com\/product\/yoast-seo-premium-wordpress\/ -->\n<title>Qualit\u00e9 | ZVL SLOVAKIA<\/title>\n<meta name=\"description\" content=\"Quality of products Quality of our products and services is the limiting factor for realizing strategic targets and business and the company\" \/>\n<meta name=\"robots\" content=\"index, follow, max-snippet:-1, max-image-preview:large, max-video-preview:-1\" \/>\n<link rel=\"canonical\" href=\"https:\/\/www.zvlslovakia.com\/fr\/technical-specifications\/quality\/\" \/>\n<meta property=\"og:locale\" content=\"fr_FR\" \/>\n<meta property=\"og:type\" content=\"article\" \/>\n<meta property=\"og:title\" content=\"Qualit\u00e9\" \/>\n<meta property=\"og:description\" content=\"Quality of products Quality of our products and services is the limiting factor for realizing strategic targets and business and the company\" \/>\n<meta property=\"og:url\" content=\"https:\/\/www.zvlslovakia.com\/fr\/technical-specifications\/quality\/\" \/>\n<meta property=\"og:site_name\" content=\"ZVL SLOVAKIA\" \/>\n<meta property=\"article:modified_time\" content=\"2026-01-25T12:40:16+00:00\" \/>\n<meta name=\"twitter:card\" content=\"summary_large_image\" \/>\n<meta name=\"twitter:label1\" content=\"Dur\u00e9e de lecture estim\u00e9e\" \/>\n\t<meta name=\"twitter:data1\" content=\"2 minutes\" \/>\n<script type=\"application\/ld+json\" class=\"yoast-schema-graph\">{\"@context\":\"https:\\\/\\\/schema.org\",\"@graph\":[{\"@type\":\"WebPage\",\"@id\":\"https:\\\/\\\/www.zvlslovakia.com\\\/fr\\\/technical-specifications\\\/quality\\\/\",\"url\":\"https:\\\/\\\/www.zvlslovakia.com\\\/fr\\\/technical-specifications\\\/quality\\\/\",\"name\":\"Qualit\u00e9 | ZVL SLOVAKIA\",\"isPartOf\":{\"@id\":\"https:\\\/\\\/www.zvlslovakia.com\\\/fr\\\/#website\"},\"datePublished\":\"2022-04-20T10:46:14+00:00\",\"dateModified\":\"2026-01-25T12:40:16+00:00\",\"description\":\"Quality of products Quality of our products and services is the limiting factor for realizing strategic targets and business and the company\",\"breadcrumb\":{\"@id\":\"https:\\\/\\\/www.zvlslovakia.com\\\/fr\\\/technical-specifications\\\/quality\\\/#breadcrumb\"},\"inLanguage\":\"fr-FR\",\"potentialAction\":[{\"@type\":\"ReadAction\",\"target\":[[\"https:\\\/\\\/www.zvlslovakia.com\\\/fr\\\/technical-specifications\\\/quality\\\/\"]]}]},{\"@type\":\"BreadcrumbList\",\"@id\":\"https:\\\/\\\/www.zvlslovakia.com\\\/fr\\\/technical-specifications\\\/quality\\\/#breadcrumb\",\"itemListElement\":[{\"@type\":\"ListItem\",\"position\":1,\"name\":\"Home\",\"item\":\"https:\\\/\\\/www.zvlslovakia.com\\\/fr\\\/\"},{\"@type\":\"ListItem\",\"position\":2,\"name\":\"Technical specifications\",\"item\":\"https:\\\/\\\/www.zvlslovakia.com\\\/fr\\\/technical-specifications\\\/\"},{\"@type\":\"ListItem\",\"position\":3,\"name\":\"Quality\"}]},{\"@type\":\"WebSite\",\"@id\":\"https:\\\/\\\/www.zvlslovakia.com\\\/fr\\\/#website\",\"url\":\"https:\\\/\\\/www.zvlslovakia.com\\\/fr\\\/\",\"name\":\"ZVL SLOVAKIA\",\"description\":\"Manufacturing and sale of bearings\",\"publisher\":{\"@id\":\"https:\\\/\\\/www.zvlslovakia.com\\\/fr\\\/#organization\"},\"potentialAction\":[{\"@type\":\"SearchAction\",\"target\":{\"@type\":\"EntryPoint\",\"urlTemplate\":\"https:\\\/\\\/www.zvlslovakia.com\\\/fr\\\/?s={search_term_string}\"},\"query-input\":{\"@type\":\"PropertyValueSpecification\",\"valueRequired\":true,\"valueName\":\"search_term_string\"}}],\"inLanguage\":\"fr-FR\"},{\"@type\":\"Organization\",\"@id\":\"https:\\\/\\\/www.zvlslovakia.com\\\/fr\\\/#organization\",\"name\":\"ZVLSLOVAKIA, a.s.\",\"url\":\"https:\\\/\\\/www.zvlslovakia.com\\\/fr\\\/\",\"logo\":{\"@type\":\"ImageObject\",\"inLanguage\":\"fr-FR\",\"@id\":\"https:\\\/\\\/www.zvlslovakia.com\\\/fr\\\/#\\\/schema\\\/logo\\\/image\\\/\",\"url\":\"https:\\\/\\\/www.zvlslovakia.com\\\/wp-content\\\/uploads\\\/2021\\\/10\\\/ZVL-logo-2021-normal.png\",\"contentUrl\":\"https:\\\/\\\/www.zvlslovakia.com\\\/wp-content\\\/uploads\\\/2021\\\/10\\\/ZVL-logo-2021-normal.png\",\"width\":250,\"height\":70,\"caption\":\"ZVLSLOVAKIA, a.s.\"},\"image\":{\"@id\":\"https:\\\/\\\/www.zvlslovakia.com\\\/fr\\\/#\\\/schema\\\/logo\\\/image\\\/\"}}]}<\/script>\n<!-- \/ Yoast SEO Premium plugin. -->","yoast_head_json":{"title":"Qualit\u00e9 | ZVL SLOVAKIA","description":"Quality of products Quality of our products and services is the limiting factor for realizing strategic targets and business and the company","robots":{"index":"index","follow":"follow","max-snippet":"max-snippet:-1","max-image-preview":"max-image-preview:large","max-video-preview":"max-video-preview:-1"},"canonical":"https:\/\/www.zvlslovakia.com\/fr\/technical-specifications\/quality\/","og_locale":"fr_FR","og_type":"article","og_title":"Qualit\u00e9","og_description":"Quality of products Quality of our products and services is the limiting factor for realizing strategic targets and business and the company","og_url":"https:\/\/www.zvlslovakia.com\/fr\/technical-specifications\/quality\/","og_site_name":"ZVL SLOVAKIA","article_modified_time":"2026-01-25T12:40:16+00:00","twitter_card":"summary_large_image","twitter_misc":{"Dur\u00e9e de lecture estim\u00e9e":"2 minutes"},"schema":{"@context":"https:\/\/schema.org","@graph":[{"@type":"WebPage","@id":"https:\/\/www.zvlslovakia.com\/fr\/technical-specifications\/quality\/","url":"https:\/\/www.zvlslovakia.com\/fr\/technical-specifications\/quality\/","name":"Qualit\u00e9 | ZVL SLOVAKIA","isPartOf":{"@id":"https:\/\/www.zvlslovakia.com\/fr\/#website"},"datePublished":"2022-04-20T10:46:14+00:00","dateModified":"2026-01-25T12:40:16+00:00","description":"Quality of products Quality of our products and services is the limiting factor for realizing strategic targets and business and the company","breadcrumb":{"@id":"https:\/\/www.zvlslovakia.com\/fr\/technical-specifications\/quality\/#breadcrumb"},"inLanguage":"fr-FR","potentialAction":[{"@type":"ReadAction","target":[["https:\/\/www.zvlslovakia.com\/fr\/technical-specifications\/quality\/"]]}]},{"@type":"BreadcrumbList","@id":"https:\/\/www.zvlslovakia.com\/fr\/technical-specifications\/quality\/#breadcrumb","itemListElement":[{"@type":"ListItem","position":1,"name":"Home","item":"https:\/\/www.zvlslovakia.com\/fr\/"},{"@type":"ListItem","position":2,"name":"Technical specifications","item":"https:\/\/www.zvlslovakia.com\/fr\/technical-specifications\/"},{"@type":"ListItem","position":3,"name":"Quality"}]},{"@type":"WebSite","@id":"https:\/\/www.zvlslovakia.com\/fr\/#website","url":"https:\/\/www.zvlslovakia.com\/fr\/","name":"ZVL SLOVAKIA","description":"Manufacturing and sale of bearings","publisher":{"@id":"https:\/\/www.zvlslovakia.com\/fr\/#organization"},"potentialAction":[{"@type":"SearchAction","target":{"@type":"EntryPoint","urlTemplate":"https:\/\/www.zvlslovakia.com\/fr\/?s={search_term_string}"},"query-input":{"@type":"PropertyValueSpecification","valueRequired":true,"valueName":"search_term_string"}}],"inLanguage":"fr-FR"},{"@type":"Organization","@id":"https:\/\/www.zvlslovakia.com\/fr\/#organization","name":"ZVLSLOVAKIA, a.s.","url":"https:\/\/www.zvlslovakia.com\/fr\/","logo":{"@type":"ImageObject","inLanguage":"fr-FR","@id":"https:\/\/www.zvlslovakia.com\/fr\/#\/schema\/logo\/image\/","url":"https:\/\/www.zvlslovakia.com\/wp-content\/uploads\/2021\/10\/ZVL-logo-2021-normal.png","contentUrl":"https:\/\/www.zvlslovakia.com\/wp-content\/uploads\/2021\/10\/ZVL-logo-2021-normal.png","width":250,"height":70,"caption":"ZVLSLOVAKIA, a.s."},"image":{"@id":"https:\/\/www.zvlslovakia.com\/fr\/#\/schema\/logo\/image\/"}}]}},"_links":{"self":[{"href":"https:\/\/www.zvlslovakia.com\/fr\/wp-json\/wp\/v2\/pages\/58941","targetHints":{"allow":["GET"]}}],"collection":[{"href":"https:\/\/www.zvlslovakia.com\/fr\/wp-json\/wp\/v2\/pages"}],"about":[{"href":"https:\/\/www.zvlslovakia.com\/fr\/wp-json\/wp\/v2\/types\/page"}],"author":[{"embeddable":true,"href":"https:\/\/www.zvlslovakia.com\/fr\/wp-json\/wp\/v2\/users\/1"}],"replies":[{"embeddable":true,"href":"https:\/\/www.zvlslovakia.com\/fr\/wp-json\/wp\/v2\/comments?post=58941"}],"version-history":[{"count":46,"href":"https:\/\/www.zvlslovakia.com\/fr\/wp-json\/wp\/v2\/pages\/58941\/revisions"}],"predecessor-version":[{"id":59818,"href":"https:\/\/www.zvlslovakia.com\/fr\/wp-json\/wp\/v2\/pages\/58941\/revisions\/59818"}],"up":[{"embeddable":true,"href":"https:\/\/www.zvlslovakia.com\/fr\/wp-json\/wp\/v2\/pages\/57491"}],"wp:attachment":[{"href":"https:\/\/www.zvlslovakia.com\/fr\/wp-json\/wp\/v2\/media?parent=58941"}],"curies":[{"name":"wp","href":"https:\/\/api.w.org\/{rel}","templated":true}]}}