{"id":58987,"date":"2022-04-20T19:27:13","date_gmt":"2022-04-20T17:27:13","guid":{"rendered":"https:\/\/en.renad.sk\/?page_id=58987"},"modified":"2022-06-28T09:57:56","modified_gmt":"2022-06-28T07:57:56","slug":"personal-data-protection","status":"publish","type":"page","link":"https:\/\/www.zvlslovakia.com\/fr\/personal-data-protection\/","title":{"rendered":"Protection des donn\u00e9es personnelles"},"content":{"rendered":"<section class=\"wpb-content-wrapper\"><p>[vc_row][vc_column][vc_column_text]<\/p>\n<h3>Personal Data Protection<\/h3>\n<h4>Information<\/h4>\n<p>By using our website, you are entrusting us with your personal data. You entrust us with your personal data also in connection with our mutual business cooperation. Here is which personal data we collect and the rules for the use.<\/p>\n<p><strong>Company ZVL SLOVAKIA, a.s., with its office at Na stanicu 22, 010 09 \u017dilina, Slovak Republic, I\u010cO: 31 635 164, registered in the Commercial Register of District Court \u017dilina, section: Sa, Insert Nr. 295 \/ L, collects the following personal data:<\/strong><\/p>\n<ul>\n<li>cookies,<\/li>\n<li>the personal data you provide in our \u201cContact Form\u201d and the \u201cSubscribe to Newsletter\u201d,<\/li>\n<li>personal data entrusted in connection with our mutual business cooperation.<\/li>\n<\/ul>\n<h4>How We Use Collected Personal Data<\/h4>\n<p><strong>Forms<\/strong><\/p>\n<p>The personal data you provide through our forms will be used exclusively for the purposes for which it was designated, namely:<\/p>\n<ul>\n<li>data from the \u201cContact Form\u201d for the sole purpose of contacting you,<\/li>\n<li>information from the \u201cSubscribe to Newsletter\u201d form for the purpose of sending our electronic newsletters with information from current events in our company \u2013 invitations to exhibitions, conferences, PR events, news about the product range, provided services, etc.<\/li>\n<\/ul>\n<p><strong>How to revoke consent<\/strong><\/p>\n<p>We process your personal data based on your consent, which you can revoke at any time via a link placed at the bottom of each newsletter or by sending it to the provider\u2019s address or by email: osobneudaje@zvlslovakia.sk<\/p>\n<p><strong>Cookies<\/strong><\/p>\n<p>Cookies are small text files that are stored in the browser\u2019s memory and contain information about visiting a website. These files are anonymous and contain data such as language, browser, and other settings when viewing a page. The cookies your browser sends to us are designed to analyze user behavior on our website and to improve and simplify its usability. We use Google Analytics for analysis. We use Google Remarketing for advertising purposes. Cookie usage time is 6 months.<\/p>\n<p><strong>Check and delete cookies<\/strong><\/p>\n<p>You can change the settings for using cookies within each Internet browser in the Settings section. By removing or blocking cookies, you will be able to visit our website, but some features may not work properly.<\/p>\n<h4>Business cooperation<\/h4>\n<p>The personal data you provide to us in our mutual business cooperation or in our mutual contacts prior to commencement of business cooperation, including the name, surname, e-mail address, will also be used for the purpose of sending the above newsletters. We process these personal data based on a legitimate interest in direct marketing. You can cancel newsletters at any time via a link located at the bottom of each newsletter. We will keep your personal information for this purpose until you cancel your newsletters.<br \/>\nYou may object to the processing of personal data at the provider\u2019s address or by mailing: <a href=\"mailto:osobneudaje@zvlslovakia.sk\">osobneudaje@zvlslovakia.sk<\/a>.<\/p>\n<h4>Rights of the person concerned<\/h4>\n<p>Any person who provided us with personal data (the person concerned) has the right to request access to his\/her personal data and the right to correct or delete or restrict the processing, the right to object the processing, the right to data portability and the right to file a complaint to the supervisory authority, which is the Office for the Personal Data Protection of the Slovak Republic.<\/p>\n<p><strong>Provider contact details<\/strong><\/p>\n<p>ZVL SLOVAKIA, a.s.<br \/>\nAddress: ZVL SLOVAKIA, a.s. \u2022 Na stanicu 22 \u2022 010 09 \u017dilina \u2022 Slovak Republic<br \/>\nWeb site: www.zvlslovakia.sk<br \/>\nMail Address: <a href=\"mailto:osobneudaje@zvlslovakia.sk\">osobneudaje@zvlslovakia.sk<\/a><\/p>\n<p>[\/vc_column_text][\/vc_column][\/vc_row]<\/p>\n<\/section>","protected":false},"excerpt":{"rendered":"<p>[vc_row][vc_column][vc_column_text] Personal Data Protection Information By using our website, you are entrusting us with your personal data. You entrust us with your personal data also in connection with our mutual business cooperation. Here is which personal data we collect and the rules for the use. Company ZVL SLOVAKIA, a.s., with its office at Na stanicu&hellip;<\/p>\n","protected":false},"author":1,"featured_media":0,"parent":0,"menu_order":0,"comment_status":"closed","ping_status":"closed","template":"","meta":{"om_disable_all_campaigns":false,"_uf_show_specific_survey":0,"_uf_disable_surveys":false,"footnotes":"","_links_to":"","_links_to_target":""},"class_list":["post-58987","page","type-page","status-publish","hentry","description-off"],"aioseo_notices":[],"yoast_head":"<!-- This site is optimized with the Yoast SEO Premium plugin v18.3 (Yoast SEO v27.4) - https:\/\/yoast.com\/product\/yoast-seo-premium-wordpress\/ -->\n<title>Protection des donn\u00e9es personnelles | ZVL SLOVAKIA<\/title>\n<meta name=\"description\" content=\"Personal Data Protection Information By using our website, you are entrusting us with your personal data. You entrust us with your personal data also in\" \/>\n<meta name=\"robots\" content=\"index, follow, max-snippet:-1, max-image-preview:large, max-video-preview:-1\" \/>\n<link rel=\"canonical\" href=\"https:\/\/www.zvlslovakia.com\/fr\/personal-data-protection\/\" \/>\n<meta property=\"og:locale\" content=\"fr_FR\" \/>\n<meta property=\"og:type\" content=\"article\" \/>\n<meta property=\"og:title\" content=\"Protection des donn\u00e9es personnelles\" \/>\n<meta property=\"og:description\" content=\"Personal Data Protection Information By using our website, you are entrusting us with your personal data. You entrust us with your personal data also in\" \/>\n<meta property=\"og:url\" content=\"https:\/\/www.zvlslovakia.com\/fr\/personal-data-protection\/\" \/>\n<meta property=\"og:site_name\" content=\"ZVL SLOVAKIA\" \/>\n<meta property=\"article:modified_time\" content=\"2022-06-28T07:57:56+00:00\" \/>\n<meta name=\"twitter:card\" content=\"summary_large_image\" \/>\n<meta name=\"twitter:label1\" content=\"Dur\u00e9e de lecture estim\u00e9e\" \/>\n\t<meta name=\"twitter:data1\" content=\"3 minutes\" \/>\n<script type=\"application\/ld+json\" class=\"yoast-schema-graph\">{\"@context\":\"https:\\\/\\\/schema.org\",\"@graph\":[{\"@type\":\"WebPage\",\"@id\":\"https:\\\/\\\/www.zvlslovakia.com\\\/fr\\\/personal-data-protection\\\/\",\"url\":\"https:\\\/\\\/www.zvlslovakia.com\\\/fr\\\/personal-data-protection\\\/\",\"name\":\"Protection des donn\u00e9es personnelles | ZVL SLOVAKIA\",\"isPartOf\":{\"@id\":\"https:\\\/\\\/www.zvlslovakia.com\\\/fr\\\/#website\"},\"datePublished\":\"2022-04-20T17:27:13+00:00\",\"dateModified\":\"2022-06-28T07:57:56+00:00\",\"description\":\"Personal Data Protection Information By using our website, you are entrusting us with your personal data. You entrust us with your personal data also in\",\"breadcrumb\":{\"@id\":\"https:\\\/\\\/www.zvlslovakia.com\\\/fr\\\/personal-data-protection\\\/#breadcrumb\"},\"inLanguage\":\"fr-FR\",\"potentialAction\":[{\"@type\":\"ReadAction\",\"target\":[[\"https:\\\/\\\/www.zvlslovakia.com\\\/fr\\\/personal-data-protection\\\/\"]]}]},{\"@type\":\"BreadcrumbList\",\"@id\":\"https:\\\/\\\/www.zvlslovakia.com\\\/fr\\\/personal-data-protection\\\/#breadcrumb\",\"itemListElement\":[{\"@type\":\"ListItem\",\"position\":1,\"name\":\"Home\",\"item\":\"https:\\\/\\\/www.zvlslovakia.com\\\/fr\\\/\"},{\"@type\":\"ListItem\",\"position\":2,\"name\":\"Personal Data Protection\"}]},{\"@type\":\"WebSite\",\"@id\":\"https:\\\/\\\/www.zvlslovakia.com\\\/fr\\\/#website\",\"url\":\"https:\\\/\\\/www.zvlslovakia.com\\\/fr\\\/\",\"name\":\"ZVL SLOVAKIA\",\"description\":\"Manufacturing and sale of bearings\",\"publisher\":{\"@id\":\"https:\\\/\\\/www.zvlslovakia.com\\\/fr\\\/#organization\"},\"potentialAction\":[{\"@type\":\"SearchAction\",\"target\":{\"@type\":\"EntryPoint\",\"urlTemplate\":\"https:\\\/\\\/www.zvlslovakia.com\\\/fr\\\/?s={search_term_string}\"},\"query-input\":{\"@type\":\"PropertyValueSpecification\",\"valueRequired\":true,\"valueName\":\"search_term_string\"}}],\"inLanguage\":\"fr-FR\"},{\"@type\":\"Organization\",\"@id\":\"https:\\\/\\\/www.zvlslovakia.com\\\/fr\\\/#organization\",\"name\":\"ZVLSLOVAKIA, a.s.\",\"url\":\"https:\\\/\\\/www.zvlslovakia.com\\\/fr\\\/\",\"logo\":{\"@type\":\"ImageObject\",\"inLanguage\":\"fr-FR\",\"@id\":\"https:\\\/\\\/www.zvlslovakia.com\\\/fr\\\/#\\\/schema\\\/logo\\\/image\\\/\",\"url\":\"https:\\\/\\\/www.zvlslovakia.com\\\/wp-content\\\/uploads\\\/2021\\\/10\\\/ZVL-logo-2021-normal.png\",\"contentUrl\":\"https:\\\/\\\/www.zvlslovakia.com\\\/wp-content\\\/uploads\\\/2021\\\/10\\\/ZVL-logo-2021-normal.png\",\"width\":250,\"height\":70,\"caption\":\"ZVLSLOVAKIA, a.s.\"},\"image\":{\"@id\":\"https:\\\/\\\/www.zvlslovakia.com\\\/fr\\\/#\\\/schema\\\/logo\\\/image\\\/\"}}]}<\/script>\n<!-- \/ Yoast SEO Premium plugin. -->","yoast_head_json":{"title":"Protection des donn\u00e9es personnelles | ZVL SLOVAKIA","description":"Personal Data Protection Information By using our website, you are entrusting us with your personal data. You entrust us with your personal data also in","robots":{"index":"index","follow":"follow","max-snippet":"max-snippet:-1","max-image-preview":"max-image-preview:large","max-video-preview":"max-video-preview:-1"},"canonical":"https:\/\/www.zvlslovakia.com\/fr\/personal-data-protection\/","og_locale":"fr_FR","og_type":"article","og_title":"Protection des donn\u00e9es personnelles","og_description":"Personal Data Protection Information By using our website, you are entrusting us with your personal data. You entrust us with your personal data also in","og_url":"https:\/\/www.zvlslovakia.com\/fr\/personal-data-protection\/","og_site_name":"ZVL SLOVAKIA","article_modified_time":"2022-06-28T07:57:56+00:00","twitter_card":"summary_large_image","twitter_misc":{"Dur\u00e9e de lecture estim\u00e9e":"3 minutes"},"schema":{"@context":"https:\/\/schema.org","@graph":[{"@type":"WebPage","@id":"https:\/\/www.zvlslovakia.com\/fr\/personal-data-protection\/","url":"https:\/\/www.zvlslovakia.com\/fr\/personal-data-protection\/","name":"Protection des donn\u00e9es personnelles | ZVL SLOVAKIA","isPartOf":{"@id":"https:\/\/www.zvlslovakia.com\/fr\/#website"},"datePublished":"2022-04-20T17:27:13+00:00","dateModified":"2022-06-28T07:57:56+00:00","description":"Personal Data Protection Information By using our website, you are entrusting us with your personal data. You entrust us with your personal data also in","breadcrumb":{"@id":"https:\/\/www.zvlslovakia.com\/fr\/personal-data-protection\/#breadcrumb"},"inLanguage":"fr-FR","potentialAction":[{"@type":"ReadAction","target":[["https:\/\/www.zvlslovakia.com\/fr\/personal-data-protection\/"]]}]},{"@type":"BreadcrumbList","@id":"https:\/\/www.zvlslovakia.com\/fr\/personal-data-protection\/#breadcrumb","itemListElement":[{"@type":"ListItem","position":1,"name":"Home","item":"https:\/\/www.zvlslovakia.com\/fr\/"},{"@type":"ListItem","position":2,"name":"Personal Data Protection"}]},{"@type":"WebSite","@id":"https:\/\/www.zvlslovakia.com\/fr\/#website","url":"https:\/\/www.zvlslovakia.com\/fr\/","name":"ZVL SLOVAKIA","description":"Manufacturing and sale of bearings","publisher":{"@id":"https:\/\/www.zvlslovakia.com\/fr\/#organization"},"potentialAction":[{"@type":"SearchAction","target":{"@type":"EntryPoint","urlTemplate":"https:\/\/www.zvlslovakia.com\/fr\/?s={search_term_string}"},"query-input":{"@type":"PropertyValueSpecification","valueRequired":true,"valueName":"search_term_string"}}],"inLanguage":"fr-FR"},{"@type":"Organization","@id":"https:\/\/www.zvlslovakia.com\/fr\/#organization","name":"ZVLSLOVAKIA, a.s.","url":"https:\/\/www.zvlslovakia.com\/fr\/","logo":{"@type":"ImageObject","inLanguage":"fr-FR","@id":"https:\/\/www.zvlslovakia.com\/fr\/#\/schema\/logo\/image\/","url":"https:\/\/www.zvlslovakia.com\/wp-content\/uploads\/2021\/10\/ZVL-logo-2021-normal.png","contentUrl":"https:\/\/www.zvlslovakia.com\/wp-content\/uploads\/2021\/10\/ZVL-logo-2021-normal.png","width":250,"height":70,"caption":"ZVLSLOVAKIA, a.s."},"image":{"@id":"https:\/\/www.zvlslovakia.com\/fr\/#\/schema\/logo\/image\/"}}]}},"_links":{"self":[{"href":"https:\/\/www.zvlslovakia.com\/fr\/wp-json\/wp\/v2\/pages\/58987","targetHints":{"allow":["GET"]}}],"collection":[{"href":"https:\/\/www.zvlslovakia.com\/fr\/wp-json\/wp\/v2\/pages"}],"about":[{"href":"https:\/\/www.zvlslovakia.com\/fr\/wp-json\/wp\/v2\/types\/page"}],"author":[{"embeddable":true,"href":"https:\/\/www.zvlslovakia.com\/fr\/wp-json\/wp\/v2\/users\/1"}],"replies":[{"embeddable":true,"href":"https:\/\/www.zvlslovakia.com\/fr\/wp-json\/wp\/v2\/comments?post=58987"}],"version-history":[{"count":10,"href":"https:\/\/www.zvlslovakia.com\/fr\/wp-json\/wp\/v2\/pages\/58987\/revisions"}],"predecessor-version":[{"id":59411,"href":"https:\/\/www.zvlslovakia.com\/fr\/wp-json\/wp\/v2\/pages\/58987\/revisions\/59411"}],"wp:attachment":[{"href":"https:\/\/www.zvlslovakia.com\/fr\/wp-json\/wp\/v2\/media?parent=58987"}],"curies":[{"name":"wp","href":"https:\/\/api.w.org\/{rel}","templated":true}]}}